{"id":19017,"date":"2025-07-25T10:59:18","date_gmt":"2025-07-25T10:59:18","guid":{"rendered":"https:\/\/boreait.com\/hr\/?post_type=product&#038;p=19017"},"modified":"2025-07-25T11:00:45","modified_gmt":"2025-07-25T11:00:45","slug":"dell-inspiron-n7010-zvucnik-subwoofer-0v90rm","status":"publish","type":"product","link":"https:\/\/boreait.com\/hr\/product\/dell-inspiron-n7010-zvucnik-subwoofer-0v90rm\/","title":{"rendered":"Dell Inspiron N7010 zvu\u010dnik subwoofer 0V90RM"},"content":{"rendered":"<p>Nadogradite audio performanse prijenosnog ra\u010dunala Dell Inspiron N7010 s originalnim subwoofer zvu\u010dnikom 0V90RM. Ako vam je nedostajao bogat i dubok bas u glazbi i filmovima, ovaj zamjenski zvu\u010dnik savr\u0161eno je rje\u0161enje za vra\u0107anje impresivnog audio iskustva za kojim \u017eudite.<\/p>\n<p>Subwoofer 0V90RM posebno je dizajniran da pristaje i besprijekorno funkcionira s modelom Dell Inspiron N7010. Njegova kompatibilnost osigurava besprijekoran rad s audio sustavom va\u0161eg prijenosnog ra\u010dunala, isporu\u010duju\u0107i sna\u017ean niskofrekventni zvuk za kinematografskije i zanimljivije iskustvo zabave.<\/p>\n<p>Instalacija subwoofera 0V90RM jednostavna je i ne zahtijeva napredne tehni\u010dke vje\u0161tine. Ulaganje u originalni Dell zamjenski dio jam\u010di dugotrajne performanse i pouzdanost. Naknadni zvu\u010dnici mo\u017eda ne\u0107e pru\u017eiti istu razinu kvalitete zvuka ili trajnosti i mogu dovesti do problema s kompatibilno\u0161\u0107u ili preranog kvara.<\/p>\n<p>S subwooferom 0V90RM mo\u017eete u\u017eivati u pobolj\u0161anom basu i impresivnijem audio iskustvu na prijenosnom ra\u010dunalu Dell Inspiron N7010. Bilo da gledate akcijske filmove, igrate igrice ili slu\u0161ate glazbu, ovaj \u0107e subwoofer visoke kvalitete podi\u0107i va\u0161u zabavu na novu razinu.<\/p>\n<p>Nemojte se zadovoljiti ravnim i bledim zvukom. Zamijenite svoj istro\u0161eni ili o\u0161te\u0107eni subwoofer originalnim zvu\u010dnikom Dell 0V90RM i ponovno otkrijte dubok i sna\u017ean bas koji vam je nedostajao. Pretvorite svoje prijenosno ra\u010dunalo u prijenosnu elektranu za zabavu i u\u017eivajte u bogatom, kinematografskom zvuku gdje god idete.<\/p>\n","protected":false},"excerpt":{"rendered":"<p>Pobolj\u0161ajte kvalitetu basa i zvuka svog prijenosnog ra\u010dunala Dell Inspiron N7010 s originalnim subwoofer zvu\u010dnikom 0V90RM. Ovaj visokokvalitetni zamjenski dio osigurava u\u017eivanje u dubokom i mo\u0107nom zvuku, podi\u017eu\u0107i va\u0161e iskustvo zabave na vi\u0161u razinu.<\/p>\n","protected":false},"featured_media":19077,"template":"","meta":[],"product_brand":[],"product_cat":[53],"product_tag":[52],"class_list":{"0":"post-19017","1":"product","2":"type-product","3":"status-publish","4":"has-post-thumbnail","6":"product_cat-laptop-speakers","7":"product_tag-dell","9":"first","10":"instock","11":"taxable","12":"shipping-taxable","13":"purchasable","14":"product-type-simple"},"_links":{"self":[{"href":"https:\/\/boreait.com\/hr\/wp-json\/wp\/v2\/product\/19017","targetHints":{"allow":["GET"]}}],"collection":[{"href":"https:\/\/boreait.com\/hr\/wp-json\/wp\/v2\/product"}],"about":[{"href":"https:\/\/boreait.com\/hr\/wp-json\/wp\/v2\/types\/product"}],"wp:featuredmedia":[{"embeddable":true,"href":"https:\/\/boreait.com\/hr\/wp-json\/wp\/v2\/media\/19077"}],"wp:attachment":[{"href":"https:\/\/boreait.com\/hr\/wp-json\/wp\/v2\/media?parent=19017"}],"wp:term":[{"taxonomy":"product_brand","embeddable":true,"href":"https:\/\/boreait.com\/hr\/wp-json\/wp\/v2\/product_brand?post=19017"},{"taxonomy":"product_cat","embeddable":true,"href":"https:\/\/boreait.com\/hr\/wp-json\/wp\/v2\/product_cat?post=19017"},{"taxonomy":"product_tag","embeddable":true,"href":"https:\/\/boreait.com\/hr\/wp-json\/wp\/v2\/product_tag?post=19017"}],"curies":[{"name":"wp","href":"https:\/\/api.w.org\/{rel}","templated":true}]}}