{"id":19014,"date":"2025-07-25T10:59:18","date_gmt":"2025-07-25T10:59:18","guid":{"rendered":"https:\/\/boreait.com\/hr\/?post_type=product&#038;p=19014"},"modified":"2026-01-09T09:18:52","modified_gmt":"2026-01-09T09:18:52","slug":"originalni-dell-latitude-e7450-sata-konektorska-ploca-tvrdog-diska-2n4j0-02n4j0","status":"publish","type":"product","link":"https:\/\/boreait.com\/hr\/product\/originalni-dell-latitude-e7450-sata-konektorska-ploca-tvrdog-diska-2n4j0-02n4j0\/","title":{"rendered":"ORIGINALNI DELL LATITUDE E7450 SATA KONEKTORSKA PLO\u010cA TVRDOG DISKA 2N4J0 02N4J0"},"content":{"rendered":"<p>Plo\u010da s konektorom SATA tvrdog diska bitna je komponenta koja va\u0161em prijenosnom ra\u010dunalu omogu\u0107uje komunikaciju s tvrdim diskom, omogu\u0107uju\u0107i prijenos i pohranu podataka. Tijekom vremena, konektori se mogu istro\u0161iti ili o\u0161tetiti, \u0161to dovodi do problema s prijenosom podataka ili \u010dak potpunog kvara tvrdog diska. Nemojte kompromitirati performanse i riskirati gubitak svojih dragocjenih podataka \u2013 zamijenite svoju staru plo\u010du s konektorima s originalnim Dell 2N4J0 (02N4J0) i u\u017eivajte u bezbri\u017enosti koja dolazi s pouzdanim rje\u0161enjima za pohranu.<\/p>\n<p> Dizajnirana i proizvedena od strane Dell-a, ova konektorska plo\u010da SATA tvrdog diska je autenti\u010dni OEM dio, osiguravaju\u0107i najvi\u0161u razinu kompatibilnosti i performansi za va\u0161e prijenosno ra\u010dunalo Latitude E7450. S modelom 2N4J0 (02N4J0) mo\u017eete biti sigurni da \u0107e savr\u0161eno pristajati i besprijekorno raditi s hardverom va\u0161eg prijenosnog ra\u010dunala.<\/p>\n<p>Instalacija je laka, \u010dak i za one bez opse\u017enog tehni\u010dkog znanja. Jednostavno uklonite staru konektorsku plo\u010du i zamijenite je originalnom Dell SATA konektorskom plo\u010dom 2N4J0 (02N4J0). Ne morate se brinuti o kompatibilnosti ili kompliciranim postupcima \u2013 osmi\u0161ljen je kako bi proces nadogradnje u\u010dinio glatkim i jednostavnim.<\/p>\n<p>Odr\u017eavajte svoj Dell Latitude E7450 najboljim radom tako \u0161to \u0107ete ulo\u017eiti u originalnu Dell SATA konektorsku plo\u010du tvrdog diska 2N4J0 (02N4J0). Vratite optimalne mogu\u0107nosti prijenosa podataka i pohrane, osiguravaju\u0107i da va\u0161e prijenosno ra\u010dunalo radi na vrhuncu. Ne pristajte na manje kada su u pitanju va\u017ene komponente prijenosnog ra\u010dunala \u2013 odaberite originalni Dell 2N4J0 (02N4J0) i osjetite razliku u pouzdanosti i performansama.<\/p>\n","protected":false},"excerpt":{"rendered":"<p>Otklju\u010dajte puni potencijal va\u0161eg Dell Latitude E7450 s originalnom Dell SATA konektorskom plo\u010dom 2N4J0 (02N4J0). Ova visokokvalitetna konektorska plo\u010da savr\u0161ena je zamjena za va\u0161u postoje\u0107u, osiguravaju\u0107i besprijekornu i pouzdanu povezanost izme\u0111u tvrdog diska va\u0161eg prijenosnog ra\u010dunala i mati\u010dne plo\u010de.<\/p>\n","protected":false},"featured_media":19074,"template":"","meta":[],"product_brand":[],"product_cat":[62],"product_tag":[52],"class_list":{"0":"post-19014","1":"product","2":"type-product","3":"status-publish","4":"has-post-thumbnail","6":"product_cat-motherboards-board-parts","7":"product_tag-dell","9":"first","10":"instock","11":"taxable","12":"shipping-taxable","13":"purchasable","14":"product-type-simple"},"_links":{"self":[{"href":"https:\/\/boreait.com\/hr\/wp-json\/wp\/v2\/product\/19014","targetHints":{"allow":["GET"]}}],"collection":[{"href":"https:\/\/boreait.com\/hr\/wp-json\/wp\/v2\/product"}],"about":[{"href":"https:\/\/boreait.com\/hr\/wp-json\/wp\/v2\/types\/product"}],"wp:featuredmedia":[{"embeddable":true,"href":"https:\/\/boreait.com\/hr\/wp-json\/wp\/v2\/media\/19074"}],"wp:attachment":[{"href":"https:\/\/boreait.com\/hr\/wp-json\/wp\/v2\/media?parent=19014"}],"wp:term":[{"taxonomy":"product_brand","embeddable":true,"href":"https:\/\/boreait.com\/hr\/wp-json\/wp\/v2\/product_brand?post=19014"},{"taxonomy":"product_cat","embeddable":true,"href":"https:\/\/boreait.com\/hr\/wp-json\/wp\/v2\/product_cat?post=19014"},{"taxonomy":"product_tag","embeddable":true,"href":"https:\/\/boreait.com\/hr\/wp-json\/wp\/v2\/product_tag?post=19014"}],"curies":[{"name":"wp","href":"https:\/\/api.w.org\/{rel}","templated":true}]}}