{"id":19011,"date":"2025-07-25T10:59:17","date_gmt":"2025-07-25T10:59:17","guid":{"rendered":"https:\/\/boreait.com\/hr\/?post_type=product&#038;p=19011"},"modified":"2025-07-25T11:00:26","modified_gmt":"2025-07-25T11:00:26","slug":"za-dell-latitude-e5570-cn-0h9m9m-dc28000gmf0-ventilator-hladnjaka","status":"publish","type":"product","link":"https:\/\/boreait.com\/hr\/product\/za-dell-latitude-e5570-cn-0h9m9m-dc28000gmf0-ventilator-hladnjaka\/","title":{"rendered":"Za DELL Latitude E5570 CN-0H9M9M DC28000GMF0 ventilator hladnjaka"},"content":{"rendered":"<p>Ventilator hladnjaka CN-0H9M9M DC28000GMF0 je originalni DELL zamjenski dio posebno dizajniran za Latitude E5570 model laptopa. Tijekom vremena ventilatori za hla\u0111enje prijenosnog ra\u010dunala mogu se istro\u0161iti ili za\u010depiti pra\u0161inom i krhotinama, \u0161to dovodi do lo\u0161eg u\u010dinka hla\u0111enja i mogu\u0107ih problema s pregrijavanjem. Ako primijetite da ventilator va\u0161eg prijenosnog ra\u010dunala proizvodi neobi\u010dne zvukove ili ako se va\u0161e prijenosno ra\u010dunalo zagrijava vi\u0161e nego ina\u010de, mo\u017eda je vrijeme da zamijenite ventilator za hla\u0111enje.<\/p>\n<p>Dizajniran da savr\u0161eno pristaje i neprimjetno se integrira u DELL Latitude E5570, ovaj ventilator hladnjaka dizajniran je za u\u010dinkovito raspr\u0161ivanje topline koju stvaraju komponente prijenosnog ra\u010dunala tijekom rada. Odr\u017eavaju\u0107i ispravan protok zraka i hla\u0111enje, ventilator poma\u017ee u osiguravanju optimalnih performansi i sprje\u010dava potencijalnu \u0161tetu uzrokovanu pregrijavanjem.<\/p>\n<p>Zamjena ventilatora za hla\u0111enje klju\u010dna je za produljenje vijeka va\u0161eg prijenosnog ra\u010dunala i sprje\u010davanje o\u0161te\u0107enja unutarnjih komponenti zbog pretjerane topline. Preporu\u010da se zamijeniti ventilator ako primijetite bilo kakve znakove pregrijavanja, kao \u0161to su iznenadna ga\u0161enja, problemi s performansama ili ventilator koji proizvodi glasne ili neobi\u010dne zvukove.<\/p>\n<p>Prilikom zamjene ventilatora klju\u010dno je koristiti originalne DELL dijelove kao \u0161to je CN-0H9M9M DC28000GMF0 ventilator radi jamstva kompatibilnosti i performansi. Ventilatori koji nisu originalni ili nekompatibilni mo\u017eda ne\u0107e ispravno odgovarati ili pru\u017eiti odgovaraju\u0107e hla\u0111enje, \u0161to mo\u017ee uzrokovati daljnje o\u0161te\u0107enje va\u0161eg prijenosnog ra\u010dunala.<\/p>\n<p>Ako imate problema s hla\u0111enjem va\u0161eg DELL Latitude E5570, ventilator hladnjaka CN-0H9M9M DC28000GMF0 savr\u0161eno je rje\u0161enje za vra\u0107anje u\u010dinkovitog hla\u0111enja i osiguravanje najboljeg rada va\u0161eg prijenosnog ra\u010dunala. Naru\u010dite sada i budite mirni znaju\u0107i da dobivate originalni DELL zamjenski dio za svoje prijenosno ra\u010dunalo Latitude E5570. Uz brzu dostavu u Europu, va\u0161e prijenosno ra\u010dunalo mo\u017ee u tren oka raditi bez problema.<\/p>\n","protected":false},"excerpt":{"rendered":"<p>Neka va\u0161e prijenosno ra\u010dunalo DELL Latitude E5570 radi hladno i u\u010dinkovito uz CN-0H9M9M DC28000GMF0 ventilator hladnjaka. Ovaj originalni DELL zamjenski ventilator dizajniran je za u\u010dinkovito raspr\u0161ivanje topline, osiguravaju\u0107i optimalne performanse i sprje\u010davaju\u0107i pregrijavanje tijekom dulje upotrebe.<\/p>\n","protected":false},"featured_media":19064,"template":"","meta":[],"product_brand":[],"product_cat":[68],"product_tag":[52],"class_list":{"0":"post-19011","1":"product","2":"type-product","3":"status-publish","4":"has-post-thumbnail","6":"product_cat-cpu-fans-heatsinks","7":"product_tag-dell","9":"first","10":"instock","11":"taxable","12":"shipping-taxable","13":"purchasable","14":"product-type-simple"},"_links":{"self":[{"href":"https:\/\/boreait.com\/hr\/wp-json\/wp\/v2\/product\/19011","targetHints":{"allow":["GET"]}}],"collection":[{"href":"https:\/\/boreait.com\/hr\/wp-json\/wp\/v2\/product"}],"about":[{"href":"https:\/\/boreait.com\/hr\/wp-json\/wp\/v2\/types\/product"}],"wp:featuredmedia":[{"embeddable":true,"href":"https:\/\/boreait.com\/hr\/wp-json\/wp\/v2\/media\/19064"}],"wp:attachment":[{"href":"https:\/\/boreait.com\/hr\/wp-json\/wp\/v2\/media?parent=19011"}],"wp:term":[{"taxonomy":"product_brand","embeddable":true,"href":"https:\/\/boreait.com\/hr\/wp-json\/wp\/v2\/product_brand?post=19011"},{"taxonomy":"product_cat","embeddable":true,"href":"https:\/\/boreait.com\/hr\/wp-json\/wp\/v2\/product_cat?post=19011"},{"taxonomy":"product_tag","embeddable":true,"href":"https:\/\/boreait.com\/hr\/wp-json\/wp\/v2\/product_tag?post=19011"}],"curies":[{"name":"wp","href":"https:\/\/api.w.org\/{rel}","templated":true}]}}