{"id":19000,"date":"2025-07-25T10:58:56","date_gmt":"2025-07-25T10:58:56","guid":{"rendered":"https:\/\/boreait.com\/hr\/?post_type=product&#038;p=19000"},"modified":"2025-07-25T11:00:17","modified_gmt":"2025-07-25T11:00:17","slug":"hp-probook-450-g0-h0w24ea-w92c-w93c-sarke","status":"publish","type":"product","link":"https:\/\/boreait.com\/hr\/product\/hp-probook-450-g0-h0w24ea-w92c-w93c-sarke\/","title":{"rendered":"HP ProBook 450 G0 H0W24EA w92c w93c \u0161arke"},"content":{"rendered":"<p>Ako su \u0161arke na va\u0161em prijenosnom ra\u010dunalu HP ProBook 450 G0 H0W24EA w92c w93c istro\u0161ene ili o\u0161te\u0107ene, vrijeme je da ih nadogradite ovim autenti\u010dnim setom \u0161arki. Dizajnirane posebno za modele ProBook 450 G0, ove \u0161arke savr\u0161eno odgovaraju, osiguravaju\u0107i glatko i stabilno kretanje zaslona.<\/p>\n<p>\u0160arke su bitne komponente svakog prijenosnog ra\u010dunala, odgovorne za otvaranje i zatvaranje zaslona. Tijekom vremena, stalna uporaba mo\u017ee dovesti do tro\u0161enja i habanja, uzrokuju\u0107i da se \u0161arke olabave ili zaka\u017eu. O\u0161te\u0107ene \u0161arke mogu rezultirati neuskla\u0111enim zaslonima, ometaju\u0107i cjelokupnu funkcionalnost prijenosnog ra\u010dunala.<\/p>\n<p>Zamjenom \u0161arki ovim originalnim kompletom mo\u017eete vratiti funkcionalnost HP ProBook-a u izvorno stanje. Ove su \u0161arke dizajnirane s precizno\u0161\u0107u i izra\u0111ene od visokokvalitetnih materijala, osiguravaju\u0107i trajnost i pouzdanost.<\/p>\n<p>Pravilno poravnate \u0161arke ne samo da pobolj\u0161avaju izgled va\u0161eg prijenosnog ra\u010dunala, ve\u0107 i sprje\u010davaju nepotrebno optere\u0107enje zaslona i unutarnjih komponenti. Ugradnja ovih \u0161arki omogu\u0107it \u0107e vam stabilno i sigurno pozicioniranje zaslona, \u0161to \u0107e vam omogu\u0107iti kori\u0161tenje va\u0161eg prijenosnog ra\u010dunala bez ikakvih problema.<\/p>\n<p>Zamjena \u0161arki relativno je jednostavan postupak, posebno za one koji su upoznati s popravcima prijenosnih ra\u010dunala. Me\u0111utim, ako niste sigurni, najbolje je potra\u017eiti pomo\u0107 od profesionalnog tehni\u010dara kako biste osigurali besprijekornu zamjenu.<\/p>\n<p>Nemojte kompromitirati kvalitetu komponenti va\u0161eg prijenosnog ra\u010dunala. Nadogradite na ove autenti\u010dne \u0161arke i u\u017eivajte u glatkom i pouzdanom pokretu zaslona, ba\u0161 kao kad je va\u0161e prijenosno ra\u010dunalo bilo novo.<\/p>\n<p>Vratite svoje prijenosno ra\u010dunalo HP ProBook 450 G0 H0W24EA w92c w93c u optimalno stanje s ovim pouzdanim setom \u0161arki. Naru\u010dite sada i iskoristite prednosti brze dostave u Europu. Ulo\u017eite u izdr\u017eljivost i funkcionalnost svog prijenosnog ra\u010dunala s ovim visokokvalitetnim \u0161arkama.<\/p>\n","protected":false},"excerpt":{"rendered":"<p>Zamijenite \u0161arke svog prijenosnog ra\u010dunala HP ProBook 450 G0 H0W24EA w92c w93c ovim originalnim setom. Dizajnirane za savr\u0161eno pristajanje, ove \u0161arke osiguravaju glatko i pouzdano kretanje zaslona. Vratite funkcionalnost prijenosnog ra\u010dunala s ovim visokokvalitetnim \u0161arkama.<\/p>\n","protected":false},"featured_media":19062,"template":"","meta":[],"product_brand":[],"product_cat":[54],"product_tag":[60],"class_list":{"0":"post-19000","1":"product","2":"type-product","3":"status-publish","4":"has-post-thumbnail","6":"product_cat-screen-hinge","7":"product_tag-hp","9":"first","10":"instock","11":"taxable","12":"shipping-taxable","13":"purchasable","14":"product-type-simple"},"_links":{"self":[{"href":"https:\/\/boreait.com\/hr\/wp-json\/wp\/v2\/product\/19000","targetHints":{"allow":["GET"]}}],"collection":[{"href":"https:\/\/boreait.com\/hr\/wp-json\/wp\/v2\/product"}],"about":[{"href":"https:\/\/boreait.com\/hr\/wp-json\/wp\/v2\/types\/product"}],"wp:featuredmedia":[{"embeddable":true,"href":"https:\/\/boreait.com\/hr\/wp-json\/wp\/v2\/media\/19062"}],"wp:attachment":[{"href":"https:\/\/boreait.com\/hr\/wp-json\/wp\/v2\/media?parent=19000"}],"wp:term":[{"taxonomy":"product_brand","embeddable":true,"href":"https:\/\/boreait.com\/hr\/wp-json\/wp\/v2\/product_brand?post=19000"},{"taxonomy":"product_cat","embeddable":true,"href":"https:\/\/boreait.com\/hr\/wp-json\/wp\/v2\/product_cat?post=19000"},{"taxonomy":"product_tag","embeddable":true,"href":"https:\/\/boreait.com\/hr\/wp-json\/wp\/v2\/product_tag?post=19000"}],"curies":[{"name":"wp","href":"https:\/\/api.w.org\/{rel}","templated":true}]}}