{"id":18973,"date":"2025-07-25T10:58:33","date_gmt":"2025-07-25T10:58:33","guid":{"rendered":"https:\/\/boreait.com\/hr\/?post_type=product&#038;p=18973"},"modified":"2025-07-25T10:59:25","modified_gmt":"2025-07-25T10:59:25","slug":"03h0ng-dc02c007p00-za-dell-latitude-e7250-prijenosno-racunalo-lcd-video-trakasti-kabel","status":"publish","type":"product","link":"https:\/\/boreait.com\/hr\/product\/03h0ng-dc02c007p00-za-dell-latitude-e7250-prijenosno-racunalo-lcd-video-trakasti-kabel\/","title":{"rendered":"03H0NG DC02C007P00 ZA DELL Latitude E7250 prijenosno ra\u010dunalo LCD video trakasti kabel"},"content":{"rendered":"<div class=\"flex-1 overflow-hidden\">\n<div class=\"react-scroll-to-bottom--css-ivmta-79elbk h-full dark:bg-gray-800\">\n<div class=\"react-scroll-to-bottom--css-ivmta-1n7m0yu\">\n<div class=\"flex flex-col text-sm dark:bg-gray-800\">\n<div class=\"group w-full text-gray-800 dark:text-gray-100 border-b border-black\/10 dark:border-gray-900\/50 bg-gray-50 dark:bg-[#444654]\">\n<div class=\"flex p-4 gap-4 text-base md:gap-6 md:max-w-2xl lg:max-w-[38rem] xl:max-w-3xl md:py-6 lg:px-0 m-auto\">\n<div class=\"relative flex w-[calc(100%-50px)] flex-col gap-1 md:gap-3 lg:w-[calc(100%-115px)]\">\n<div class=\"flex flex-grow flex-col gap-3\">\n<div class=\"min-h-[20px] flex items-start overflow-x-auto whitespace-pre-wrap break-words\">\n<div class=\"markdown prose w-full break-words dark:prose-invert light\">\n<p>03H0NG DC02C007P00 je vitalni dio za prijenosna ra\u010dunala Dell Latitude E7250, odgovoran za uspostavljanje veze izme\u0111u mati\u010dne plo\u010de prijenosnog ra\u010dunala i LCD ekrana. Ovaj LCD video trakasti kabel igra klju\u010dnu ulogu u prijenosu video signala, omogu\u0107uju\u0107i vam da gledate slike, video zapise i grafiku na zaslonu prijenosnog ra\u010dunala.<\/p>\n<p>Ako va\u0161e prijenosno ra\u010dunalo Dell Latitude E7250 ima problema sa zaslonom kao \u0161to su treperenje, linije ili uop\u0107e nema slike, LCD video trakasti kabel mo\u017ee biti uzrok. Zamjena s originalnim 03H0NG DC02C007P00 kabelom mo\u017ee pomo\u0107i u rje\u0161avanju takvih problema i vratiti optimalne performanse zaslona.<\/p>\n<p> Dizajniran posebno za prijenosna ra\u010dunala Dell Latitude E7250, 03H0NG DC02C007P00 LCD video ribon kabel osigurava kompatibilnost i besprijekornu integraciju s komponentama prijenosnog ra\u010dunala. Proizveden je od visokokvalitetnih materijala koji jam\u010de izdr\u017eljivost i pouzdan rad.<\/p>\n<p>Prilikom postavljanja LCD video trakastog kabela, bitno je slijediti smjernice proizvo\u0111a\u010da ili zatra\u017eiti pomo\u0107 od kvalificiranog tehni\u010dara kako biste osigurali pravilnu instalaciju i izbjegli bilo kakvu \u0161tetu.<\/p>\n<p>Odr\u017eavanje funkcionalnog LCD zaslona klju\u010dno je za glatko korisni\u010dko iskustvo i produktivnost na va\u0161em prijenosnom ra\u010dunalu Dell Latitude E7250. Odabirom originalnog 03H0NG DC02C007P00 LCD video ribon kabela, mo\u017eete biti sigurni u njegovu izvedbu i sposobnost prijenosa jasnih i visokokvalitetnih video signala izme\u0111u mati\u010dne plo\u010de i zaslona. Investirajte u ovaj zamjenski dio kako biste ponovno u\u017eivali u besprijekornom iskustvu gledanja na svom prijenosnom ra\u010dunalu Dell Latitude E7250. Odaberite 03H0NG DC02C007P00 LCD video trakasti kabel za prijenosna ra\u010dunala Dell Latitude E7250 zbog njegove kvalitete i kompatibilnosti.<\/p>\n<\/div>\n<\/div>\n<\/div>\n<div class=\"flex justify-between lg:block\">\n<div class=\"text-xs flex items-center justify-center gap-1 self-center pt-2 !invisible\"><\/div>\n<div class=\"text-gray-400 flex self-end lg:self-center justify-center mt-2 gap-2 md:gap-3 lg:gap-1 lg:absolute lg:top-0 lg:translate-x-full lg:right-0 lg:mt-0 lg:pl-2 visible\">\n<p>&nbsp;<\/p>\n<div class=\"flex gap-1\"><\/div>\n<\/div>\n<\/div>\n<\/div>\n<\/div>\n<\/div>\n<div class=\"h-32 md:h-48 flex-shrink-0\"><\/div>\n<p>&nbsp;<\/p>\n<\/div>\n<\/div>\n<\/div>\n<\/div>\n<div class=\"absolute bottom-0 left-0 w-full border-t md:border-t-0 tamno:border-white\/20 md:border-transparent md:dark:border-transparent md:bg-vert-light-gradient bg-white tamno:bg-gray-800 md:!bg-transparent tamno:md:bg-vert-dark-gradient pt-2 md:pl-2 md:w-[calc(100%-.5rem)]\">\n<div class=\"relative flex h-full flex-1 items-stretch md:flex-col\" role=\"presentation\">\n<div>\n<div class=\"h-full flex ml-1 md:w-full md:m-auto md:mb-4 gap-0 md:gap-2 justify-center\"><\/div>\n<\/div>\n<\/div>\n<\/div>\n","protected":false},"excerpt":{"rendered":"<p>03H0NG DC02C007P00 je originalni LCD video trakasti kabel dizajniran posebno za prijenosna ra\u010dunala Dell Latitude E7250. Ova bitna komponenta povezuje mati\u010dnu plo\u010du prijenosnog ra\u010dunala s LCD zaslonom, omogu\u0107uju\u0107i prijenos video signala. Svojom visokokvalitetnom konstrukcijom, ovaj kabel osigurava pouzdan i jasan prikaz.<\/p>\n","protected":false},"featured_media":19023,"template":"","meta":[],"product_brand":[],"product_cat":[55],"product_tag":[52],"class_list":{"0":"post-18973","1":"product","2":"type-product","3":"status-publish","4":"has-post-thumbnail","6":"product_cat-cables","7":"product_tag-dell","9":"first","10":"instock","11":"taxable","12":"shipping-taxable","13":"purchasable","14":"product-type-simple"},"_links":{"self":[{"href":"https:\/\/boreait.com\/hr\/wp-json\/wp\/v2\/product\/18973","targetHints":{"allow":["GET"]}}],"collection":[{"href":"https:\/\/boreait.com\/hr\/wp-json\/wp\/v2\/product"}],"about":[{"href":"https:\/\/boreait.com\/hr\/wp-json\/wp\/v2\/types\/product"}],"wp:featuredmedia":[{"embeddable":true,"href":"https:\/\/boreait.com\/hr\/wp-json\/wp\/v2\/media\/19023"}],"wp:attachment":[{"href":"https:\/\/boreait.com\/hr\/wp-json\/wp\/v2\/media?parent=18973"}],"wp:term":[{"taxonomy":"product_brand","embeddable":true,"href":"https:\/\/boreait.com\/hr\/wp-json\/wp\/v2\/product_brand?post=18973"},{"taxonomy":"product_cat","embeddable":true,"href":"https:\/\/boreait.com\/hr\/wp-json\/wp\/v2\/product_cat?post=18973"},{"taxonomy":"product_tag","embeddable":true,"href":"https:\/\/boreait.com\/hr\/wp-json\/wp\/v2\/product_tag?post=18973"}],"curies":[{"name":"wp","href":"https:\/\/api.w.org\/{rel}","templated":true}]}}