{"id":18925,"date":"2025-07-25T10:57:24","date_gmt":"2025-07-25T10:57:24","guid":{"rendered":"https:\/\/boreait.com\/hr\/?post_type=product&#038;p=18925"},"modified":"2026-01-09T08:11:22","modified_gmt":"2026-01-09T08:11:22","slug":"hladnjak-hladnjak-ventilator-13gnvx1am010-panasonic-udqfzzh32das","status":"publish","type":"product","link":"https:\/\/boreait.com\/hr\/product\/hladnjak-hladnjak-ventilator-13gnvx1am010-panasonic-udqfzzh32das\/","title":{"rendered":"Hladnjak Hladnjak Ventilator 13GNVX1AM010 Panasonic UDQFZZH32DAS"},"content":{"rendered":"<p>Ventilator Panasonic UDQFZZH32DAS dizajniran je za u\u010dinkovito hla\u0111enje, poma\u017eu\u0107i u odr\u017eavanju optimalne radne temperature za procesor prijenosnog ra\u010dunala i druge kriti\u010dne dijelove. Pravilno hla\u0111enje bitno je za sprje\u010davanje pregrijavanja i mogu\u0107eg o\u0161te\u0107enja unutarnjih komponenti, osiguravaju\u0107i performanse i dugovje\u010dnost prijenosnog ra\u010dunala.<\/p>\n<p>Ovo rje\u0161enje za hla\u0111enje dizajnirano je da bude kompatibilno s odre\u0111enim modelima prijenosnih ra\u010dunala, stoga je klju\u010dno provjeriti kompatibilnost s va\u0161im prijenosnim ra\u010dunalom prije nego \u0161to ga kupite ili instalirate. Ako primijetite pove\u0107anu buku ventilatora ili prijenosno ra\u010dunalo radi vru\u0107e, to mo\u017ee biti znak da sustavu hla\u0111enja treba obratiti pozornost, a zamjena ventilatora hladnjaka hladnjaka mo\u017ee biti u\u010dinkovito rje\u0161enje.<\/p>\n<p>Prilikom instaliranja ventilatora hladnjaka hladnjaka 13GNVX1AM010 Panasonic UDQFZZH32DAS, klju\u010dno je pa\u017eljivo rukovati njime i slijediti smjernice proizvo\u0111a\u010da kako biste osigurali pravilno i sigurno prianjanje. Ako niste sigurni u vezi s postupkom instalacije, preporu\u010da se da potra\u017eite pomo\u0107 od profesionalnog tehni\u010dara.<\/p>\n<p>Ulaganjem u ovaj originalni rashladni sklop Panasonic, mo\u017eete vratiti optimalne performanse hla\u0111enja, odr\u017eati ukupnu u\u010dinkovitost prijenosnog ra\u010dunala i osigurati glatki i pouzdani rad tijekom zahtjevnih zadataka ili dugotrajne upotrebe. Odaberite originalne zamjenske dijelove za svoje prijenosno ra\u010dunalo kako biste osigurali kompatibilnost i u\u010dinkovito hla\u0111enje, \u0161to u kona\u010dnici doprinosi duljem \u017eivotnom vijeku va\u0161eg ure\u0111aja.<\/p>\n","protected":false},"excerpt":{"rendered":"<p>Hladnjak Hladnjak Ventilator Ventilator 13GNVX1AM010 Panasonic UDQFZZH32DAS<\/p>\n","protected":false},"featured_media":18988,"template":"","meta":[],"product_brand":[],"product_cat":[68],"product_tag":[],"class_list":{"0":"post-18925","1":"product","2":"type-product","3":"status-publish","4":"has-post-thumbnail","6":"product_cat-cpu-fans-heatsinks","8":"first","9":"instock","10":"taxable","11":"shipping-taxable","12":"purchasable","13":"product-type-simple"},"_links":{"self":[{"href":"https:\/\/boreait.com\/hr\/wp-json\/wp\/v2\/product\/18925","targetHints":{"allow":["GET"]}}],"collection":[{"href":"https:\/\/boreait.com\/hr\/wp-json\/wp\/v2\/product"}],"about":[{"href":"https:\/\/boreait.com\/hr\/wp-json\/wp\/v2\/types\/product"}],"wp:featuredmedia":[{"embeddable":true,"href":"https:\/\/boreait.com\/hr\/wp-json\/wp\/v2\/media\/18988"}],"wp:attachment":[{"href":"https:\/\/boreait.com\/hr\/wp-json\/wp\/v2\/media?parent=18925"}],"wp:term":[{"taxonomy":"product_brand","embeddable":true,"href":"https:\/\/boreait.com\/hr\/wp-json\/wp\/v2\/product_brand?post=18925"},{"taxonomy":"product_cat","embeddable":true,"href":"https:\/\/boreait.com\/hr\/wp-json\/wp\/v2\/product_cat?post=18925"},{"taxonomy":"product_tag","embeddable":true,"href":"https:\/\/boreait.com\/hr\/wp-json\/wp\/v2\/product_tag?post=18925"}],"curies":[{"name":"wp","href":"https:\/\/api.w.org\/{rel}","templated":true}]}}