{"id":18919,"date":"2025-07-25T10:57:23","date_gmt":"2025-07-25T10:57:23","guid":{"rendered":"https:\/\/boreait.com\/hr\/?post_type=product&#038;p=18919"},"modified":"2025-07-25T10:58:37","modified_gmt":"2025-07-25T10:58:37","slug":"lenovo-ideapad-v330-15-v330-15igm-okvir-okvira-zaslona-460-0db05-0007","status":"publish","type":"product","link":"https:\/\/boreait.com\/hr\/product\/lenovo-ideapad-v330-15-v330-15igm-okvir-okvira-zaslona-460-0db05-0007\/","title":{"rendered":"Lenovo Ideapad V330-15 V330-15IGM okvir okvira zaslona 460.0DB05.0007"},"content":{"rendered":"<p>Lenovo Ideapad V330-15 V330-15IGM okvir okvira zaslona 460.0DB05.0007 je originalni Lenovo zamjenski dio posebno izra\u0111en za kori\u0161tenje s prijenosnim ra\u010dunalima Ideapad V330-15 i V330-15IGM. Ako je okvir okvira zaslona va\u0161eg prijenosnog ra\u010dunala o\u0161te\u0107en, napuknut ili pokazuje znakove istro\u0161enosti, ova zamjenska komponenta nudi jednostavno i pouzdano rje\u0161enje.<\/p>\n<p>Obrub okvira zaslona bitan je dio konstrukcije prijenosnog ra\u010dunala koji slu\u017ei i u funkcionalne i u estetske svrhe. Sigurno dr\u017ei zaslon prijenosnog ra\u010dunala na mjestu, \u0161tite\u0107i ga od mogu\u0107ih o\u0161te\u0107enja i osiguravaju\u0107i strukturni integritet modula zaslona. Osim toga, okvir pobolj\u0161ava izgled prijenosnog ra\u010dunala stvaranjem \u010distog i besprijekornog prijelaza izme\u0111u zaslona i ku\u0107i\u0161ta prijenosnog ra\u010dunala.<\/p>\n<p>Ovaj originalni Lenovo zamjenski okvir izra\u0111en je precizno i pridr\u017eava se standarda visoke kvalitete marke. Kao rezultat toga, osigurava savr\u0161eno pristajanje i besprijekornu integraciju s va\u0161im prijenosnim ra\u010dunalom Ideapad V330-15 ili V330-15IGM. Ugradnja zamjenskog okvira je jednostavna i zahtijeva minimalnu tehni\u010dku stru\u010dnost, \u0161to vam omogu\u0107uje da bez napora vratite svoje prijenosno ra\u010dunalo u izvorno stanje.<\/p>\n<p>Odabirom Lenovo Ideapad V330-15 V330-15IGM Screen Surround Bezel Trim 460.0DB05.0007, mo\u017eete vjerovati da dobivate pouzdan i izdr\u017eljiv zamjenski dio od ugledne marke. Lenovo je poznat po proizvodnji visokokvalitetnih prijenosnih ra\u010dunala i komponenti, \u0161to ovaj zamjenski okvir \u010dini pouzdanim izborom.<\/p>\n<p>O\u017eivite izgled i funkcionalnost svog prijenosnog ra\u010dunala Lenovo Ideapad V330-15 ili V330-15IGM s okvirom okvira zaslona Lenovo Ideapad V330-15 V330-15IGM 460.0DB05.0007. Nadogradite za\u0161titu zaslona svog prijenosnog ra\u010dunala i vratite mu elegantan i profesionalan izgled s ovim originalnim Lenovo zamjenskim dijelom. U\u017eivajte u besprijekornoj integraciji i osigurajte dugotrajnu izvedbu svog prijenosnog ra\u010dunala uz ovaj visokokvalitetni okvir koji okru\u017euje zaslon.<\/p>\n","protected":false},"excerpt":{"rendered":"<p>Lenovo Ideapad V330-15 V330-15IGM okvir okvira zaslona 460.0DB05.0007 je originalni zamjenski dio dizajniran za prijenosna ra\u010dunala Lenovo Ideapad V330-15 i V330-15IGM. Ovaj obrub okvira zaslona poma\u017ee osigurati i za\u0161tititi zaslon prijenosnog ra\u010dunala dok pobolj\u0161ava njegov izgled. Zamijenite svoj o\u0161te\u0107eni ili istro\u0161eni okvir ovom visokokvalitetnom komponentom kako biste svom prijenosnom ra\u010dunalu vratili elegantan i profesionalan izgled.<\/p>\n","protected":false},"featured_media":18981,"template":"","meta":[],"product_brand":[],"product_cat":[51],"product_tag":[61],"class_list":{"0":"post-18919","1":"product","2":"type-product","3":"status-publish","4":"has-post-thumbnail","6":"product_cat-laptop-housing","7":"product_tag-lenovo","9":"first","10":"instock","11":"taxable","12":"shipping-taxable","13":"purchasable","14":"product-type-simple"},"_links":{"self":[{"href":"https:\/\/boreait.com\/hr\/wp-json\/wp\/v2\/product\/18919","targetHints":{"allow":["GET"]}}],"collection":[{"href":"https:\/\/boreait.com\/hr\/wp-json\/wp\/v2\/product"}],"about":[{"href":"https:\/\/boreait.com\/hr\/wp-json\/wp\/v2\/types\/product"}],"wp:featuredmedia":[{"embeddable":true,"href":"https:\/\/boreait.com\/hr\/wp-json\/wp\/v2\/media\/18981"}],"wp:attachment":[{"href":"https:\/\/boreait.com\/hr\/wp-json\/wp\/v2\/media?parent=18919"}],"wp:term":[{"taxonomy":"product_brand","embeddable":true,"href":"https:\/\/boreait.com\/hr\/wp-json\/wp\/v2\/product_brand?post=18919"},{"taxonomy":"product_cat","embeddable":true,"href":"https:\/\/boreait.com\/hr\/wp-json\/wp\/v2\/product_cat?post=18919"},{"taxonomy":"product_tag","embeddable":true,"href":"https:\/\/boreait.com\/hr\/wp-json\/wp\/v2\/product_tag?post=18919"}],"curies":[{"name":"wp","href":"https:\/\/api.w.org\/{rel}","templated":true}]}}