{"id":18905,"date":"2025-07-25T10:57:00","date_gmt":"2025-07-25T10:57:00","guid":{"rendered":"https:\/\/boreait.com\/hr\/?post_type=product&#038;p=18905"},"modified":"2026-01-09T08:10:05","modified_gmt":"2026-01-09T08:10:05","slug":"nosac-kucista-tvrdog-diska-lenovo-v130-15igm-hdd-caddy","status":"publish","type":"product","link":"https:\/\/boreait.com\/hr\/product\/nosac-kucista-tvrdog-diska-lenovo-v130-15igm-hdd-caddy\/","title":{"rendered":"Nosa\u010d ku\u0107i\u0161ta tvrdog diska Lenovo V130-15IGM HDD Caddy"},"content":{"rendered":"<p>Nosa\u010d ku\u0107i\u0161ta tvrdog diska Lenovo V130-15IGM HDD Caddy neophodan je dodatak za one koji \u017eele pro\u0161iriti kapacitet pohrane svog prijenosnog ra\u010dunala ili zamijeniti neispravan tvrdi disk. Ovaj nosa\u010d ku\u0107i\u0161ta za caddy posebno je dizajniran da odgovara modelu Lenovo V130-15IGM, osiguravaju\u0107i savr\u0161eno i sigurno pristajanje za tvrdi disk va\u0161eg prijenosnog ra\u010dunala.<\/p>\n<p>Napravljen od visokokvalitetnih materijala, HDD nosa\u010d pru\u017ea \u010dvrsto i za\u0161titno ku\u0107i\u0161te za tvrdi disk va\u0161eg prijenosnog ra\u010dunala. \u0160titi tvrdi disk od mogu\u0107ih o\u0161te\u0107enja uslijed udara, vibracija i vanjskih udara, \u0161to ga \u010dini pouzdanim rje\u0161enjem za pohranu va\u0161ih va\u017enih podataka i datoteka.<\/p>\n<p>Instaliranje novog tvrdog diska ili zamjena postoje\u0107eg je lako\u0107a s ovim HDD nosa\u010dem. Nosa\u010d ima precizne izreze i rupe za vijke koji su poravnati s ku\u0107i\u0161tem va\u0161eg prijenosnog ra\u010dunala, olak\u0161avaju\u0107i jednostavan postupak instalacije bez alata. Jednostavno gurnite tvrdi disk u nosa\u010d, pri\u010dvrstite ga prilo\u017eenim vijcima i umetnite nosa\u010d u le\u017ei\u0161te pogona prijenosnog ra\u010dunala kako biste u\u017eivali u pro\u0161irenom kapacitetu za pohranu.<\/p>\n<p>Za one koji \u017eele napraviti sigurnosnu kopiju svojih podataka, prenijeti datoteke ili pokrenuti vi\u0161e operativnih sustava, HDD nosa\u010d pru\u017ea izvrsno rje\u0161enje. Nosa\u010d mo\u017eete koristiti za smje\u0161taj dodatnog tvrdog diska, SSD-a ili ga \u010dak pretvoriti u pogon za pohranu podataka za arhiviranje datoteka.<\/p>\n<p>S nosa\u010dem ku\u0107i\u0161ta tvrdog diska Lenovo V130-15IGM HDD Caddy mo\u017eete pobolj\u0161ati mogu\u0107nosti svog prijenosnog ra\u010dunala, osiguravaju\u0107i bolje upravljanje podacima i performanse sustava. Nudi prakti\u010dan i ekonomi\u010dan na\u010din za nadogradnju pohrane va\u0161eg prijenosnog ra\u010dunala, omogu\u0107uju\u0107i vam da jednostavno zadovoljite sve ve\u0107e potrebe za pohranom podataka. Za\u0161titite svoje vrijedne podatke i u\u017eivajte u prednostima pove\u0107anog prostora za pohranu s ovim pouzdanim i izdr\u017eljivim nosa\u010dem ku\u0107i\u0161ta za HDD nosa\u010de.<\/p>\n","protected":false},"excerpt":{"rendered":"<p>Nosa\u010d ku\u0107i\u0161ta tvrdog diska Lenovo V130-15IGM HDD Caddy je prakti\u010dan i izdr\u017eljiv dodatak dizajniran za sigurno dr\u017eanje i za\u0161titu tvrdog diska va\u0161eg prijenosnog ra\u010dunala. Omogu\u0107uje jednostavnu instalaciju i uklanjanje tvrdog diska, \u0161to ga \u010dini idealnim za pohranu podataka i sigurnosne kopije.<\/p>\n","protected":false},"featured_media":18967,"template":"","meta":[],"product_brand":[],"product_cat":[51],"product_tag":[61],"class_list":{"0":"post-18905","1":"product","2":"type-product","3":"status-publish","4":"has-post-thumbnail","6":"product_cat-laptop-housing","7":"product_tag-lenovo","9":"first","10":"instock","11":"taxable","12":"shipping-taxable","13":"purchasable","14":"product-type-simple"},"_links":{"self":[{"href":"https:\/\/boreait.com\/hr\/wp-json\/wp\/v2\/product\/18905","targetHints":{"allow":["GET"]}}],"collection":[{"href":"https:\/\/boreait.com\/hr\/wp-json\/wp\/v2\/product"}],"about":[{"href":"https:\/\/boreait.com\/hr\/wp-json\/wp\/v2\/types\/product"}],"wp:featuredmedia":[{"embeddable":true,"href":"https:\/\/boreait.com\/hr\/wp-json\/wp\/v2\/media\/18967"}],"wp:attachment":[{"href":"https:\/\/boreait.com\/hr\/wp-json\/wp\/v2\/media?parent=18905"}],"wp:term":[{"taxonomy":"product_brand","embeddable":true,"href":"https:\/\/boreait.com\/hr\/wp-json\/wp\/v2\/product_brand?post=18905"},{"taxonomy":"product_cat","embeddable":true,"href":"https:\/\/boreait.com\/hr\/wp-json\/wp\/v2\/product_cat?post=18905"},{"taxonomy":"product_tag","embeddable":true,"href":"https:\/\/boreait.com\/hr\/wp-json\/wp\/v2\/product_tag?post=18905"}],"curies":[{"name":"wp","href":"https:\/\/api.w.org\/{rel}","templated":true}]}}