{"id":18904,"date":"2025-07-25T10:57:00","date_gmt":"2025-07-25T10:57:00","guid":{"rendered":"https:\/\/boreait.com\/hr\/?post_type=product&#038;p=18904"},"modified":"2026-01-14T07:38:19","modified_gmt":"2026-01-14T07:38:19","slug":"hladnjak-prijenosnog-racunala-za-lenovo-v130-v130-15-v130-15igm-81b4-uma-5h40r28083","status":"publish","type":"product","link":"https:\/\/boreait.com\/hr\/product\/hladnjak-prijenosnog-racunala-za-lenovo-v130-v130-15-v130-15igm-81b4-uma-5h40r28083\/","title":{"rendered":"Hladnjak prijenosnog ra\u010dunala za Lenovo V130 V130-15 V130-15IGM 81B4 UMA 5H40R28083"},"content":{"rendered":"<p>Hladnjak prijenosnog ra\u010dunala za modele Lenovo V130, V130-15 i V130-15IGM 81B4 UMA kriti\u010dna je komponenta odgovorna za odr\u017eavanje temperature prijenosnog ra\u010dunala unutar sigurnih radnih granica. Budu\u0107i da prijenosna ra\u010dunala stvaraju toplinu tijekom intenzivnih zadataka, poput igranja, ure\u0111ivanja videa ili pokretanja vi\u0161e aplikacija istovremeno, u\u010dinkoviti hladnjak je neophodan za sprje\u010davanje pregrijavanja i odr\u017eavanje optimalnih performansi.<\/p>\n<p>Hladnjak 5H40R28083 pa\u017eljivo je projektiran kako bi savr\u0161eno pristajao u prijenosna ra\u010dunala Lenovo V130, V130-15 i V130-15IGM 81B4 UMA. Njegova robusna konstrukcija i visokokvalitetni materijali osiguravaju u\u010dinkovitu disipaciju topline, omogu\u0107uju\u0107i procesoru prijenosnog ra\u010dunala i drugim unutarnjim komponentama da rade najbolje \u0161to mogu.<\/p>\n<p>U\u010dinkovitim upijanjem i raspr\u0161ivanjem topline od sredi\u0161njih komponenti prijenosnog ra\u010dunala, ovaj hladnjak poma\u017ee u sprje\u010davanju smanjenja performansi, do kojeg mo\u017ee do\u0107i kada se prijenosno ra\u010dunalo pregrije. To zauzvrat osigurava glatkiju i brzu izvedbu, \u010dak i tijekom zahtjevnih zadataka.<\/p>\n<p>Kako bi se osigurala dugovje\u010dnost i u\u010dinkovitost hladnjaka, preporu\u010duje se redovito \u010di\u0161\u0107enje i odr\u017eavanje. Pra\u0161ina i krhotine mogu se nakupiti tijekom vremena, ometaju\u0107i protok zraka i smanjuju\u0107i njegovu u\u010dinkovitost hla\u0111enja. Povremeno \u010di\u0161\u0107enje hladnjaka pomo\u0107i \u0107e u odr\u017eavanju optimalnih performansi i produljiti \u017eivotni vijek va\u0161eg prijenosnog ra\u010dunala.<\/p>\n<p>Hladnjak prijenosnog ra\u010dunala za Lenovo V130, V130-15 i V130-15IGM 81B4 UMA vitalna je komponenta za svakoga tko tra\u017ei pouzdane i glatke performanse prijenosnog ra\u010dunala, posebno tijekom zadataka koji zahtijevaju velike resurse. Nadogradite ili zamijenite svoj trenutni hladnjak ovim originalnim dijelom kako bi va\u0161e prijenosno ra\u010dunalo bilo hladno i radilo u najboljem izdanju. U\u017eivajte u bezbri\u017enom iskustvu rada uz u\u010dinkovito upravljanje toplinom koje omogu\u0107uje ovaj visokokvalitetni hladnjak.<\/p>\n","protected":false},"excerpt":{"rendered":"<p>Hladnjak prijenosnog ra\u010dunala dizajniran je za modele Lenovo V130, V130-15 i V130-15IGM 81B4 UMA. Ova bitna komponenta u\u010dinkovito raspr\u0161uje toplinu, osiguravaju\u0107i optimalnu izvedbu i sprje\u010davaju\u0107i probleme s pregrijavanjem.<\/p>\n","protected":false},"featured_media":18966,"template":"","meta":[],"product_brand":[],"product_cat":[68],"product_tag":[61],"class_list":{"0":"post-18904","1":"product","2":"type-product","3":"status-publish","4":"has-post-thumbnail","6":"product_cat-cpu-fans-heatsinks","7":"product_tag-lenovo","9":"first","10":"instock","11":"taxable","12":"shipping-taxable","13":"purchasable","14":"product-type-simple"},"_links":{"self":[{"href":"https:\/\/boreait.com\/hr\/wp-json\/wp\/v2\/product\/18904","targetHints":{"allow":["GET"]}}],"collection":[{"href":"https:\/\/boreait.com\/hr\/wp-json\/wp\/v2\/product"}],"about":[{"href":"https:\/\/boreait.com\/hr\/wp-json\/wp\/v2\/types\/product"}],"wp:featuredmedia":[{"embeddable":true,"href":"https:\/\/boreait.com\/hr\/wp-json\/wp\/v2\/media\/18966"}],"wp:attachment":[{"href":"https:\/\/boreait.com\/hr\/wp-json\/wp\/v2\/media?parent=18904"}],"wp:term":[{"taxonomy":"product_brand","embeddable":true,"href":"https:\/\/boreait.com\/hr\/wp-json\/wp\/v2\/product_brand?post=18904"},{"taxonomy":"product_cat","embeddable":true,"href":"https:\/\/boreait.com\/hr\/wp-json\/wp\/v2\/product_cat?post=18904"},{"taxonomy":"product_tag","embeddable":true,"href":"https:\/\/boreait.com\/hr\/wp-json\/wp\/v2\/product_tag?post=18904"}],"curies":[{"name":"wp","href":"https:\/\/api.w.org\/{rel}","templated":true}]}}