{"id":18903,"date":"2025-07-25T10:57:00","date_gmt":"2025-07-25T10:57:00","guid":{"rendered":"https:\/\/boreait.com\/hr\/?post_type=product&#038;p=18903"},"modified":"2026-01-09T08:09:44","modified_gmt":"2026-01-09T08:09:44","slug":"lenovo-v130-15-v130-15igm-set-unutarnjih-zvucnika-za-prijenosno-racunalo","status":"publish","type":"product","link":"https:\/\/boreait.com\/hr\/product\/lenovo-v130-15-v130-15igm-set-unutarnjih-zvucnika-za-prijenosno-racunalo\/","title":{"rendered":"Lenovo V130-15 V130-15IGM set unutarnjih zvu\u010dnika za prijenosno ra\u010dunalo"},"content":{"rendered":"<p>Set unutarnjih zvu\u010dnika za prijenosno ra\u010dunalo Lenovo V130-15 V130-15IGM savr\u0161eno je rje\u0161enje za vra\u0107anje visokokvalitetnog zvuka na va\u0161e prijenosno ra\u010dunalo Lenovo V130-15IGM. Ako imate problema s ugra\u0111enim zvu\u010dnicima, njihova zamjena ovim originalnim kompletom osigurat \u0107e vam da ponovo mo\u017eete u\u017eivati u \u010distom i impresivnom zvuku dok gledate filmove, slu\u0161ate glazbu ili sudjelujete u video pozivima.<\/p>\n<p>Dizajnirani kako bi odgovarali to\u010dnim specifikacijama V130-15IGM, ovi unutarnji zvu\u010dnici prijenosnog ra\u010dunala jam\u010de besprijekorno pristajanje i optimalnu izvedbu. Projektirani su za isporuku uravnote\u017eenog zvuka u cijelom frekvencijskom rasponu, pru\u017eaju\u0107i o\u0161tre visoke i duboke niske tonove za pobolj\u0161ano iskustvo slu\u0161anja.<\/p>\n<p>Instaliranje Lenovo V130-15 V130-15IGM internog seta zvu\u010dnika za prijenosno ra\u010dunalo je jednostavan postupak, ali preporu\u010dujemo da potra\u017eite stru\u010dnu pomo\u0107 kako biste osigurali ispravnu instalaciju. Jednom postavljeni na svoje mjesto, ovi \u0107e zvu\u010dnici isporu\u010diti jasno\u0107u i glasno\u0107u zvuka, \u010dine\u0107i va\u0161e prijenosno ra\u010dunalo ugodnim i za rad i za zabavu.<\/p>\n<p>Bez obzira jeste li poslovni profesionalac kojem je potreban jasan zvuk za videokonferencije ili povremeni korisnik koji u\u017eiva u gledanju filmova i slu\u0161anju glazbe, ovi originalni zamjenski zvu\u010dnici ispunit \u0107e va\u0161a o\u010dekivanja.<\/p>\n<p>Nadogradite svoje prijenosno ra\u010dunalo Lenovo V130-15IGM sa setom internih zvu\u010dnika za prijenosno ra\u010dunalo Lenovo V130-15 V130-15IGM i vratite u\u017eitak impresivnog zvuka. U\u017eivajte u svom omiljenom multimedijskom sadr\u017eaju uz pobolj\u0161anu kvalitetu zvuka, \u010dine\u0107i va\u0161e cjelokupno iskustvo prijenosnog ra\u010dunala ugodnijim i privla\u010dnijim.<\/p>\n","protected":false},"excerpt":{"rendered":"<p>Set unutarnjih zvu\u010dnika za prijenosno ra\u010dunalo Lenovo V130-15 V130-15IGM je originalni zamjenski set zvu\u010dnika dizajniran posebno za model prijenosnog ra\u010dunala Lenovo V130-15IGM. Ovi zvu\u010dnici nude o\u0161tar i jasan zvuk, osiguravaju\u0107i impresivno multimedijsko iskustvo.<\/p>\n","protected":false},"featured_media":18965,"template":"","meta":[],"product_brand":[],"product_cat":[53],"product_tag":[61],"class_list":{"0":"post-18903","1":"product","2":"type-product","3":"status-publish","4":"has-post-thumbnail","6":"product_cat-laptop-speakers","7":"product_tag-lenovo","9":"first","10":"instock","11":"taxable","12":"shipping-taxable","13":"purchasable","14":"product-type-simple"},"_links":{"self":[{"href":"https:\/\/boreait.com\/hr\/wp-json\/wp\/v2\/product\/18903","targetHints":{"allow":["GET"]}}],"collection":[{"href":"https:\/\/boreait.com\/hr\/wp-json\/wp\/v2\/product"}],"about":[{"href":"https:\/\/boreait.com\/hr\/wp-json\/wp\/v2\/types\/product"}],"wp:featuredmedia":[{"embeddable":true,"href":"https:\/\/boreait.com\/hr\/wp-json\/wp\/v2\/media\/18965"}],"wp:attachment":[{"href":"https:\/\/boreait.com\/hr\/wp-json\/wp\/v2\/media?parent=18903"}],"wp:term":[{"taxonomy":"product_brand","embeddable":true,"href":"https:\/\/boreait.com\/hr\/wp-json\/wp\/v2\/product_brand?post=18903"},{"taxonomy":"product_cat","embeddable":true,"href":"https:\/\/boreait.com\/hr\/wp-json\/wp\/v2\/product_cat?post=18903"},{"taxonomy":"product_tag","embeddable":true,"href":"https:\/\/boreait.com\/hr\/wp-json\/wp\/v2\/product_tag?post=18903"}],"curies":[{"name":"wp","href":"https:\/\/api.w.org\/{rel}","templated":true}]}}