{"id":18901,"date":"2025-07-25T10:57:00","date_gmt":"2025-07-25T10:57:00","guid":{"rendered":"https:\/\/boreait.com\/hr\/?post_type=product&#038;p=18901"},"modified":"2025-07-25T10:58:17","modified_gmt":"2025-07-25T10:58:17","slug":"prijenosno-racunalo-s-web-kamerom-lenovo-v130-15-v130-15","status":"publish","type":"product","link":"https:\/\/boreait.com\/hr\/product\/prijenosno-racunalo-s-web-kamerom-lenovo-v130-15-v130-15\/","title":{"rendered":"Prijenosno ra\u010dunalo s web kamerom Lenovo V130-15 V130-15"},"content":{"rendered":"<p>Kamera web kamere Lenovo V130-15 bitna je komponenta prijenosnog ra\u010dunala Lenovo V130-15, dizajnirana da korisnicima pru\u017ei prakti\u010dno i besprijekorno iskustvo web kamere. S ovom ugra\u0111enom web kamerom korisnici mogu sudjelovati u video pozivima, virtualnim sastancima i internetskim konferencijama bez potrebe za vanjskim kamerama.<\/p>\n<p>Ova web-kamera visoke kvalitete snima jasne i o\u0161tre videozapise, osiguravaju\u0107i u\u010dinkovitu i profesionalnu komunikaciju s kolegama, prijateljima i obitelji. Bilo da se povezujete sa suradnicima diljem svijeta ili razgovarate s voljenima, ova web kamera osigurava da vas jasno vide.<\/p>\n<p>Web kamera Lenovo V130-15 jednostavna je za kori\u0161tenje i nudi plug-and-play funkciju. Besprijekorno se integrira s operativnim sustavom prijenosnog ra\u010dunala, omogu\u0107uju\u0107i vam pristup web kameri jednim klikom. Kamera je tako\u0111er kompatibilna s raznim aplikacijama za video konferencije i komunikaciju, \u0161to je \u010dini prikladnom i za osobnu i za profesionalnu upotrebu.<\/p>\n<p>Osim videopoziva, web-kamera omogu\u0107uje snimanje fotografija i videozapisa izravno s prijenosnog ra\u010dunala. Bilo da dokumentirate nezaboravne trenutke ili stvarate sadr\u017eaj za svoje projekte, ova kamera pru\u017ea pouzdano i prakti\u010dno rje\u0161enje.<\/p>\n<p>Ovu web kameru dizajnirao je i proizveo Lenovo, pouzdano ime u ra\u010dunalnoj industriji, a zadovoljava stroge standarde kvalitete. Izdr\u017eljiv je i napravljen da izdr\u017ei redovitu upotrebu, osiguravaju\u0107i da se mo\u017eete osloniti na njega dugo vremena.<\/p>\n<p>Nadogradite svoje mogu\u0107nosti komunikacije i suradnje s kamerom web kamere Lenovo V130-15. Unaprijedite svoje online interakcije, ostanite povezani s voljenima i vodite virtualne sastanke bez napora koriste\u0107i ovaj osnovni dodatak za prijenosno ra\u010dunalo. U\u017eivajte u pogodnosti visokokvalitetne web kamere integrirane izravno u prijenosno ra\u010dunalo Lenovo V130-15, \u0161to ga \u010dini svestranim i pouzdanim ure\u0111ajem za rad i slobodno vrijeme.<\/p>\n","protected":false},"excerpt":{"rendered":"<p>Webcam kamera Lenovo V130-15 je ugra\u0111ena kamera dizajnirana posebno za model laptopa Lenovo V130-15. Ova integrirana web kamera omogu\u0107uje korisnicima video pozive, sudjelovanje u virtualnim sastancima i snimanje fotografija i videa izravno sa svog prijenosnog ra\u010dunala.<\/p>\n","protected":false},"featured_media":18963,"template":"","meta":[],"product_brand":[],"product_cat":[58],"product_tag":[61],"class_list":{"0":"post-18901","1":"product","2":"type-product","3":"status-publish","4":"has-post-thumbnail","6":"product_cat-laptop-camera","7":"product_tag-lenovo","9":"first","10":"instock","11":"taxable","12":"shipping-taxable","13":"purchasable","14":"product-type-simple"},"_links":{"self":[{"href":"https:\/\/boreait.com\/hr\/wp-json\/wp\/v2\/product\/18901","targetHints":{"allow":["GET"]}}],"collection":[{"href":"https:\/\/boreait.com\/hr\/wp-json\/wp\/v2\/product"}],"about":[{"href":"https:\/\/boreait.com\/hr\/wp-json\/wp\/v2\/types\/product"}],"wp:featuredmedia":[{"embeddable":true,"href":"https:\/\/boreait.com\/hr\/wp-json\/wp\/v2\/media\/18963"}],"wp:attachment":[{"href":"https:\/\/boreait.com\/hr\/wp-json\/wp\/v2\/media?parent=18901"}],"wp:term":[{"taxonomy":"product_brand","embeddable":true,"href":"https:\/\/boreait.com\/hr\/wp-json\/wp\/v2\/product_brand?post=18901"},{"taxonomy":"product_cat","embeddable":true,"href":"https:\/\/boreait.com\/hr\/wp-json\/wp\/v2\/product_cat?post=18901"},{"taxonomy":"product_tag","embeddable":true,"href":"https:\/\/boreait.com\/hr\/wp-json\/wp\/v2\/product_tag?post=18901"}],"curies":[{"name":"wp","href":"https:\/\/api.w.org\/{rel}","templated":true}]}}