{"id":18900,"date":"2025-07-25T10:57:00","date_gmt":"2025-07-25T10:57:00","guid":{"rendered":"https:\/\/boreait.com\/hr\/?post_type=product&#038;p=18900"},"modified":"2025-07-25T10:58:15","modified_gmt":"2025-07-25T10:58:15","slug":"originalni-lenovo-thinkpad-t510-multi-writer-cd-dvd-rw-pogon-uj8a0a","status":"publish","type":"product","link":"https:\/\/boreait.com\/hr\/product\/originalni-lenovo-thinkpad-t510-multi-writer-cd-dvd-rw-pogon-uj8a0a\/","title":{"rendered":"Originalni Lenovo ThinkPad T510 Multi-Writer CD\/DVD RW pogon &#8211; UJ8A0A"},"content":{"rendered":"<p>Originalni Lenovo ThinkPad T510 Multi-Writer CD\/DVD RW pogon &#8211; UJ8A0A je autenti\u010dni opti\u010dki pogon koji proizvodi Lenovo, posebno za kori\u0161tenje s prijenosnim ra\u010dunalima ThinkPad T510. Omogu\u0107uje besprijekornu funkcionalnost za \u010ditanje i pisanje CD-ova i DVD-ova, \u0161to ga \u010dini vrijednim dodatkom za pohranu podataka, instalaciju softvera i multimedijske svrhe.<\/p>\n<p>Sa svojim mehanizmom za ulaganje u ladicu, UJ8A0A omogu\u0107uje jednostavno i glatko umetanje i izbacivanje diskova. To je korisniku prilago\u0111eno rje\u0161enje za upravljanje va\u0161im potrebama opti\u010dkih medija na va\u0161em ThinkPad T510.<\/p>\n<p>Postupak instalacije za originalni Lenovo ThinkPad T510 Multi-Writer CD\/DVD RW pogon &#8211; UJ8A0A je jednostavan. Zamijenite svoj postoje\u0107i opti\u010dki pogon ovim originalnim Lenovo dodatkom i on \u0107e se neprimjetno integrirati sa sustavom va\u0161eg ThinkPad T510.<\/p>\n<p>Dizajniran imaju\u0107i na umu izdr\u017eljivost, UJ8A0A pru\u017ea dosljednu izvedbu tijekom vremena, osiguravaju\u0107i da se mo\u017eete osloniti na njega za razne zadatke i aktivnosti. Bilo da trebate snimiti va\u017ene podatke na CD-ove ili DVD-ove, instalirati softverske aplikacije ili gledati omiljene filmove, ovaj originalni Lenovo opti\u010dki pogon dorastao je tom zadatku.<\/p>\n<p>Nadogradite svoj Lenovo ThinkPad T510 s originalnim Lenovo ThinkPad T510 Multi-Writer CD\/DVD RW pogonom &#8211; UJ8A0A i u\u017eivajte u pogodnostima pouzdanog i u\u010dinkovitog opti\u010dkog pogona prilago\u0111enog modelu va\u0161eg prijenosnog ra\u010dunala. Pobolj\u0161ajte svoju produktivnost i multimedijsko iskustvo s ovim originalnim Lenovo dodatkom.<\/p>\n","protected":false},"excerpt":{"rendered":"<p>Originalni Lenovo ThinkPad T510 Multi-Writer CD\/DVD RW pogon &#8211; UJ8A0A je originalni opti\u010dki pogon dizajniran posebno za prijenosna ra\u010dunala Lenovo ThinkPad T510. Omogu\u0107uje vam \u010ditanje i pisanje CD-ova i DVD-ova, \u0161to ga \u010dini svestranim dodatkom za razne zadatke.<\/p>\n","protected":false},"featured_media":18962,"template":"","meta":[],"product_brand":[],"product_cat":[62],"product_tag":[61],"class_list":{"0":"post-18900","1":"product","2":"type-product","3":"status-publish","4":"has-post-thumbnail","6":"product_cat-motherboards-board-parts","7":"product_tag-lenovo","9":"first","10":"instock","11":"taxable","12":"shipping-taxable","13":"purchasable","14":"product-type-simple"},"_links":{"self":[{"href":"https:\/\/boreait.com\/hr\/wp-json\/wp\/v2\/product\/18900","targetHints":{"allow":["GET"]}}],"collection":[{"href":"https:\/\/boreait.com\/hr\/wp-json\/wp\/v2\/product"}],"about":[{"href":"https:\/\/boreait.com\/hr\/wp-json\/wp\/v2\/types\/product"}],"wp:featuredmedia":[{"embeddable":true,"href":"https:\/\/boreait.com\/hr\/wp-json\/wp\/v2\/media\/18962"}],"wp:attachment":[{"href":"https:\/\/boreait.com\/hr\/wp-json\/wp\/v2\/media?parent=18900"}],"wp:term":[{"taxonomy":"product_brand","embeddable":true,"href":"https:\/\/boreait.com\/hr\/wp-json\/wp\/v2\/product_brand?post=18900"},{"taxonomy":"product_cat","embeddable":true,"href":"https:\/\/boreait.com\/hr\/wp-json\/wp\/v2\/product_cat?post=18900"},{"taxonomy":"product_tag","embeddable":true,"href":"https:\/\/boreait.com\/hr\/wp-json\/wp\/v2\/product_tag?post=18900"}],"curies":[{"name":"wp","href":"https:\/\/api.w.org\/{rel}","templated":true}]}}