{"id":18884,"date":"2025-07-25T10:56:35","date_gmt":"2025-07-25T10:56:35","guid":{"rendered":"https:\/\/boreait.com\/hr\/?post_type=product&#038;p=18884"},"modified":"2025-07-25T10:58:08","modified_gmt":"2025-07-25T10:58:08","slug":"lenovo-z50-70-20354-dvd-cd-odd-opticki-pogon-writer-sata-su-208-gucon-guc0n","status":"publish","type":"product","link":"https:\/\/boreait.com\/hr\/product\/lenovo-z50-70-20354-dvd-cd-odd-opticki-pogon-writer-sata-su-208-gucon-guc0n\/","title":{"rendered":"Lenovo Z50 70 20354 DVD CD ODD Opti\u010dki pogon Writer SATA SU-208 GUCON GUC0N"},"content":{"rendered":"<p>Lenovo Z50-70 20354 DVD\/CD ODD opti\u010dki pogon SATA SU-208 GUCON GUC0N je originalni OEM opti\u010dki pogon izra\u0111en da savr\u0161eno pristaje i funkcionira s prijenosnim ra\u010dunalima Lenovo Z50-70 20354. Nudi pobolj\u0161anu razinu svestranosti, omogu\u0107uju\u0107i vam \u010ditanje i pisanje razli\u010ditih formata CD-ova i DVD-ova.<\/p>\n<p>Lenovo Z50-70 20354 DVD\/CD ODD opti\u010dki pisa\u010d SATA SU-208 GUCON GUC0N omogu\u0107uje vam prakti\u010dno sigurnosno kopiranje bitnih podataka, instaliranje softverskih aplikacija i u\u017eivanje u va\u0161im omiljenim filmovima, glazbi ili drugom multimedijskom sadr\u017eaju. Ovaj DVD\/CD pisa\u010d vrijedan je dodatak za studente, profesionalce ili bilo koga tko tra\u017ei besprijekoran pristup opti\u010dkim medijima.<\/p>\n<p>Zamjena opti\u010dkog pogona na va\u0161em laptopu Lenovo Z50-70 20354 Lenovo Z50-70 20354 DVD\/CD ODD pisa\u010d opti\u010dkog pogona SATA SU-208 GUCON GUC0N je jednostavan zadatak. Jednostavno zamijenite postoje\u0107i opti\u010dki pogon s ovim originalnim OEM DVD\/CD snima\u010dem i on \u0107e se neprimjetno integrirati u sustav va\u0161eg prijenosnog ra\u010dunala.<\/p>\n<p>Dizajniran imaju\u0107i na umu trajnost, Lenovo Z50-70 20354 DVD\/CD ODD pisa\u010d opti\u010dkog pogona SATA SU-208 GUCON GUC0N osigurava pouzdane i dosljedne performanse. Njegov glatki mehanizam za umetanje u ladicu omogu\u0107uje jednostavno umetanje i uklanjanje diskova, pru\u017eaju\u0107i iskustvo bez muke.<\/p>\n<p>Nadogradite svoje prijenosno ra\u010dunalo Lenovo Z50-70 20354 s Lenovo Z50-70 20354 DVD\/CD ODD opti\u010dkim pogonom za snimanje SATA SU-208 GUCON GUC0N i iskusite pogodnost pristupa, stvaranja i upravljanja podacima na CD-ovima i DVD-ima bez napora. Bilo za posao, zabavu ili pohranu podataka, ovaj originalni zamjenski opti\u010dki pogon neophodan je dodatak za va\u0161e prijenosno ra\u010dunalo.<\/p>\n","protected":false},"excerpt":{"rendered":"<p>Lenovo Z50-70 20354 DVD\/CD ODD opti\u010dki pogon SATA SU-208 GUCON GUC0N je originalni zamjenski opti\u010dki pogon dizajniran za prijenosna ra\u010dunala Lenovo Z50-70 20354. Ovaj DVD\/CD snima\u010d vam omogu\u0107uje \u010ditanje i pisanje raznih vrsta CD-ova i DVD-ova, \u0161to ga \u010dini idealnim za sigurnosno kopiranje podataka, instaliranje softvera i reprodukciju medija.<\/p>\n","protected":false},"featured_media":18952,"template":"","meta":[],"product_brand":[],"product_cat":[62],"product_tag":[61],"class_list":{"0":"post-18884","1":"product","2":"type-product","3":"status-publish","4":"has-post-thumbnail","6":"product_cat-motherboards-board-parts","7":"product_tag-lenovo","9":"first","10":"instock","11":"taxable","12":"shipping-taxable","13":"purchasable","14":"product-type-simple"},"_links":{"self":[{"href":"https:\/\/boreait.com\/hr\/wp-json\/wp\/v2\/product\/18884","targetHints":{"allow":["GET"]}}],"collection":[{"href":"https:\/\/boreait.com\/hr\/wp-json\/wp\/v2\/product"}],"about":[{"href":"https:\/\/boreait.com\/hr\/wp-json\/wp\/v2\/types\/product"}],"wp:featuredmedia":[{"embeddable":true,"href":"https:\/\/boreait.com\/hr\/wp-json\/wp\/v2\/media\/18952"}],"wp:attachment":[{"href":"https:\/\/boreait.com\/hr\/wp-json\/wp\/v2\/media?parent=18884"}],"wp:term":[{"taxonomy":"product_brand","embeddable":true,"href":"https:\/\/boreait.com\/hr\/wp-json\/wp\/v2\/product_brand?post=18884"},{"taxonomy":"product_cat","embeddable":true,"href":"https:\/\/boreait.com\/hr\/wp-json\/wp\/v2\/product_cat?post=18884"},{"taxonomy":"product_tag","embeddable":true,"href":"https:\/\/boreait.com\/hr\/wp-json\/wp\/v2\/product_tag?post=18884"}],"curies":[{"name":"wp","href":"https:\/\/api.w.org\/{rel}","templated":true}]}}