{"id":18883,"date":"2025-07-25T10:56:35","date_gmt":"2025-07-25T10:56:35","guid":{"rendered":"https:\/\/boreait.com\/hr\/?post_type=product&#038;p=18883"},"modified":"2025-07-25T10:58:05","modified_gmt":"2025-07-25T10:58:05","slug":"lenovo-thinkpad-t520-dvd-multi-iii-dvd-rw-pogon-ad-7710h-45n7542-75y5112-oem","status":"publish","type":"product","link":"https:\/\/boreait.com\/hr\/product\/lenovo-thinkpad-t520-dvd-multi-iii-dvd-rw-pogon-ad-7710h-45n7542-75y5112-oem\/","title":{"rendered":"Lenovo ThinkPad T520 DVD Multi III DVD-RW pogon AD-7710H 45N7542 75Y5112 OEM"},"content":{"rendered":"<p>Lenovo ThinkPad T520 DVD Multi III DVD-RW pogon AD-7710H je opti\u010dki pogon proizvo\u0111a\u010da originalne opreme (OEM) prilago\u0111en da odgovara i besprijekorno funkcionira s prijenosnim ra\u010dunalima Lenovo ThinkPad T520. To je bitan dodatak koji pove\u0107ava svestranost va\u0161eg prijenosnog ra\u010dunala pru\u017eaju\u0107i mogu\u0107nost \u010ditanja i pisanja razli\u010ditih vrsta CD-ova i DVD-ova.<\/p>\n<p>Sa Lenovo ThinkPad T520 DVD Multi III DVD-RW pogonom AD-7710H mo\u017eete prakti\u010dno sigurnosno kopirati va\u017ene podatke, instalirati softverske aplikacije i u\u017eivati u omiljenim filmovima, glazbi ili drugim multimedijskim sadr\u017eajima. Bilo da ste student, poslovni profesionalac ili zaljubljenik u zabavu, ovaj DVD-RW pogon nudi pouzdane performanse koje zadovoljavaju va\u0161e potrebe.<\/p>\n<p>Instaliranje Lenovo ThinkPad T520 DVD Multi III DVD-RW pogona AD-7710H jednostavan je postupak. Jednostavno zamijenite svoj postoje\u0107i opti\u010dki pogon ovim OEM DVD-RW pogonom i on \u0107e se neprimjetno integrirati s va\u0161im prijenosnim ra\u010dunalom Lenovo ThinkPad T520.<\/p>\n<p>Napravljen imaju\u0107i na umu izdr\u017eljivost, Lenovo ThinkPad T520 DVD Multi III DVD-RW pogon AD-7710H osigurava dugovje\u010dnost i dosljednu izvedbu. Njegov mehanizam za umetanje u ladicu omogu\u0107uje jednostavno umetanje i uklanjanje diskova, pru\u017eaju\u0107i vam iskustvo bez muke.<\/p>\n<p>Nadogradite svoje prijenosno ra\u010dunalo Lenovo ThinkPad T520 s Lenovo ThinkPad T520 DVD Multi III DVD-RW pogonom AD-7710H i u\u017eivajte u pogodnostima lakog pristupa, stvaranja i upravljanja podacima na CD-ovima i DVD-ovima. Bilo za posao ili zabavu, ovaj originalni OEM opti\u010dki pogon je pouzdan i bitan dodatak va\u0161em prijenosnom ra\u010dunalu.<\/p>\n","protected":false},"excerpt":{"rendered":"<p>Lenovo ThinkPad T520 DVD Multi III DVD-RW pogon AD-7710H je originalni OEM opti\u010dki pogon dizajniran posebno za prijenosna ra\u010dunala Lenovo ThinkPad T520. Ovaj DVD-RW pogon vam omogu\u0107uje \u010ditanje i pisanje raznih vrsta CD-ova i DVD-ova, \u0161to ga \u010dini savr\u0161enim za sigurnosno kopiranje podataka, instaliranje softvera i reprodukciju medija.<\/p>\n","protected":false},"featured_media":18951,"template":"","meta":[],"product_brand":[],"product_cat":[62],"product_tag":[61],"class_list":{"0":"post-18883","1":"product","2":"type-product","3":"status-publish","4":"has-post-thumbnail","6":"product_cat-motherboards-board-parts","7":"product_tag-lenovo","9":"first","10":"instock","11":"taxable","12":"shipping-taxable","13":"purchasable","14":"product-type-simple"},"_links":{"self":[{"href":"https:\/\/boreait.com\/hr\/wp-json\/wp\/v2\/product\/18883","targetHints":{"allow":["GET"]}}],"collection":[{"href":"https:\/\/boreait.com\/hr\/wp-json\/wp\/v2\/product"}],"about":[{"href":"https:\/\/boreait.com\/hr\/wp-json\/wp\/v2\/types\/product"}],"wp:featuredmedia":[{"embeddable":true,"href":"https:\/\/boreait.com\/hr\/wp-json\/wp\/v2\/media\/18951"}],"wp:attachment":[{"href":"https:\/\/boreait.com\/hr\/wp-json\/wp\/v2\/media?parent=18883"}],"wp:term":[{"taxonomy":"product_brand","embeddable":true,"href":"https:\/\/boreait.com\/hr\/wp-json\/wp\/v2\/product_brand?post=18883"},{"taxonomy":"product_cat","embeddable":true,"href":"https:\/\/boreait.com\/hr\/wp-json\/wp\/v2\/product_cat?post=18883"},{"taxonomy":"product_tag","embeddable":true,"href":"https:\/\/boreait.com\/hr\/wp-json\/wp\/v2\/product_tag?post=18883"}],"curies":[{"name":"wp","href":"https:\/\/api.w.org\/{rel}","templated":true}]}}