{"id":18882,"date":"2025-07-25T10:56:35","date_gmt":"2025-07-25T10:56:35","guid":{"rendered":"https:\/\/boreait.com\/hr\/?post_type=product&#038;p=18882"},"modified":"2025-12-25T10:23:03","modified_gmt":"2025-12-25T10:23:03","slug":"hp-dvd-cd-pogon-za-ponovno-snimanje-du-8a6sh111b","status":"publish","type":"product","link":"https:\/\/boreait.com\/hr\/product\/hp-dvd-cd-pogon-za-ponovno-snimanje-du-8a6sh111b\/","title":{"rendered":"HP DVD\/CD pogon za ponovno snimanje DU-8A6SH111B"},"content":{"rendered":"<p>HP DVD\/CD rewritable pogon DU-8A6SH111B bitan je dodatak za va\u0161e HP prijenosno ra\u010dunalo, pru\u017eaju\u0107i vam mogu\u0107nost \u010ditanja i pisanja CD-ova i DVD-ova. Bilo da trebate sigurnosno kopirati va\u017ene podatke, instalirati softver ili u\u017eivati u omiljenim filmovima i glazbi, ovaj opti\u010dki pogon dorastao je tom zadatku.<\/p>\n<p>Sa svojim velikim brzinama prijenosa podataka i u\u010dinkovitim radom, HP DVD\/CD prepisivi pogon DU-8A6SH111B osigurava gladak i pouzdan rad. Dizajniran je za rukovanje raznim vrstama CD-ova i DVD-ova, uklju\u010duju\u0107i CD-R, CD-RW, DVD-R, DVD-RW i vi\u0161e, \u0161to ga \u010dini svestranim rje\u0161enjem za va\u0161e potrebe za pohranom podataka i reprodukcijom medija.<\/p>\n<p>Instalacija HP DVD\/CD pogona za ponovno snimanje DU-8A6SH111B je jednostavna i izravna. Kompatibilan je sa \u0161irokim rasponom HP prijenosnih ra\u010dunala, osiguravaju\u0107i besprijekornu integraciju s va\u0161im ure\u0111ajem. Jednostavno zamijenite svoj postoje\u0107i opti\u010dki pogon ovim HP DVD\/CD pogonom za ponovno snimanje i odmah \u0107ete biti spremni za kori\u0161tenje.<\/p>\n<p>HP DVD\/CD prepisivi pogon DU-8A6SH111B napravljen je imaju\u0107i na umu izdr\u017eljivost, osiguravaju\u0107i da \u0107e vam dobro slu\u017eiti dugo vremena. Njegov mehanizam za umetanje u ladicu omogu\u0107uje jednostavno umetanje i uklanjanje diskova, pru\u017eaju\u0107i vam rad bez muke.<\/p>\n<p>Bez obzira jeste li student, profesionalac ili jednostavno netko tko u\u017eiva u gledanju filmova i slu\u0161anju glazbe na svom prijenosnom ra\u010dunalu, HP DVD\/CD rewritable pogon DU-8A6SH111B je pouzdana i neophodna komponenta. Nadogradite svoje HP prijenosno ra\u010dunalo s ovim svestranim opti\u010dkim pogonom i u\u017eivajte u pogodnosti pristupa, stvaranja i upravljanja podacima na CD-ovima i DVD-ima s lako\u0107om.<\/p>\n","protected":false},"excerpt":{"rendered":"<p>HP DVD\/CD prepisivi pogon DU-8A6SH111B svestrani je opti\u010dki pogon koji vam omogu\u0107uje \u010ditanje i pisanje raznih vrsta CD-ova i DVD-ova. Kompatibilan je sa \u0161irokim rasponom HP prijenosnih ra\u010dunala i pru\u017ea pouzdane performanse za sigurnosno kopiranje podataka, instalacije softvera i reprodukciju medija.<\/p>\n","protected":false},"featured_media":18950,"template":"","meta":[],"product_brand":[],"product_cat":[62],"product_tag":[60],"class_list":{"0":"post-18882","1":"product","2":"type-product","3":"status-publish","4":"has-post-thumbnail","6":"product_cat-motherboards-board-parts","7":"product_tag-hp","9":"first","10":"instock","11":"taxable","12":"shipping-taxable","13":"purchasable","14":"product-type-simple"},"_links":{"self":[{"href":"https:\/\/boreait.com\/hr\/wp-json\/wp\/v2\/product\/18882","targetHints":{"allow":["GET"]}}],"collection":[{"href":"https:\/\/boreait.com\/hr\/wp-json\/wp\/v2\/product"}],"about":[{"href":"https:\/\/boreait.com\/hr\/wp-json\/wp\/v2\/types\/product"}],"wp:featuredmedia":[{"embeddable":true,"href":"https:\/\/boreait.com\/hr\/wp-json\/wp\/v2\/media\/18950"}],"wp:attachment":[{"href":"https:\/\/boreait.com\/hr\/wp-json\/wp\/v2\/media?parent=18882"}],"wp:term":[{"taxonomy":"product_brand","embeddable":true,"href":"https:\/\/boreait.com\/hr\/wp-json\/wp\/v2\/product_brand?post=18882"},{"taxonomy":"product_cat","embeddable":true,"href":"https:\/\/boreait.com\/hr\/wp-json\/wp\/v2\/product_cat?post=18882"},{"taxonomy":"product_tag","embeddable":true,"href":"https:\/\/boreait.com\/hr\/wp-json\/wp\/v2\/product_tag?post=18882"}],"curies":[{"name":"wp","href":"https:\/\/api.w.org\/{rel}","templated":true}]}}