{"id":18879,"date":"2025-07-25T10:56:35","date_gmt":"2025-07-25T10:56:35","guid":{"rendered":"https:\/\/boreait.com\/hr\/?post_type=product&#038;p=18879"},"modified":"2025-07-25T10:57:55","modified_gmt":"2025-07-25T10:57:55","slug":"originalni-lenovo-thinkpad-e570-01en349-cd-dvd-disk-drive-prijenosno-racunalo-gue0n","status":"publish","type":"product","link":"https:\/\/boreait.com\/hr\/product\/originalni-lenovo-thinkpad-e570-01en349-cd-dvd-disk-drive-prijenosno-racunalo-gue0n\/","title":{"rendered":"Originalni Lenovo ThinkPad E570 01EN349 CD DVD disk Drive prijenosno ra\u010dunalo GUE0N"},"content":{"rendered":"<p>Nadogradite svoje prijenosno ra\u010dunalo Lenovo ThinkPad E570 s originalnim Lenovo ThinkPad E570 01EN349 CD DVD pogonom (GUE0N), pouzdanim opti\u010dkim pogonom visokih performansi. Dizajniran posebno za seriju ThinkPad E570, ovaj pogon nudi besprijekornu kompatibilnost i funkcionalnost.<\/p>\n<p>Originalni Lenovo ThinkPad E570 01EN349 CD DVD pogon (GUE0N) omogu\u0107uje vam \u010ditanje i pisanje raznih vrsta CD-ova i DVD-ova, \u0161to ga \u010dini svestranim rje\u0161enjem za va\u0161e potrebe za pohranom podataka i medijima. Izradite sigurnosne kopije va\u017enih dokumenata, snimite svoju omiljenu glazbu na CD-ove ili gledajte filmove u pokretu s ovim prakti\u010dnim opti\u010dkim pogonom.<\/p>\n<p>Sa svojim brzim prijenosom podataka i u\u010dinkovitom izvedbom, ovaj pogon osigurava gladak i pouzdan rad. Bez obzira kopirate li velike datoteke, snimate diskove ili gledate video zapise visoke razlu\u010divosti, originalni Lenovo ThinkPad E570 01EN349 CD DVD pogon (GUE0N) daje izvrsne rezultate.<\/p>\n<p>Instalacija je laka jer ovaj opti\u010dki pogon neprimjetno pristaje u le\u017ei\u0161te opti\u010dkog pogona prijenosnog ra\u010dunala Lenovo ThinkPad E570. U\u017eivajte u jednostavnosti i pogodnosti plug-and-play funkcionalnosti, tako da mo\u017eete po\u010deti koristiti pogon odmah bez ikakvog dodatnog pode\u0161avanja.<\/p>\n<p>Originalni Lenovo ThinkPad E570 01EN349 CD DVD pogon (GUE0N) napravljen je imaju\u0107i na umu izdr\u017eljivost i dugotrajnost, osiguravaju\u0107i da \u0107e vam dobro slu\u017eiti dugo vremena. Njegov mehanizam za umetanje u ladicu omogu\u0107uje jednostavno umetanje i uklanjanje diskova, pru\u017eaju\u0107i vam rad bez muke.<\/p>\n<p>Pro\u0161irite funkcionalnost va\u0161eg Lenovo ThinkPad E570 ovim pouzdanim i originalnim CD DVD pogonom. Do\u017eivite slobodu pristupa, stvaranja i upravljanja podacima na CD-ovima i DVD-ima s lako\u0107om. Bilo da trebate instalirati softver, gledati DVD-ove ili sigurnosno kopirati va\u017ene datoteke, originalni Lenovo ThinkPad E570 01EN349 CD DVD pogon (GUE0N) bitan je dodatak va\u0161em prijenosnom ra\u010dunalu.<\/p>\n","protected":false},"excerpt":{"rendered":"<p>Originalni Lenovo ThinkPad E570 01EN349 CD DVD pogon (GUE0N) pouzdan je i svestran opti\u010dki pogon dizajniran posebno za prijenosna ra\u010dunala Lenovo ThinkPad E570. Ovaj vam pogon omogu\u0107uje \u010ditanje i pisanje raznih vrsta CD-ova i DVD-ova, \u0161to ga \u010dini savr\u0161enim za sigurnosno kopiranje podataka, instaliranje softvera i reprodukciju medija.<\/p>\n","protected":false},"featured_media":18947,"template":"","meta":[],"product_brand":[],"product_cat":[62],"product_tag":[61],"class_list":{"0":"post-18879","1":"product","2":"type-product","3":"status-publish","4":"has-post-thumbnail","6":"product_cat-motherboards-board-parts","7":"product_tag-lenovo","9":"first","10":"instock","11":"taxable","12":"shipping-taxable","13":"purchasable","14":"product-type-simple"},"_links":{"self":[{"href":"https:\/\/boreait.com\/hr\/wp-json\/wp\/v2\/product\/18879","targetHints":{"allow":["GET"]}}],"collection":[{"href":"https:\/\/boreait.com\/hr\/wp-json\/wp\/v2\/product"}],"about":[{"href":"https:\/\/boreait.com\/hr\/wp-json\/wp\/v2\/types\/product"}],"wp:featuredmedia":[{"embeddable":true,"href":"https:\/\/boreait.com\/hr\/wp-json\/wp\/v2\/media\/18947"}],"wp:attachment":[{"href":"https:\/\/boreait.com\/hr\/wp-json\/wp\/v2\/media?parent=18879"}],"wp:term":[{"taxonomy":"product_brand","embeddable":true,"href":"https:\/\/boreait.com\/hr\/wp-json\/wp\/v2\/product_brand?post=18879"},{"taxonomy":"product_cat","embeddable":true,"href":"https:\/\/boreait.com\/hr\/wp-json\/wp\/v2\/product_cat?post=18879"},{"taxonomy":"product_tag","embeddable":true,"href":"https:\/\/boreait.com\/hr\/wp-json\/wp\/v2\/product_tag?post=18879"}],"curies":[{"name":"wp","href":"https:\/\/api.w.org\/{rel}","templated":true}]}}