{"id":18840,"date":"2025-07-25T10:55:48","date_gmt":"2025-07-25T10:55:48","guid":{"rendered":"https:\/\/boreait.com\/hr\/?post_type=product&#038;p=18840"},"modified":"2025-07-25T10:57:04","modified_gmt":"2025-07-25T10:57:04","slug":"ap1jv000290-originalni-lenovo-straznji-mask-ideapad-3-15iil05","status":"publish","type":"product","link":"https:\/\/boreait.com\/hr\/product\/ap1jv000290-originalni-lenovo-straznji-mask-ideapad-3-15iil05\/","title":{"rendered":"AP1JV000290 ORIGINALNI LENOVO STRA\u017dNJI MASK IDEAPAD 3 15IIL05"},"content":{"rendered":"<p><strong>NEKE OTROBOTINE KAO \u0160TO SE VIDI NA FOTOGRAFIJAMA NA POPISU!<\/strong><\/p>\n<p>Originalni Lenovo stra\u017enji poklopac AP1JV000290 savr\u0161en je zamjenski dio za va\u0161e prijenosno ra\u010dunalo Lenovo Ideapad 3-15IIL05. Ovaj stra\u017enji poklopac izra\u0111en je od visokokvalitetnih materijala koji osiguravaju izdr\u017eljivost i za\u0161titu unutarnjih komponenti va\u0161eg prijenosnog ra\u010dunala.<\/p>\n<p>Dizajniran da precizno pristaje na Ideapad 3-15IIL05, stra\u017enji poklopac AP1JV000290 omogu\u0107uje besprijekorno i udobno pristajanje, daju\u0107i va\u0161em prijenosnom ra\u010dunalu \u010dist i ugla\u0111en izgled. Svojom izvornom robnom markom i dizajnom Lenovo zadr\u017eava izvornu estetiku va\u0161eg prijenosnog ra\u010dunala.<\/p>\n<p>Ako je stra\u017enji poklopac va\u0161eg Ideapada 3-15IIL05 napuknut, izgreban ili o\u0161te\u0107en, pametan je izbor da ga zamijenite AP1JV000290 originalnim Lenovo stra\u017enjim poklopcem. Ova originalna Lenovo komponenta osigurava da je va\u0161e prijenosno ra\u010dunalo za\u0161ti\u0107eno od pra\u0161ine, krhotina i slu\u010dajnih o\u0161te\u0107enja, poma\u017eu\u0107i produ\u017eiti njegov vijek trajanja.<\/p>\n<p>Zamjena stra\u017enjeg poklopca jednostavan je postupak i prikladan je za korisnike svih razina iskustva. S AP1JV000290 originalnim Lenovo stra\u017enjim poklopcem mo\u017eete povratiti izgled i funkcionalnost svog prijenosnog ra\u010dunala, \u010dine\u0107i ga tako da ponovno izgleda kao novo.<\/p>\n<p>Ulo\u017eite u AP1JV000290 originalni Lenovo stra\u017enji poklopac kako bi va\u0161 Ideapad 3-15IIL05 izgledao elegantno i dobro za\u0161ti\u0107en. Ovaj visokokvalitetni stra\u017enji poklopac originalni je proizvod tvrtke Lenovo koji osigurava savr\u0161eno pristajanje i pouzdan rad. Nadogradite svoje prijenosno ra\u010dunalo ovim zamjenskim stra\u017enjim poklopcem i u\u017eivajte u osvje\u017eenom Ideapad 3-15IIL05 profesionalnog izgleda.<\/p>\n","protected":false},"excerpt":{"rendered":"<p>AP1JV000290 Originalni stra\u017enji poklopac Lenovo je visokokvalitetni zamjenski dio dizajniran za prijenosna ra\u010dunala Lenovo Ideapad 3-15IIL05. Ovaj stra\u017enji poklopac predstavlja izdr\u017eljivo i elegantno rje\u0161enje za zamjenu o\u0161te\u0107enog ili istro\u0161enog omota. Vratite izvorni izgled i za\u0161titu svom Ideapad 3-15IIL05 s ovom originalnom Lenovo komponentom.<\/p>\n","protected":false},"featured_media":18896,"template":"","meta":[],"product_brand":[],"product_cat":[51],"product_tag":[61],"class_list":{"0":"post-18840","1":"product","2":"type-product","3":"status-publish","4":"has-post-thumbnail","6":"product_cat-laptop-housing","7":"product_tag-lenovo","9":"first","10":"instock","11":"taxable","12":"shipping-taxable","13":"purchasable","14":"product-type-simple"},"_links":{"self":[{"href":"https:\/\/boreait.com\/hr\/wp-json\/wp\/v2\/product\/18840","targetHints":{"allow":["GET"]}}],"collection":[{"href":"https:\/\/boreait.com\/hr\/wp-json\/wp\/v2\/product"}],"about":[{"href":"https:\/\/boreait.com\/hr\/wp-json\/wp\/v2\/types\/product"}],"wp:featuredmedia":[{"embeddable":true,"href":"https:\/\/boreait.com\/hr\/wp-json\/wp\/v2\/media\/18896"}],"wp:attachment":[{"href":"https:\/\/boreait.com\/hr\/wp-json\/wp\/v2\/media?parent=18840"}],"wp:term":[{"taxonomy":"product_brand","embeddable":true,"href":"https:\/\/boreait.com\/hr\/wp-json\/wp\/v2\/product_brand?post=18840"},{"taxonomy":"product_cat","embeddable":true,"href":"https:\/\/boreait.com\/hr\/wp-json\/wp\/v2\/product_cat?post=18840"},{"taxonomy":"product_tag","embeddable":true,"href":"https:\/\/boreait.com\/hr\/wp-json\/wp\/v2\/product_tag?post=18840"}],"curies":[{"name":"wp","href":"https:\/\/api.w.org\/{rel}","templated":true}]}}