{"id":18824,"date":"2025-07-25T10:55:26","date_gmt":"2025-07-25T10:55:26","guid":{"rendered":"https:\/\/boreait.com\/hr\/?post_type=product&#038;p=18824"},"modified":"2026-01-07T09:06:14","modified_gmt":"2026-01-07T09:06:14","slug":"hma851s6djr6n-xn-hynix-memorija-laptop-memorija-4gb-1rx16-pc4-3200aa-sc0-11","status":"publish","type":"product","link":"https:\/\/boreait.com\/hr\/product\/hma851s6djr6n-xn-hynix-memorija-laptop-memorija-4gb-1rx16-pc4-3200aa-sc0-11\/","title":{"rendered":"HMA851S6DJR6N-XN HYNIX MEMORIJA LAPTOP MEMORIJA &#8211; 4GB 1RX16 PC4-3200AA-SC0-11"},"content":{"rendered":"<p>Nadogradite memoriju svog prijenosnog ra\u010dunala s Hynix HMA851S6DJR6N-XN, memorijskim modulom prijenosnog ra\u010dunala visokih performansi dizajniranim za pobolj\u0161anje brzine i odziva va\u0161eg sustava. S 4 GB DDR4 RAM-a i konfiguracijom 1Rx16, ovaj memorijski modul pru\u017ea dovoljno kapaciteta za glatkiji multitasking i pobolj\u0161ane ukupne ra\u010dunalne performanse.<\/p>\n<p>Hynix HMA851S6DJR6N-XN projektiran je da zadovolji stroge standarde kvalitete, osiguravaju\u0107i pouzdanost i stabilnost tijekom velikih radnih optere\u0107enja i zahtjevnih aplikacija. Sa svojim brzim prijenosom podataka, ovaj memorijski modul smanjuje ka\u0161njenje i pobolj\u0161ava odziv, \u0161to ga \u010dini idealnim za razne ra\u010dunalne zadatke, od pregledavanja weba i ure\u0111ivanja dokumenata do reprodukcije multimedije i laganih igara.<\/p>\n<p>Instalacija je jednostavna i prilago\u0111ena korisniku, \u0161to olak\u0161ava nadogradnju memorije prijenosnih ra\u010dunala \u010dak i korisnicima koji nisu upu\u0107eni u tehnologiju. Jednom kada ga instalirate, primijetit \u0107ete zna\u010dajan napredak u performansama prijenosnog ra\u010dunala, \u0161to vam omogu\u0107uje istovremeno pokretanje vi\u0161e aplikacija bez usporavanja.<\/p>\n<p>Nadalje, Hynix HMA851S6DJR6N-XN memorijski modul je energetski u\u010dinkovit, \u0161to pridonosi duljem trajanju baterije va\u0161eg prijenosnog ra\u010dunala. Radi na niskom naponu, smanjuju\u0107i potro\u0161nju energije uz zadr\u017eavanje vrhunske u\u010dinkovitosti. To ga \u010dini prikladnim izborom i za korisnike koji su usmjereni na produktivnost i za one koji cijene produljeno vrijeme rada baterije u pokretu.<\/p>\n<p>Bez obzira jeste li student, profesionalac ili povremeni korisnik, nadogradnja memorije prijenosnog ra\u010dunala s Hynix HMA851S6DJR6N-XN mo\u017ee transformirati va\u0161e ra\u010dunalno iskustvo.<\/p>\n","protected":false},"excerpt":{"rendered":"<p>Pove\u0107ajte performanse svog prijenosnog ra\u010dunala s Hynix HMA851S6DJR6N-XN memorijskim modulom. Ova visokokvalitetna memorija prijenosnog ra\u010dunala nudi 4 GB DDR4 RAM-a, pru\u017eaju\u0107i zna\u010dajnu nadogradnju brzine va\u0161eg sustava i mogu\u0107nosti multitaskinga. Pobolj\u0161ajte svoje cjelokupno ra\u010dunalno iskustvo pouzdanom i u\u010dinkovitom memorijom iz Hynixa.<\/p>\n","protected":false},"featured_media":18889,"template":"","meta":[],"product_brand":[],"product_cat":[75,71],"product_tag":[],"class_list":{"0":"post-18824","1":"product","2":"type-product","3":"status-publish","4":"has-post-thumbnail","6":"product_cat-ddr4","7":"product_cat-ram-memory","9":"first","10":"instock","11":"taxable","12":"shipping-taxable","13":"purchasable","14":"product-type-simple"},"_links":{"self":[{"href":"https:\/\/boreait.com\/hr\/wp-json\/wp\/v2\/product\/18824","targetHints":{"allow":["GET"]}}],"collection":[{"href":"https:\/\/boreait.com\/hr\/wp-json\/wp\/v2\/product"}],"about":[{"href":"https:\/\/boreait.com\/hr\/wp-json\/wp\/v2\/types\/product"}],"wp:featuredmedia":[{"embeddable":true,"href":"https:\/\/boreait.com\/hr\/wp-json\/wp\/v2\/media\/18889"}],"wp:attachment":[{"href":"https:\/\/boreait.com\/hr\/wp-json\/wp\/v2\/media?parent=18824"}],"wp:term":[{"taxonomy":"product_brand","embeddable":true,"href":"https:\/\/boreait.com\/hr\/wp-json\/wp\/v2\/product_brand?post=18824"},{"taxonomy":"product_cat","embeddable":true,"href":"https:\/\/boreait.com\/hr\/wp-json\/wp\/v2\/product_cat?post=18824"},{"taxonomy":"product_tag","embeddable":true,"href":"https:\/\/boreait.com\/hr\/wp-json\/wp\/v2\/product_tag?post=18824"}],"curies":[{"name":"wp","href":"https:\/\/api.w.org\/{rel}","templated":true}]}}