{"id":18807,"date":"2025-07-25T10:55:01","date_gmt":"2025-07-25T10:55:01","guid":{"rendered":"https:\/\/boreait.com\/hr\/?post_type=product&#038;p=18807"},"modified":"2026-01-07T09:05:56","modified_gmt":"2026-01-07T09:05:56","slug":"sc20x55499-lenovo-lcd-web-kamera-ideapad-3-15iil05","status":"publish","type":"product","link":"https:\/\/boreait.com\/hr\/product\/sc20x55499-lenovo-lcd-web-kamera-ideapad-3-15iil05\/","title":{"rendered":"SC20X55499 LENOVO LCD WEB KAMERA IDEAPAD 3 15IIL05"},"content":{"rendered":"<p>Pobolj\u0161ajte svoju video komunikaciju i iskustvo snimanja uz SC20X55499 Lenovo LCD web kameru za Ideapad 3 15IIL05. Ovaj originalni modul web kamere savr\u0161ena je zamjena ili nadogradnja postoje\u0107e web kamere va\u0161eg prijenosnog ra\u010dunala, pru\u017eaju\u0107i jasne i jasne slike za video pozive, mre\u017ene sastanke i video snimanje.<\/p>\n<p>Dizajnirana posebno za Ideapad 3 15IIL05, SC20X55499 web kamera osigurava besprijekornu kompatibilnost i jednostavnu instalaciju. Sa svojom visokokvalitetnom konstrukcijom i naprednom slikovnom tehnologijom, bilje\u017ei to\u010dne boje i o\u0161tre detalje, omogu\u0107uju\u0107i vam da ostanete povezani s prijateljima, obitelji i kolegama u video pozivima visoke razlu\u010divosti.<\/p>\n<p>Bilo da sudjelujete u virtualnim sastancima, poha\u0111ate online predavanja ili jednostavno odr\u017eavate kontakt s voljenima, pouzdana web kamera je neophodna. LCD web-kamera SC20X55499 Lenovo jam\u010di glatko strujanje videozapisa i smanjuje zamu\u0107enje, \u010dak i u uvjetima slabog osvjetljenja, zahvaljuju\u0107i vrhunskom senzoru slike i naprednoj tehnologiji za uklanjanje buke.<\/p>\n<p>Sa svojim integriranim mikrofonom, web kamera tako\u0111er pru\u017ea jasan zvuk, osiguravaju\u0107i da se va\u0161 glas \u010duje jasno i glasno tijekom video poziva. Njegov jednostavan dizajn omogu\u0107uje vam jednostavno pode\u0161avanje postavki, \u0161to olak\u0161ava kontrolu svjetline, kontrasta i drugih aspekata koji odgovaraju va\u0161im \u017eeljama.<\/p>\n<p>Uz to, SC20X55499 web kamera je izdr\u017eljiva i napravljena da izdr\u017ei svakodnevnu upotrebu, osiguravaju\u0107i dugotrajne performanse za va\u0161 Ideapad 3 15IIL05. Besprijekorno se integrira u dizajn prijenosnog ra\u010dunala, zadr\u017eavaju\u0107i svoj elegantan izgled dok nudi pobolj\u0161ano iskustvo video komunikacije.<\/p>\n<p>Nadogradite web kameru svog prijenosnog ra\u010dunala sa SC20X55499 Lenovo LCD web kamerom i podignite svoju video komunikaciju na potpuno novu razinu. U\u017eivajte u kristalno jasnim slikama, o\u0161trom zvuku i lakoj instalaciji s ovim originalnim modulom web kamere. Ostanite povezani s prijateljima, obitelji i kolegama kao nikada prije uz ovaj osnovni dodatak za va\u0161 Ideapad 3 15IIL05.<\/p>\n","protected":false},"excerpt":{"rendered":"<p>Nadogradite svoj Ideapad 3 15IIL05 sa SC20X55499 Lenovo LCD web kamerom. Ovaj originalni modul web kamere omogu\u0107uje vam u\u017eivanje u jasnim video pozivima, mre\u017enim sastancima i video snimanju. Dizajniran je da savr\u0161eno pristaje u va\u0161e prijenosno ra\u010dunalo, osiguravaju\u0107i jednostavnu instalaciju i optimalne performanse.<\/p>\n","protected":false},"featured_media":18886,"template":"","meta":[],"product_brand":[],"product_cat":[58],"product_tag":[61],"class_list":{"0":"post-18807","1":"product","2":"type-product","3":"status-publish","4":"has-post-thumbnail","6":"product_cat-laptop-camera","7":"product_tag-lenovo","9":"first","10":"instock","11":"taxable","12":"shipping-taxable","13":"purchasable","14":"product-type-simple"},"_links":{"self":[{"href":"https:\/\/boreait.com\/hr\/wp-json\/wp\/v2\/product\/18807","targetHints":{"allow":["GET"]}}],"collection":[{"href":"https:\/\/boreait.com\/hr\/wp-json\/wp\/v2\/product"}],"about":[{"href":"https:\/\/boreait.com\/hr\/wp-json\/wp\/v2\/types\/product"}],"wp:featuredmedia":[{"embeddable":true,"href":"https:\/\/boreait.com\/hr\/wp-json\/wp\/v2\/media\/18886"}],"wp:attachment":[{"href":"https:\/\/boreait.com\/hr\/wp-json\/wp\/v2\/media?parent=18807"}],"wp:term":[{"taxonomy":"product_brand","embeddable":true,"href":"https:\/\/boreait.com\/hr\/wp-json\/wp\/v2\/product_brand?post=18807"},{"taxonomy":"product_cat","embeddable":true,"href":"https:\/\/boreait.com\/hr\/wp-json\/wp\/v2\/product_cat?post=18807"},{"taxonomy":"product_tag","embeddable":true,"href":"https:\/\/boreait.com\/hr\/wp-json\/wp\/v2\/product_tag?post=18807"}],"curies":[{"name":"wp","href":"https:\/\/api.w.org\/{rel}","templated":true}]}}