{"id":18804,"date":"2025-07-25T10:55:01","date_gmt":"2025-07-25T10:55:01","guid":{"rendered":"https:\/\/boreait.com\/hr\/?post_type=product&#038;p=18804"},"modified":"2026-01-07T09:05:10","modified_gmt":"2026-01-07T09:05:10","slug":"intel-core-i5-460m-slbzw-253-ghz-maks-280-ghz-988-pin-pga-2-5-gts-procesor","status":"publish","type":"product","link":"https:\/\/boreait.com\/hr\/product\/intel-core-i5-460m-slbzw-253-ghz-maks-280-ghz-988-pin-pga-2-5-gts-procesor\/","title":{"rendered":"Intel Core i5-460M SLBZW 2,53 GHz (maks. 2,80 GHz), 988-pin PGA 2.5 GTs procesor"},"content":{"rendered":"<p>Podignite performanse va\u0161eg ra\u010dunala na vi\u0161u razinu s Intel Core i5-460M SLBZW procesorom. Dizajniran da zadovolji zahtjeve modernog ra\u010dunalstva, ovaj CPU savr\u0161en je i za rad i za zabavu.<\/p>\n<p>Intel Core i5-460M SLBZW ima osnovnu brzinu takta od 2,53 GHz, pru\u017eaju\u0107i brz odziv za svakodnevne ra\u010dunalne zadatke. Dodatno, mo\u017ee se pohvaliti tehnologijom Turbo Boost, koja omogu\u0107uje procesoru da dinami\u010dki prilagodi svoju frekvenciju do 2,80 GHz kada su potrebne dodatne performanse. To ga \u010dini idealnim za aplikacije koje zahtijevaju velike resurse, kao \u0161to su ure\u0111ivanje videa, igranje i jo\u0161 mnogo toga.<\/p>\n<p>S 2 jezgre i 4 niti, Intel Core i5-460M SLBZW nudi izvrsne mogu\u0107nosti multitaskinga. Mo\u017eete pokrenuti vi\u0161e aplikacija istovremeno bez ka\u0161njenja ili usporavanja. Procesor tako\u0111er dolazi opremljen tehnologijom Intel Hyper-Threading, koja svakoj jezgri omogu\u0107uje da radi s dva zadatka odjednom, dodatno pobolj\u0161avaju\u0107i ukupnu izvedbu.<\/p>\n<p>Intel Core i5-460M SLBZW koristi 988-pinsku PGA uti\u010dnicu, \u0161to ga \u010dini kompatibilnim sa \u0161irokim rasponom mati\u010dnih plo\u010da. Njegova brzina sistemske sabirnice od 2,5 GT\/s (giga prijenosa u sekundi) osigurava brz prijenos podataka izme\u0111u procesora i ostalih komponenti, minimiziraju\u0107i uska grla podataka i pobolj\u0161avaju\u0107i odziv sustava.<\/p>\n<p>Bez obzira jeste li poslovni profesionalac kojem je potreban nesmetan multitasking ili igra\u010d koji tra\u017ei bolje iskustvo igranja, Intel Core i5-460M SLBZW procesor \u0107e vas pokriti. Nadogradite svoje ra\u010dunalo ovim mo\u0107nim i u\u010dinkovitim CPU-om i u\u017eivajte u br\u017eim performansama i pobolj\u0161anoj produktivnosti.<\/p>\n","protected":false},"excerpt":{"rendered":"<p>Nadogradite performanse svog ra\u010dunala uz Intel Core i5-460M SLBZW procesor. Ovaj sna\u017eni CPU nudi osnovnu brzinu takta od 2,53 GHz, s mogu\u0107no\u0161\u0107u pove\u0107anja do 2,80 GHz za zahtjevne zadatke. S 2 jezgre i 4 niti, ovaj procesor pru\u017ea nesmetan multitasking i pobolj\u0161ane ukupne performanse sustava.<\/p>\n","protected":false},"featured_media":18872,"template":"","meta":[],"product_brand":[],"product_cat":[74],"product_tag":[],"class_list":{"0":"post-18804","1":"product","2":"type-product","3":"status-publish","4":"has-post-thumbnail","6":"product_cat-processors-cpu","8":"first","9":"instock","10":"taxable","11":"shipping-taxable","12":"purchasable","13":"product-type-simple"},"_links":{"self":[{"href":"https:\/\/boreait.com\/hr\/wp-json\/wp\/v2\/product\/18804","targetHints":{"allow":["GET"]}}],"collection":[{"href":"https:\/\/boreait.com\/hr\/wp-json\/wp\/v2\/product"}],"about":[{"href":"https:\/\/boreait.com\/hr\/wp-json\/wp\/v2\/types\/product"}],"wp:featuredmedia":[{"embeddable":true,"href":"https:\/\/boreait.com\/hr\/wp-json\/wp\/v2\/media\/18872"}],"wp:attachment":[{"href":"https:\/\/boreait.com\/hr\/wp-json\/wp\/v2\/media?parent=18804"}],"wp:term":[{"taxonomy":"product_brand","embeddable":true,"href":"https:\/\/boreait.com\/hr\/wp-json\/wp\/v2\/product_brand?post=18804"},{"taxonomy":"product_cat","embeddable":true,"href":"https:\/\/boreait.com\/hr\/wp-json\/wp\/v2\/product_cat?post=18804"},{"taxonomy":"product_tag","embeddable":true,"href":"https:\/\/boreait.com\/hr\/wp-json\/wp\/v2\/product_tag?post=18804"}],"curies":[{"name":"wp","href":"https:\/\/api.w.org\/{rel}","templated":true}]}}