{"id":18802,"date":"2025-07-25T10:55:00","date_gmt":"2025-07-25T10:55:00","guid":{"rendered":"https:\/\/boreait.com\/hr\/?post_type=product&#038;p=18802"},"modified":"2025-07-25T10:56:22","modified_gmt":"2025-07-25T10:56:22","slug":"hp-elite-x2-1012-g1-prednja-web-kamera-2mp-1080p-844882-001","status":"publish","type":"product","link":"https:\/\/boreait.com\/hr\/product\/hp-elite-x2-1012-g1-prednja-web-kamera-2mp-1080p-844882-001\/","title":{"rendered":"HP Elite X2 1012 G1 prednja web kamera 2MP (1080p) 844882-001"},"content":{"rendered":"<p>Ostanite povezani i sudjelujte u besprijekornoj video komunikaciji s HP Elite X2 1012 G1 prednjom web kamerom. Dizajnirana za isporuku iznimne video kvalitete, ova originalna HP web kamera savr\u0161en je dodatak va\u0161em ure\u0111aju.<\/p>\n<p>Sa svojim senzorom od 2 MP i rezolucijom od 1080p, HP Elite X2 1012 G1 prednja web-kamera osigurava kristalno jasne, o\u0161tre i \u017eivopisne video pozive. U\u017eivajte u realisti\u010dnim interakcijama s prijateljima, obitelji i kolegama, \u010dak i kada su udaljeni kilometrima. Bilo da sudjelujete na virtualnim sastancima, razgovarate s voljenima ili sura\u0111ujete na projektima, ova web kamera pru\u017ea impresivno iskustvo videopoziva.<\/p>\n<p>Prednja web-kamera HP Elite X2 1012 G1 napravljena je za besprijekornu integraciju s va\u0161im ure\u0111ajem, osiguravaju\u0107i jednostavnu instalaciju i optimalne performanse. Funkcija plug-and-play omogu\u0107uje vam da odmah po\u010dnete koristiti web kameru bez kompliciranog postavljanja.<\/p>\n<p>Bez obzira jeste li poslovni profesionalac, student ili povremeni korisnik, ova web kamera pobolj\u0161ava va\u0161e online interakcije, \u010dine\u0107i ih ugodnijima i produktivnijima. Ugra\u0111eni mikrofon dodatno nadopunjuje mogu\u0107nosti web kamere, osiguravaju\u0107i jasan i o\u0161tar zvuk koji prati va\u0161e video pozive.<\/p>\n<p>Do\u017eivite pobolj\u0161anu video komunikaciju i ostavite trajan dojam s HP Elite X2 1012 G1 prednjom web kamerom. Nadogradite svoj ure\u0111aj ovom HP-ovom pouzdanom i visokokvalitetnom web kamerom i podignite svoje iskustvo videopoziva na vi\u0161u razinu. Ostanite povezani i anga\u017eirani uz vrhunsku kvalitetu videa i performanse bez muke.<\/p>\n","protected":false},"excerpt":{"rendered":"<p>Snimite kristalno \u010dist video i u\u017eivajte u glatkim videopozivima s HP Elite X2 1012 G1 prednjom web kamerom. Ova visokokvalitetna web-kamera od 2 MP daje o\u0161tar i \u017eivopisan 1080p video, omogu\u0107uju\u0107i vam da ostanete povezani s prijateljima, obitelji i kolegama uz vrhunske detalje. Nadogradite svoj ure\u0111aj ovom originalnom HP web kamerom i do\u017eivite vrhunsku video komunikaciju.<\/p>\n","protected":false},"featured_media":18869,"template":"","meta":[],"product_brand":[],"product_cat":[58],"product_tag":[60],"class_list":{"0":"post-18802","1":"product","2":"type-product","3":"status-publish","4":"has-post-thumbnail","6":"product_cat-laptop-camera","7":"product_tag-hp","9":"first","10":"instock","11":"taxable","12":"shipping-taxable","13":"purchasable","14":"product-type-simple"},"_links":{"self":[{"href":"https:\/\/boreait.com\/hr\/wp-json\/wp\/v2\/product\/18802","targetHints":{"allow":["GET"]}}],"collection":[{"href":"https:\/\/boreait.com\/hr\/wp-json\/wp\/v2\/product"}],"about":[{"href":"https:\/\/boreait.com\/hr\/wp-json\/wp\/v2\/types\/product"}],"wp:featuredmedia":[{"embeddable":true,"href":"https:\/\/boreait.com\/hr\/wp-json\/wp\/v2\/media\/18869"}],"wp:attachment":[{"href":"https:\/\/boreait.com\/hr\/wp-json\/wp\/v2\/media?parent=18802"}],"wp:term":[{"taxonomy":"product_brand","embeddable":true,"href":"https:\/\/boreait.com\/hr\/wp-json\/wp\/v2\/product_brand?post=18802"},{"taxonomy":"product_cat","embeddable":true,"href":"https:\/\/boreait.com\/hr\/wp-json\/wp\/v2\/product_cat?post=18802"},{"taxonomy":"product_tag","embeddable":true,"href":"https:\/\/boreait.com\/hr\/wp-json\/wp\/v2\/product_tag?post=18802"}],"curies":[{"name":"wp","href":"https:\/\/api.w.org\/{rel}","templated":true}]}}