{"id":18800,"date":"2025-07-25T10:55:00","date_gmt":"2025-07-25T10:55:00","guid":{"rendered":"https:\/\/boreait.com\/hr\/?post_type=product&#038;p=18800"},"modified":"2026-01-07T09:04:50","modified_gmt":"2026-01-07T09:04:50","slug":"hp-elite-x2-1012-g1-lr-set-zvucnika-6036b0161701","status":"publish","type":"product","link":"https:\/\/boreait.com\/hr\/product\/hp-elite-x2-1012-g1-lr-set-zvucnika-6036b0161701\/","title":{"rendered":"HP Elite X2 1012 G1 Lr set zvu\u010dnika 6036B0161701"},"content":{"rendered":"<p>Do\u017eivite kristalno \u010dist zvuk i bogatu zvu\u010dnu sliku uz LR set zvu\u010dnika za HP Elite X2 1012 G1. Dizajnirani za pru\u017eanje iznimne kvalitete zvuka, ovi zvu\u010dnici pobolj\u0161at \u0107e va\u0161e iskustvo slu\u0161anja bilo da gledate filmove, igrate igrice ili slu\u0161ate glazbu.<\/p>\n<p>Set LR zvu\u010dnika uklju\u010duje i lijevi i desni zvu\u010dnik, osiguravaju\u0107i uravnote\u017een i impresivan audio izlaz. S ovim zvu\u010dnicima mo\u017eete u\u017eivati u svom omiljenom sadr\u017eaju s impresivnom jasno\u0107om i dubinom, \u010dine\u0107i va\u0161e iskustvo zabave ugodnijim.<\/p>\n<p>Postupak instalacije je jednostavan, a uz LR set zvu\u010dnika mo\u017eete jednostavno zamijeniti sve neispravne ili o\u0161te\u0107ene zvu\u010dnike u va\u0161em HP Elite X2 1012 G1. Zvu\u010dnici su precizno konstruirani kako bi se besprijekorno uklopili u va\u0161 ure\u0111aj, osiguravaju\u0107i savr\u0161eno pristajanje i pouzdan rad.<\/p>\n<p>Nemojte kompromitirati kvalitetu zvuka; opremite svoj HP Elite X2 1012 G1 LR setom zvu\u010dnika 6036B0161701 i u\u017eivajte u istinski impresivnom audio iskustvu. Bez obzira koristite li svoj ure\u0111aj za posao ili igru, ovi zvu\u010dnici o\u017eivjet \u0107e va\u0161 sadr\u017eaj uz iznimnu kvalitetu zvuka.<\/p>\n","protected":false},"excerpt":{"rendered":"<p>Nadogradite svoj HP Elite X2 1012 G1 ovim visokokvalitetnim setom zvu\u010dnika LR, broj dijela 6036B0161701. Vratite bogatu audio izvedbu svog ure\u0111aja i u\u017eivajte u impresivnom zvuku za sve svoje multimedijske potrebe.<\/p>\n","protected":false},"featured_media":18867,"template":"","meta":[],"product_brand":[],"product_cat":[53],"product_tag":[60],"class_list":{"0":"post-18800","1":"product","2":"type-product","3":"status-publish","4":"has-post-thumbnail","6":"product_cat-laptop-speakers","7":"product_tag-hp","9":"first","10":"instock","11":"taxable","12":"shipping-taxable","13":"purchasable","14":"product-type-simple"},"_links":{"self":[{"href":"https:\/\/boreait.com\/hr\/wp-json\/wp\/v2\/product\/18800","targetHints":{"allow":["GET"]}}],"collection":[{"href":"https:\/\/boreait.com\/hr\/wp-json\/wp\/v2\/product"}],"about":[{"href":"https:\/\/boreait.com\/hr\/wp-json\/wp\/v2\/types\/product"}],"wp:featuredmedia":[{"embeddable":true,"href":"https:\/\/boreait.com\/hr\/wp-json\/wp\/v2\/media\/18867"}],"wp:attachment":[{"href":"https:\/\/boreait.com\/hr\/wp-json\/wp\/v2\/media?parent=18800"}],"wp:term":[{"taxonomy":"product_brand","embeddable":true,"href":"https:\/\/boreait.com\/hr\/wp-json\/wp\/v2\/product_brand?post=18800"},{"taxonomy":"product_cat","embeddable":true,"href":"https:\/\/boreait.com\/hr\/wp-json\/wp\/v2\/product_cat?post=18800"},{"taxonomy":"product_tag","embeddable":true,"href":"https:\/\/boreait.com\/hr\/wp-json\/wp\/v2\/product_tag?post=18800"}],"curies":[{"name":"wp","href":"https:\/\/api.w.org\/{rel}","templated":true}]}}