{"id":18783,"date":"2025-07-25T10:54:38","date_gmt":"2025-07-25T10:54:38","guid":{"rendered":"https:\/\/boreait.com\/hr\/?post_type=product&#038;p=18783"},"modified":"2026-01-07T09:04:33","modified_gmt":"2026-01-07T09:04:33","slug":"hp-elite-x2-12-1012-g1-originalna-ploca-za-web-kameru-s-kabelom-cjaf513_a4","status":"publish","type":"product","link":"https:\/\/boreait.com\/hr\/product\/hp-elite-x2-12-1012-g1-originalna-ploca-za-web-kameru-s-kabelom-cjaf513_a4\/","title":{"rendered":"HP Elite x2 12 1012 G1 originalna plo\u010da za web kameru s kabelom CJAF513_A4"},"content":{"rendered":"<p>Ako web kamera na va\u0161em HP Elite x2 1012 G1 tabletu ne radi ispravno ili proizvodi video niske kvalitete, vrijeme je da zamijenite plo\u010du web kamere. Ova originalna OEM plo\u010da web kamere, zajedno s prilo\u017eenim kabelom (CJAF513_A4), nudi pouzdanu i besprijekornu zamjenu za va\u0161 ure\u0111aj.<\/p>\n<p>Odr\u017eite visokokvalitetne video performanse va\u0161eg HP Elite x2 1012 G1 s ovom originalnom plo\u010dom web kamere. OEM dio osigurava kompatibilnost i optimalnu funkcionalnost, omogu\u0107uju\u0107i vam da u\u017eivate u jasnoj i o\u0161troj video kvaliteti tijekom video poziva, internetskih konferencija i multimedijskih zadataka.<\/p>\n<p>Instalacija plo\u010de s web kamerom je bez problema s prilo\u017eenim kabelom, a precizno pristajanje osigurava sigurnu vezu. Budite uvjereni da dobivate pouzdanu zamjenu koja zadovoljava iste standarde kao i originalni dio.<\/p>\n<p>S ovom HP Elite x2 1012 G1 plo\u010dom za web-kameru mo\u017eete vratiti mogu\u0107nosti web-kamere na svom tabletu i omogu\u0107iti mu da ponovno radi kao nov. Recite zbogom mutnom ili zrnatom videu i pozdravite jasnu i profesionalnu kvalitetu videa, zahvaljuju\u0107i ovoj originalnoj OEM plo\u010di i kabelu web kamere.<\/p>\n<p>Ulo\u017eite u originalnu OEM plo\u010du web kamere s kabelom (CJAF513_A4) kako biste odr\u017eali performanse i funkcionalnost svog HP Elite x2 1012 G1. U\u017eivajte u glatkim i visokokvalitetnim video pozivima i konferencijama s ovim pouzdanim zamjenskim dijelom. Bez obzira koristite li tablet za posao, videochatove s obitelji ili mre\u017ene sastanke, ova plo\u010da s web kamerom osigurava da uvijek izgledate najbolje \u0161to mo\u017eete na ekranu.<\/p>\n","protected":false},"excerpt":{"rendered":"<p>Zamijenite neispravnu ili o\u0161te\u0107enu plo\u010du web kamere na va\u0161em HP Elite x2 1012 G1 tabletu ovom originalnom OEM zamjenom. Plo\u010da dolazi s potrebnim kabelom (CJAF513_A4) za jednostavnu instalaciju, osiguravaju\u0107i jasnu i o\u0161tru kvalitetu videa tijekom va\u0161ih video poziva i konferencija.<\/p>\n","protected":false},"featured_media":18856,"template":"","meta":[],"product_brand":[],"product_cat":[62],"product_tag":[60],"class_list":{"0":"post-18783","1":"product","2":"type-product","3":"status-publish","4":"has-post-thumbnail","6":"product_cat-motherboards-board-parts","7":"product_tag-hp","9":"first","10":"instock","11":"taxable","12":"shipping-taxable","13":"purchasable","14":"product-type-simple"},"_links":{"self":[{"href":"https:\/\/boreait.com\/hr\/wp-json\/wp\/v2\/product\/18783","targetHints":{"allow":["GET"]}}],"collection":[{"href":"https:\/\/boreait.com\/hr\/wp-json\/wp\/v2\/product"}],"about":[{"href":"https:\/\/boreait.com\/hr\/wp-json\/wp\/v2\/types\/product"}],"wp:featuredmedia":[{"embeddable":true,"href":"https:\/\/boreait.com\/hr\/wp-json\/wp\/v2\/media\/18856"}],"wp:attachment":[{"href":"https:\/\/boreait.com\/hr\/wp-json\/wp\/v2\/media?parent=18783"}],"wp:term":[{"taxonomy":"product_brand","embeddable":true,"href":"https:\/\/boreait.com\/hr\/wp-json\/wp\/v2\/product_brand?post=18783"},{"taxonomy":"product_cat","embeddable":true,"href":"https:\/\/boreait.com\/hr\/wp-json\/wp\/v2\/product_cat?post=18783"},{"taxonomy":"product_tag","embeddable":true,"href":"https:\/\/boreait.com\/hr\/wp-json\/wp\/v2\/product_tag?post=18783"}],"curies":[{"name":"wp","href":"https:\/\/api.w.org\/{rel}","templated":true}]}}