{"id":18736,"date":"2025-07-25T10:53:54","date_gmt":"2025-07-25T10:53:54","guid":{"rendered":"https:\/\/boreait.com\/hr\/?post_type=product&#038;p=18736"},"modified":"2026-01-07T08:40:53","modified_gmt":"2026-01-07T08:40:53","slug":"pk09000nt00-touch-pad-za-lenovo-v15-g2-alc","status":"publish","type":"product","link":"https:\/\/boreait.com\/hr\/product\/pk09000nt00-touch-pad-za-lenovo-v15-g2-alc\/","title":{"rendered":"PK09000NT00 Touch Pad za Lenovo V15 G2-ALC"},"content":{"rendered":"<p>PK09000NT00 Touch Pad dizajniran je posebno za prijenosno ra\u010dunalo Lenovo V15 G2-ALC, pru\u017eaju\u0107i pobolj\u0161ano iskustvo upravljanja dodirom. Sa svojim preciznim pra\u0107enjem i osjetljivo\u0161\u0107u na dodir, ovaj originalni Lenovo touchpad omogu\u0107uje glatku navigaciju po zaslonu.<\/p>\n<p>Sadr\u017ei podr\u0161ku za geste, PK09000NT00 Touch Pad omogu\u0107uje intuitivnu kontrolu i geste s vi\u0161e prstiju, olak\u0161avaju\u0107i pomicanje, zumiranje i navigaciju kroz aplikacije i dokumente. Bilo da pretra\u017eujete web, radite na prora\u010dunskim tablicama ili ure\u0111ujete fotografije, ovaj touchpad pove\u0107ava va\u0161u produktivnost i u\u010dinkovitost.<\/p>\n<p>Postupak instalacije za PK09000NT00 Touch Pad je jednostavan i dizajniran je da neprimjetno stane u predvi\u0111eni utor na prijenosnom ra\u010dunalu Lenovo V15 G2-ALC. Touchpad je kompatibilan s upravlja\u010dkim programima i postavkama prijenosnog ra\u010dunala, osiguravaju\u0107i ispravnu funkcionalnost i kompatibilnost.<\/p>\n<p>Nadogradite svoje prijenosno ra\u010dunalo Lenovo V15 G2-ALC s PK09000NT00 Touch Padom kako biste u\u017eivali u preciznom i brzom upravljanju dodirom. Kre\u0107ite se bez napora, izvodite geste s lako\u0107om i pobolj\u0161ajte svoje cjelokupno korisni\u010dko iskustvo. Imajte na umu da treba slijediti odgovaraju\u0107e postupke instalacije, a preporu\u010duje se potra\u017eiti stru\u010dnu pomo\u0107 ako niste upoznati s instalacijom hardvera prijenosnog ra\u010dunala.<\/p>\n","protected":false},"excerpt":{"rendered":"<p>Nadogradite svoje prijenosno ra\u010dunalo Lenovo V15 G2-ALC s PK09000NT00 Touch Padom, koji nudi preciznu i brzu kontrolu dodirom. Ovaj originalni Lenovo touchpad pru\u017ea glatku navigaciju i podr\u0161ku za geste, pobolj\u0161avaju\u0107i va\u0161e cjelokupno korisni\u010dko iskustvo.<\/p>\n","protected":false},"featured_media":18787,"template":"","meta":[],"product_brand":[],"product_cat":[62],"product_tag":[61],"class_list":{"0":"post-18736","1":"product","2":"type-product","3":"status-publish","4":"has-post-thumbnail","6":"product_cat-motherboards-board-parts","7":"product_tag-lenovo","9":"first","10":"instock","11":"taxable","12":"shipping-taxable","13":"purchasable","14":"product-type-simple"},"_links":{"self":[{"href":"https:\/\/boreait.com\/hr\/wp-json\/wp\/v2\/product\/18736","targetHints":{"allow":["GET"]}}],"collection":[{"href":"https:\/\/boreait.com\/hr\/wp-json\/wp\/v2\/product"}],"about":[{"href":"https:\/\/boreait.com\/hr\/wp-json\/wp\/v2\/types\/product"}],"wp:featuredmedia":[{"embeddable":true,"href":"https:\/\/boreait.com\/hr\/wp-json\/wp\/v2\/media\/18787"}],"wp:attachment":[{"href":"https:\/\/boreait.com\/hr\/wp-json\/wp\/v2\/media?parent=18736"}],"wp:term":[{"taxonomy":"product_brand","embeddable":true,"href":"https:\/\/boreait.com\/hr\/wp-json\/wp\/v2\/product_brand?post=18736"},{"taxonomy":"product_cat","embeddable":true,"href":"https:\/\/boreait.com\/hr\/wp-json\/wp\/v2\/product_cat?post=18736"},{"taxonomy":"product_tag","embeddable":true,"href":"https:\/\/boreait.com\/hr\/wp-json\/wp\/v2\/product_tag?post=18736"}],"curies":[{"name":"wp","href":"https:\/\/api.w.org\/{rel}","templated":true}]}}