{"id":18735,"date":"2025-07-25T10:53:54","date_gmt":"2025-07-25T10:53:54","guid":{"rendered":"https:\/\/boreait.com\/hr\/?post_type=product&#038;p=18735"},"modified":"2025-07-25T10:54:40","modified_gmt":"2025-07-25T10:54:40","slug":"rabljeni-originalni-mikrofonski-modul-hp-pavilion-zbook-15-cy100008300","status":"publish","type":"product","link":"https:\/\/boreait.com\/hr\/product\/rabljeni-originalni-mikrofonski-modul-hp-pavilion-zbook-15-cy100008300\/","title":{"rendered":"Rabljeni originalni mikrofonski modul HP Pavilion Zbook 15 CY100008300"},"content":{"rendered":"<p>Kori\u0161teni originalni mikrofonski modul HP Pavilion Zbook 15 CY100008300 pouzdan je mikrofon visokih performansi dizajniran da pobolj\u0161a va\u0161e audio iskustvo na Pavilion Zbook 15. Bilo da snimate zvuk, sudjelujete u videokonferencijama ili koristite glasovne naredbe, ovaj mikrofonski modul osigurava jasno i precizno snimanje zvuka.<\/p>\n<p>Ovaj originalni HP mikrofonski modul kompatibilan je s Pavilion Zbook 15, osiguravaju\u0107i besprijekornu integraciju i optimalnu izvedbu. Dizajniran je tako da savr\u0161eno pristaje unutar ku\u0107i\u0161ta prijenosnog ra\u010dunala, pru\u017eaju\u0107i pojednostavljen i integriran izgled.<\/p>\n<p>Uz rabljeni originalni mikrofonski modul HP Pavilion Zbook 15 CY100008300 mo\u017eete u\u017eivati u pobolj\u0161anoj kvaliteti zvuka za svoje glasovne snimke i komunikaciju. Hvata zvuk s jasno\u0107om i precizno\u0161\u0107u, \u0161to ga \u010dini idealnim za profesionalnu upotrebu, stvaranje multimedije i online suradnju.<\/p>\n<p>Napomena: Prije instalacije provjerite je li va\u0161e prijenosno ra\u010dunalo isklju\u010deno i odspojeno s bilo kojeg izvora napajanja. Ako niste upoznati s instalacijom hardvera prijenosnog ra\u010dunala, preporu\u010da se potra\u017eiti stru\u010dnu pomo\u0107 ili pogledati upute proizvo\u0111a\u010da.<\/p>\n","protected":false},"excerpt":{"rendered":"<p>Pobolj\u0161ajte svoje mogu\u0107nosti snimanja zvuka i komunikacije s rabljenim originalnim mikrofonskim modulom HP Pavilion Zbook 15 CY100008300. Ovaj originalni HP mikrofonski modul dizajniran je posebno za Pavilion Zbook 15, pru\u017eaju\u0107i jasne i visokokvalitetne audio performanse.<\/p>\n","protected":false},"featured_media":18786,"template":"","meta":[],"product_brand":[],"product_cat":[62],"product_tag":[60],"class_list":{"0":"post-18735","1":"product","2":"type-product","3":"status-publish","4":"has-post-thumbnail","6":"product_cat-motherboards-board-parts","7":"product_tag-hp","9":"first","10":"instock","11":"taxable","12":"shipping-taxable","13":"purchasable","14":"product-type-simple"},"_links":{"self":[{"href":"https:\/\/boreait.com\/hr\/wp-json\/wp\/v2\/product\/18735","targetHints":{"allow":["GET"]}}],"collection":[{"href":"https:\/\/boreait.com\/hr\/wp-json\/wp\/v2\/product"}],"about":[{"href":"https:\/\/boreait.com\/hr\/wp-json\/wp\/v2\/types\/product"}],"wp:featuredmedia":[{"embeddable":true,"href":"https:\/\/boreait.com\/hr\/wp-json\/wp\/v2\/media\/18786"}],"wp:attachment":[{"href":"https:\/\/boreait.com\/hr\/wp-json\/wp\/v2\/media?parent=18735"}],"wp:term":[{"taxonomy":"product_brand","embeddable":true,"href":"https:\/\/boreait.com\/hr\/wp-json\/wp\/v2\/product_brand?post=18735"},{"taxonomy":"product_cat","embeddable":true,"href":"https:\/\/boreait.com\/hr\/wp-json\/wp\/v2\/product_cat?post=18735"},{"taxonomy":"product_tag","embeddable":true,"href":"https:\/\/boreait.com\/hr\/wp-json\/wp\/v2\/product_tag?post=18735"}],"curies":[{"name":"wp","href":"https:\/\/api.w.org\/{rel}","templated":true}]}}