{"id":18720,"date":"2025-07-25T10:53:32","date_gmt":"2025-07-25T10:53:32","guid":{"rendered":"https:\/\/boreait.com\/hr\/?post_type=product&#038;p=18720"},"modified":"2025-07-25T10:54:33","modified_gmt":"2025-07-25T10:54:33","slug":"jednostruki-kljuc-za-hp-elitebook-x360-1030-g3-g2-us-l10860-001-hpm16a63usj9201-crne-tipke-s-pozadinskim-osvjetljenjem","status":"publish","type":"product","link":"https:\/\/boreait.com\/hr\/product\/jednostruki-kljuc-za-hp-elitebook-x360-1030-g3-g2-us-l10860-001-hpm16a63usj9201-crne-tipke-s-pozadinskim-osvjetljenjem\/","title":{"rendered":"Jednostruki klju\u010d za HP EliteBook x360 1030 G3 G2 US L10860-001 HPM16A63USJ9201 Crne tipke s pozadinskim osvjetljenjem"},"content":{"rendered":"<p><strong>Dobit \u0107ete jednu\u00a0 tipku s tipkovnice na fotografiji popisa! Dostupni klju\u010devi prikazani su na slici!<\/strong><\/p>\n<p>Pove\u0107ajte funkcionalnost svog prijenosnog ra\u010dunala uz na\u0161u visokokvalitetnu zamjenu s jednim klju\u010dem za HP EliteBook x360 1030 G3 G2. Izra\u0111ena da savr\u0161eno pristaje va\u0161oj tipkovnici EliteBook x360, ova zamjena s jednom tipkom posebno je dizajnirana za brojeve modela L10860-001 HPM16A63USJ9201. Crne tipke s pozadinskim osvjetljenjem ne samo da pru\u017eaju elegantnu i modernu estetiku, ve\u0107 tako\u0111er pobolj\u0161avaju vidljivost u uvjetima slabog osvjetljenja ili no\u0107ne upotrebe.<\/p>\n<p>Na\u0161 zamjenski klju\u010d izra\u0111en je prema visokim standardima kvalitete na koje su korisnici HP EliteBooka navikli. Osigurava idealno podudaranje s va\u0161om postoje\u0107om tipkovnicom, daju\u0107i joj izgled i osje\u0107aj kao da je nova. Njegov \u010dvrsti dizajn osigurava dugovje\u010dnost, pru\u017eaju\u0107i vam odr\u017eivo i isplativo rje\u0161enje za o\u0161te\u0107enje ili gubitak pojedina\u010dnih klju\u010deva.<\/p>\n<p>Ova je tipka dizajnirana imaju\u0107i na umu raspored tipkovnice u SAD-u, uskla\u0111ena sa specifi\u010dnim taktilnim osje\u0107ajem i dubinom pritiska tipke koja je povezana s HP tipkovnicama. Nevjerojatno je jednostavan za instalaciju, tako da mo\u017eete zamijeniti svoje stare ili o\u0161te\u0107ene klju\u010deve bez potrebe za stru\u010dnom pomo\u0107i.<\/p>\n<p>Prodava\u010d daje va\u017ene informacije koje treba razmotriti prije kupnje kompleta zamjenskih klju\u010deva, uklju\u010duju\u0107i varijacije u kop\u010dama ovisno o proizvo\u0111a\u010du tipkovnice. Kupcu se savjetuje da pogleda prilo\u017eene slike kako bi osigurao da kva\u010dice na zamjenskim tipkama odgovaraju onima na tipkovnici. Ako su potrebna dodatna poja\u0161njenja ili slika klju\u010da, kupac mo\u017ee kontaktirati prodavatelja putem poveznice &#8220;pitajte prodavatelja&#8221; i dobiti odgovor u roku od 24 sata.<\/p>\n<p>Kupac dobiva jednu tipku tipkovnice s plasti\u010dnim \u0161tipaljkama i gumenom \u010da\u0161icom ispod tipke. No, prodava\u010d nagla\u0161ava va\u017enost provjere kompatibilnosti prije kupnje, jer isti model prijenosnog ra\u010dunala ili katalo\u0161ki broj tipkovnice ne jam\u010di da \u0107e zamjenske tipke raditi. Kupac se upu\u0107uje da spojnicu na postoje\u0107em klju\u010du usporedi s prilo\u017eenim slikama i, ako nije siguran, po\u0161alje sliku prodavatelju na procjenu.<\/p>\n<p>Za kupnju zamjenskih klju\u010deva, kupac mora obavijestiti prodavatelja koji klju\u010d \u017eeli kupiti. Popis dostupnih klju\u010deva nalazi se u popisu. Kupac mo\u017ee napisati poruku prodavatelju tijekom naplate ili kontaktirati prodavatelja nakon naplate putem stranice povijesti kupovine na eBayu. Kupcu se savjetuje da nazna\u010di kupuje li lijevu ili desnu tipku shift, control ili alt tipku te kupuje li gornje tipke ili tipke s brojevima ako kupuje broj\u010dane tipke. Ukoliko kupac ne obavijesti prodavatelja koji klju\u010d \u017eeli kupiti, narud\u017eba ne\u0107e biti obra\u0111ena.<\/p>\n<p>Izgled: SAD \/ US<\/p>\n<p>Trenutno imamo sve klju\u010deve na zalihi kao \u0161to se vidi na fotografiji u popisu, uklju\u010duju\u0107i:<\/p>\n<p>esc f1 f2 f3 f4 f5 f6 f8 f9 f10 f11 f12 &#8220;pomicanje&#8221; &#8220;pauza&#8221; &#8220;umetanje&#8221; &#8220;brisanje&#8221;<\/p>\n<p>tilde 2 3 4 5 6 7 8 9 0 &#8211; = povratna tipka &#8220;dom&#8221;<\/p>\n<p>tab w e r y i o p [ ]  &#8220;stranica gore&#8221;<\/p>\n<p>caps lock s f j l\u00a0 &#8220;enter&#8221; &#8220;page down&#8221;<\/p>\n<p>pomak ulijevo z x c . \/ &#8220;desni pomak&#8221; &#8220;kraj&#8221;<\/p>\n<p>&#8220;fn&#8221; &#8220;windows&#8221; &#8220;lijevi alt&#8221; &#8220;desni alt&#8221; &#8220;izbornik&#8221; &#8220;desna kontrola&#8221;<\/p>\n<p>&#8220;desno&#8221;<\/p>\n","protected":false},"excerpt":{"rendered":"<p>Pobolj\u0161ajte svoje HP EliteBook x360 1030 G3 G2 iskustvo s na\u0161im vrhunskim zamjenskim dijelom s jednim klju\u010dem, modelom L10860-001 HPM16A63USJ9201, koji ima elegantnu crnu zavr\u0161nu obradu i dizajn s pozadinskim osvjetljenjem za besprijekorno podudaranje i vrhunsku vidljivost.<\/p>\n","protected":false},"featured_media":18773,"template":"","meta":[],"product_brand":[],"product_cat":[59],"product_tag":[60],"class_list":{"0":"post-18720","1":"product","2":"type-product","3":"status-publish","4":"has-post-thumbnail","6":"product_cat-individual-keyboard-keys","7":"product_tag-hp","9":"first","10":"instock","11":"taxable","12":"shipping-taxable","13":"purchasable","14":"product-type-simple"},"_links":{"self":[{"href":"https:\/\/boreait.com\/hr\/wp-json\/wp\/v2\/product\/18720","targetHints":{"allow":["GET"]}}],"collection":[{"href":"https:\/\/boreait.com\/hr\/wp-json\/wp\/v2\/product"}],"about":[{"href":"https:\/\/boreait.com\/hr\/wp-json\/wp\/v2\/types\/product"}],"wp:featuredmedia":[{"embeddable":true,"href":"https:\/\/boreait.com\/hr\/wp-json\/wp\/v2\/media\/18773"}],"wp:attachment":[{"href":"https:\/\/boreait.com\/hr\/wp-json\/wp\/v2\/media?parent=18720"}],"wp:term":[{"taxonomy":"product_brand","embeddable":true,"href":"https:\/\/boreait.com\/hr\/wp-json\/wp\/v2\/product_brand?post=18720"},{"taxonomy":"product_cat","embeddable":true,"href":"https:\/\/boreait.com\/hr\/wp-json\/wp\/v2\/product_cat?post=18720"},{"taxonomy":"product_tag","embeddable":true,"href":"https:\/\/boreait.com\/hr\/wp-json\/wp\/v2\/product_tag?post=18720"}],"curies":[{"name":"wp","href":"https:\/\/api.w.org\/{rel}","templated":true}]}}