{"id":18718,"date":"2025-07-25T10:53:32","date_gmt":"2025-07-25T10:53:32","guid":{"rendered":"https:\/\/boreait.com\/hr\/?post_type=product&#038;p=18718"},"modified":"2025-07-25T10:54:29","modified_gmt":"2025-07-25T10:54:29","slug":"hp-zbook-15-g2-usb-ploca-s-kabelom-ls-9243p","status":"publish","type":"product","link":"https:\/\/boreait.com\/hr\/product\/hp-zbook-15-g2-usb-ploca-s-kabelom-ls-9243p\/","title":{"rendered":"HP ZBook 15 G2 USB plo\u010da s kabelom LS-9243P"},"content":{"rendered":"<p>HP ZBook 15 G2 USB plo\u010da s kabelom LS-9243P zamjenski je dio dizajniran za rje\u0161avanje problema s USB vezom na va\u0161em prijenosnom ra\u010dunalu HP ZBook 15 G2. Ako imate problema s USB priklju\u010dcima koji ne prepoznaju ure\u0111aje ili ne pru\u017eaju odgovaraju\u0107e napajanje, ova zamjenska plo\u010da i kabel mogu pomo\u0107i u rje\u0161avanju tih problema.<\/p>\n<p>Ovaj originalni HP-ov zamjenski dio osigurava kompatibilnost i pouzdan rad. Posebno je dizajniran za model ZBook 15 G2, osiguravaju\u0107i savr\u0161eno pristajanje i besprijekornu integraciju. USB plo\u010da i kabel bitne su komponente koje osiguravaju potrebne elektri\u010dne veze za ispravno funkcioniranje USB priklju\u010daka.<\/p>\n<p>Prilikom zamjene USB plo\u010de i kabela, va\u017eno je slijediti upute proizvo\u0111a\u010da ili potra\u017eiti stru\u010dnu pomo\u0107 ako niste upoznati sa zamjenom hardvera prijenosnog ra\u010dunala. Obavezno isklju\u010dite prijenosno ra\u010dunalo i odspojite ga s izvora napajanja prije po\u010detka postupka instalacije.<\/p>\n<p>Ulo\u017eite u HP ZBook 15 G2 USB plo\u010du s kabelom LS-9243P kako biste vratili pouzdanu USB vezu na svoje prijenosno ra\u010dunalo. U\u017eivajte u pogodnostima povezivanja va\u0161ih USB ure\u0111aja bez ikakvih problema ili problema s kompatibilno\u0161\u0107u.<\/p>\n","protected":false},"excerpt":{"rendered":"<p>Zamijenite svoju neispravnu USB plo\u010du i kabel HP ZBook 15 G2 USB plo\u010dom s kabelom LS-9243P. Ovaj originalni HP-ov zamjenski dio osigurava pouzdanu povezanost i omogu\u0107uje vam povezivanje USB ure\u0111aja s prijenosnim ra\u010dunalom bez ikakvih problema.<\/p>\n","protected":false},"featured_media":18771,"template":"","meta":[],"product_brand":[],"product_cat":[62],"product_tag":[60],"class_list":{"0":"post-18718","1":"product","2":"type-product","3":"status-publish","4":"has-post-thumbnail","6":"product_cat-motherboards-board-parts","7":"product_tag-hp","9":"first","10":"instock","11":"taxable","12":"shipping-taxable","13":"purchasable","14":"product-type-simple"},"_links":{"self":[{"href":"https:\/\/boreait.com\/hr\/wp-json\/wp\/v2\/product\/18718","targetHints":{"allow":["GET"]}}],"collection":[{"href":"https:\/\/boreait.com\/hr\/wp-json\/wp\/v2\/product"}],"about":[{"href":"https:\/\/boreait.com\/hr\/wp-json\/wp\/v2\/types\/product"}],"wp:featuredmedia":[{"embeddable":true,"href":"https:\/\/boreait.com\/hr\/wp-json\/wp\/v2\/media\/18771"}],"wp:attachment":[{"href":"https:\/\/boreait.com\/hr\/wp-json\/wp\/v2\/media?parent=18718"}],"wp:term":[{"taxonomy":"product_brand","embeddable":true,"href":"https:\/\/boreait.com\/hr\/wp-json\/wp\/v2\/product_brand?post=18718"},{"taxonomy":"product_cat","embeddable":true,"href":"https:\/\/boreait.com\/hr\/wp-json\/wp\/v2\/product_cat?post=18718"},{"taxonomy":"product_tag","embeddable":true,"href":"https:\/\/boreait.com\/hr\/wp-json\/wp\/v2\/product_tag?post=18718"}],"curies":[{"name":"wp","href":"https:\/\/api.w.org\/{rel}","templated":true}]}}