{"id":18717,"date":"2025-07-25T10:53:32","date_gmt":"2025-07-25T10:53:32","guid":{"rendered":"https:\/\/boreait.com\/hr\/?post_type=product&#038;p=18717"},"modified":"2026-01-07T09:01:04","modified_gmt":"2026-01-07T09:01:04","slug":"hp-elitebook-g2-series-ploca-s-gumbom-za-ukljucivanje-i-kabel-6050a256030","status":"publish","type":"product","link":"https:\/\/boreait.com\/hr\/product\/hp-elitebook-g2-series-ploca-s-gumbom-za-ukljucivanje-i-kabel-6050a256030\/","title":{"rendered":"HP EliteBook G2 Series plo\u010da s gumbom za uklju\u010divanje i kabel 6050A256030"},"content":{"rendered":"<p>HP EliteBook G2 serija plo\u010da s gumbom za uklju\u010divanje i kabel 6050A256030 dizajnirana je da zamijeni plo\u010du s gumbom za uklju\u010divanje i kabel va\u0161eg prijenosnog ra\u010dunala HP EliteBook G2. Ako va\u0161 gumb za napajanje ne reagira ili ne radi ispravno, ovaj \u0107e zamjenski dio vratiti njegovu funkcionalnost, omogu\u0107uju\u0107i vam da bez napora uklju\u010dite i isklju\u010dite prijenosno ra\u010dunalo.<\/p>\n<p>Ovaj originalni HP-ov zamjenski dio osigurava kompatibilnost i pouzdan rad. Posebno je dizajniran za prijenosna ra\u010dunala serije EliteBook G2, osiguravaju\u0107i savr\u0161eno pristajanje i besprijekornu integraciju. Plo\u010da s gumbom za uklju\u010divanje i kabel bitne su komponente koje osiguravaju potrebnu elektri\u010dnu vezu za ispravno funkcioniranje gumba za uklju\u010divanje.<\/p>\n<p>Kada mijenjate plo\u010du s gumbom za uklju\u010divanje i kabel, va\u017eno je slijediti upute proizvo\u0111a\u010da ili potra\u017eiti stru\u010dnu pomo\u0107 ako niste upoznati sa zamjenom hardvera prijenosnog ra\u010dunala. Obavezno isklju\u010dite prijenosno ra\u010dunalo i odspojite ga s izvora napajanja prije po\u010detka postupka instalacije.<\/p>\n<p>Ulo\u017eite u HP EliteBook G2 Series plo\u010du gumba za uklju\u010divanje i kabel 6050A256030 kako biste vratili funkcionalnost gumba za uklju\u010divanje prijenosnog ra\u010dunala. U\u017eivajte u pogodnosti jednostavnog uklju\u010divanja i isklju\u010divanja prijenosnog ra\u010dunala, osiguravaju\u0107i glatko korisni\u010dko iskustvo.<\/p>\n","protected":false},"excerpt":{"rendered":"<p>Zamijenite neispravnu plo\u010du s gumbom za uklju\u010divanje i kabel HP EliteBook G2 Series plo\u010dom s gumbom za uklju\u010divanje i kabelom 6050A256030. Ovaj originalni HP-ov zamjenski dio osigurava ispravno funkcioniranje gumba za uklju\u010divanje, omogu\u0107uju\u0107i vam da s lako\u0107om uklju\u010dite i isklju\u010dite prijenosno ra\u010dunalo.<\/p>\n","protected":false},"featured_media":18770,"template":"","meta":[],"product_brand":[],"product_cat":[62],"product_tag":[60],"class_list":{"0":"post-18717","1":"product","2":"type-product","3":"status-publish","4":"has-post-thumbnail","6":"product_cat-motherboards-board-parts","7":"product_tag-hp","9":"first","10":"instock","11":"taxable","12":"shipping-taxable","13":"purchasable","14":"product-type-simple"},"_links":{"self":[{"href":"https:\/\/boreait.com\/hr\/wp-json\/wp\/v2\/product\/18717","targetHints":{"allow":["GET"]}}],"collection":[{"href":"https:\/\/boreait.com\/hr\/wp-json\/wp\/v2\/product"}],"about":[{"href":"https:\/\/boreait.com\/hr\/wp-json\/wp\/v2\/types\/product"}],"wp:featuredmedia":[{"embeddable":true,"href":"https:\/\/boreait.com\/hr\/wp-json\/wp\/v2\/media\/18770"}],"wp:attachment":[{"href":"https:\/\/boreait.com\/hr\/wp-json\/wp\/v2\/media?parent=18717"}],"wp:term":[{"taxonomy":"product_brand","embeddable":true,"href":"https:\/\/boreait.com\/hr\/wp-json\/wp\/v2\/product_brand?post=18717"},{"taxonomy":"product_cat","embeddable":true,"href":"https:\/\/boreait.com\/hr\/wp-json\/wp\/v2\/product_cat?post=18717"},{"taxonomy":"product_tag","embeddable":true,"href":"https:\/\/boreait.com\/hr\/wp-json\/wp\/v2\/product_tag?post=18717"}],"curies":[{"name":"wp","href":"https:\/\/api.w.org\/{rel}","templated":true}]}}