{"id":18699,"date":"2025-07-25T10:53:10","date_gmt":"2025-07-25T10:53:10","guid":{"rendered":"https:\/\/boreait.com\/hr\/?post_type=product&#038;p=18699"},"modified":"2026-01-07T13:42:57","modified_gmt":"2026-01-07T13:42:57","slug":"hp-modemska-kartica-probook-6540b-510100-001","status":"publish","type":"product","link":"https:\/\/boreait.com\/hr\/product\/hp-modemska-kartica-probook-6540b-510100-001\/","title":{"rendered":"HP modemska kartica Probook 6540B 510100-001"},"content":{"rendered":"<p>Nadogradite svoj HP Probook 6540B s HP modemskom karticom. Ova interna modemska kartica dizajnirana je za pru\u017eanje pouzdanih i sigurnih komunikacijskih mogu\u0107nosti za va\u0161e prijenosno ra\u010dunalo. S ovom instaliranom modemskom karticom mo\u017eete pristupiti internetu, slati i primati e-po\u0161tu i povezati se na udaljene mre\u017ee pomo\u0107u dial-up veze.<\/p>\n<p>HP modemska kartica kompatibilna je s Probook 6540B i dizajnirana je za besprijekornu integraciju u unutarnji sustav prijenosnog ra\u010dunala. Nudi velike brzine prijenosa podataka, omogu\u0107uju\u0107i vam jednostavno pregledavanje interneta, preuzimanje datoteka i strujanje medija. Modemska kartica tako\u0111er podr\u017eava razli\u010dite mre\u017ene protokole, osiguravaju\u0107i kompatibilnost s razli\u010ditim pru\u017eateljima usluga.<\/p>\n<p>Instaliranje HP modemske kartice jednostavan je postupak koji uklju\u010duje otvaranje va\u0161eg Probooka 6540B i umetanje kartice u odgovaraju\u0107i utor. Pobrinite se da slijedite upute i smjernice proizvo\u0111a\u010da za uspje\u0161nu instalaciju. Tako\u0111er se preporu\u010duje da preuzmete i instalirate potrebne upravlja\u010dke programe i softver kako biste osigurali optimalne performanse.<\/p>\n<p>S HP modem karticom mo\u017eete ostati povezani \u010dak i kada Wi-Fi ili Ethernet veze nisu dostupne. Omogu\u0107uje pouzdano i sigurno sredstvo komunikacije, omogu\u0107uju\u0107i vam pristup internetu i povezivanje s udaljenim mre\u017eama pomo\u0107u dial-up veze. Ovo je osobito korisno kada putujete ili u podru\u010djima s ograni\u010denim mogu\u0107nostima povezivanja.<\/p>\n<p>Nadogradite svoj HP Probook 6540B s HP Modem karticom i u\u017eivajte u pouzdanim i sigurnim komunikacijskim mogu\u0107nostima kamo god po\u0161li. Ostanite povezani, pristupite internetu i komunicirajte s lako\u0107om koriste\u0107i ovu unutarnju modemsku karticu posebno dizajniranu za va\u0161 model prijenosnog ra\u010dunala.<\/p>\n","protected":false},"excerpt":{"rendered":"<p>Pobolj\u0161ajte svoj HP Probook 6540B s HP Modem karticom. Ova interna modemska kartica pru\u017ea pouzdane i sigurne komunikacijske mogu\u0107nosti za va\u0161e prijenosno ra\u010dunalo, omogu\u0107uju\u0107i vam da ostanete povezani gdje god idete.<\/p>\n","protected":false},"featured_media":18753,"template":"","meta":[],"product_brand":[],"product_cat":[62],"product_tag":[60],"class_list":{"0":"post-18699","1":"product","2":"type-product","3":"status-publish","4":"has-post-thumbnail","6":"product_cat-motherboards-board-parts","7":"product_tag-hp","9":"first","10":"instock","11":"taxable","12":"shipping-taxable","13":"purchasable","14":"product-type-simple"},"_links":{"self":[{"href":"https:\/\/boreait.com\/hr\/wp-json\/wp\/v2\/product\/18699","targetHints":{"allow":["GET"]}}],"collection":[{"href":"https:\/\/boreait.com\/hr\/wp-json\/wp\/v2\/product"}],"about":[{"href":"https:\/\/boreait.com\/hr\/wp-json\/wp\/v2\/types\/product"}],"wp:featuredmedia":[{"embeddable":true,"href":"https:\/\/boreait.com\/hr\/wp-json\/wp\/v2\/media\/18753"}],"wp:attachment":[{"href":"https:\/\/boreait.com\/hr\/wp-json\/wp\/v2\/media?parent=18699"}],"wp:term":[{"taxonomy":"product_brand","embeddable":true,"href":"https:\/\/boreait.com\/hr\/wp-json\/wp\/v2\/product_brand?post=18699"},{"taxonomy":"product_cat","embeddable":true,"href":"https:\/\/boreait.com\/hr\/wp-json\/wp\/v2\/product_cat?post=18699"},{"taxonomy":"product_tag","embeddable":true,"href":"https:\/\/boreait.com\/hr\/wp-json\/wp\/v2\/product_tag?post=18699"}],"curies":[{"name":"wp","href":"https:\/\/api.w.org\/{rel}","templated":true}]}}