{"id":18698,"date":"2025-07-25T10:53:10","date_gmt":"2025-07-25T10:53:10","guid":{"rendered":"https:\/\/boreait.com\/hr\/?post_type=product&#038;p=18698"},"modified":"2025-07-25T10:54:09","modified_gmt":"2025-07-25T10:54:09","slug":"za-hp-zbook-15-usb-mala-ploca-s-ugradenim-usb-suceljem-ls-9243p","status":"publish","type":"product","link":"https:\/\/boreait.com\/hr\/product\/za-hp-zbook-15-usb-mala-ploca-s-ugradenim-usb-suceljem-ls-9243p\/","title":{"rendered":"ZA HP ZBOOK 15 USB mala plo\u010da s ugra\u0111enim USB su\u010deljem LS-9243P"},"content":{"rendered":"<p>Pro\u0161irite mogu\u0107nosti povezivanja va\u0161eg HP ZBook 15 s USB Small Board. Ova plo\u010da s ugra\u0111enim USB su\u010deljem dizajnirana je za pru\u017eanje dodatnih USB priklju\u010daka za va\u0161e prijenosno ra\u010dunalo, daju\u0107i vam fleksibilnost za povezivanje vi\u0161e ure\u0111aja i perifernih ure\u0111aja.<\/p>\n<p>S USB malom plo\u010dom mo\u017eete pove\u0107ati broj USB priklju\u010daka dostupnih na va\u0161em HP ZBook 15, omogu\u0107uju\u0107i vam povezivanje \u0161ireg raspona ure\u0111aja kao \u0161to su vanjski tvrdi diskovi, pisa\u010di, skeneri, tipkovnice i mi\u0161evi. To vam omogu\u0107uje da pove\u0107ate svoju produktivnost i prakti\u010dnost istovremeno povezanim vi\u0161e ure\u0111aja.<\/p>\n<p>Proces instalacije je jednostavan i jasan. Slijedite upute proizvo\u0111a\u010da i zamijenite postoje\u0107u USB plo\u010du na va\u0161em HP ZBook 15 malom USB plo\u010dom. Osigurajte kompatibilnost s va\u0161im odre\u0111enim modelom prijenosnog ra\u010dunala i osigurajte da su instalirani potrebni upravlja\u010dki programi za optimalnu funkcionalnost.<\/p>\n<p>S USB malom plo\u010dom mo\u017eete u\u017eivati u pogodnosti vi\u0161e USB priklju\u010daka na va\u0161em HP ZBook 15, pru\u017eaju\u0107i vam ve\u0107u fleksibilnost i pro\u0161irivost. Pove\u017eite se i koristite vi\u0161e ure\u0111aja istovremeno, pove\u0107avaju\u0107i svoju produktivnost i u\u010dinkovitost. Recite zbogom ograni\u010denjima ograni\u010denog broja USB priklju\u010daka i iskusite pogodnost pro\u0161irenih mogu\u0107nosti povezivanja.<\/p>\n<p>Nadogradite svoj HP ZBook 15 s USB Small Board i otklju\u010dajte potencijal za pove\u0107anu povezanost ure\u0111aja. Pove\u017eite vi\u0161e ure\u0111aja, pojednostavite svoj tijek rada i pobolj\u0161ajte svoje cjelokupno ra\u010dunalno iskustvo s ovom ugra\u0111enom plo\u010dom USB su\u010delja.<\/p>\n","protected":false},"excerpt":{"rendered":"<p>Nadogradite svoj HP ZBook 15 s USB Small Board, ugra\u0111enom plo\u010dom USB su\u010delja dizajniranom za pobolj\u0161anje mogu\u0107nosti povezivanja va\u0161eg prijenosnog ra\u010dunala. S ovom plo\u010dom mo\u017eete pro\u0161iriti broj USB priklju\u010daka dostupnih na va\u0161em ZBook 15, omogu\u0107uju\u0107i vam povezivanje vi\u0161e ure\u0111aja i perifernih ure\u0111aja.<\/p>\n","protected":false},"featured_media":18752,"template":"","meta":[],"product_brand":[],"product_cat":[62],"product_tag":[60],"class_list":{"0":"post-18698","1":"product","2":"type-product","3":"status-publish","4":"has-post-thumbnail","6":"product_cat-motherboards-board-parts","7":"product_tag-hp","9":"first","10":"instock","11":"taxable","12":"shipping-taxable","13":"purchasable","14":"product-type-simple"},"_links":{"self":[{"href":"https:\/\/boreait.com\/hr\/wp-json\/wp\/v2\/product\/18698","targetHints":{"allow":["GET"]}}],"collection":[{"href":"https:\/\/boreait.com\/hr\/wp-json\/wp\/v2\/product"}],"about":[{"href":"https:\/\/boreait.com\/hr\/wp-json\/wp\/v2\/types\/product"}],"wp:featuredmedia":[{"embeddable":true,"href":"https:\/\/boreait.com\/hr\/wp-json\/wp\/v2\/media\/18752"}],"wp:attachment":[{"href":"https:\/\/boreait.com\/hr\/wp-json\/wp\/v2\/media?parent=18698"}],"wp:term":[{"taxonomy":"product_brand","embeddable":true,"href":"https:\/\/boreait.com\/hr\/wp-json\/wp\/v2\/product_brand?post=18698"},{"taxonomy":"product_cat","embeddable":true,"href":"https:\/\/boreait.com\/hr\/wp-json\/wp\/v2\/product_cat?post=18698"},{"taxonomy":"product_tag","embeddable":true,"href":"https:\/\/boreait.com\/hr\/wp-json\/wp\/v2\/product_tag?post=18698"}],"curies":[{"name":"wp","href":"https:\/\/api.w.org\/{rel}","templated":true}]}}