{"id":18687,"date":"2025-07-25T10:52:48","date_gmt":"2025-07-25T10:52:48","guid":{"rendered":"https:\/\/boreait.com\/hr\/?post_type=product&#038;p=18687"},"modified":"2026-01-07T08:40:40","modified_gmt":"2026-01-07T08:40:40","slug":"710663-001-dell-intel-bezicna-802-11ac-wifi-bluetooth-4-0-wlan-kartica","status":"publish","type":"product","link":"https:\/\/boreait.com\/hr\/product\/710663-001-dell-intel-bezicna-802-11ac-wifi-bluetooth-4-0-wlan-kartica\/","title":{"rendered":"710663-001 Dell Intel be\u017ei\u010dna 802.11Ac Wifi Bluetooth 4.0 WLAN kartica"},"content":{"rendered":"<p>Pobolj\u0161ajte be\u017ei\u010dne mogu\u0107nosti svog prijenosnog ra\u010dunala Dell s Dell Intel Wireless 802.11Ac Wifi Bluetooth 4.0 WLAN karticom. Dizajnirana za pru\u017eanje be\u017ei\u010dne veze visokih performansi, ova kartica pru\u017ea br\u017ee internetske brzine, pouzdane be\u017ei\u010dne veze i besprijekornu Bluetooth vezu za besprijekorno iskustvo rada s ra\u010dunalom.<\/p>\n<p>Dell Intel Wireless 802.11Ac Wifi Bluetooth 4.0 WLAN kartica koristi najnoviju 802.11ac be\u017ei\u010dnu tehnologiju, nude\u0107i br\u017ei prijenos podataka i pobolj\u0161anu mre\u017enu u\u010dinkovitost u usporedbi s prethodnim generacijama. Uz podr\u0161ku za dual-band frekvencije, mo\u017eete se povezati na be\u017ei\u010dne mre\u017ee od 2,4 GHz i 5 GHz, \u0161to vam omogu\u0107uje da u\u017eivate u br\u017eim i stabilnijim internetskim vezama.<\/p>\n<p>Uz napredne Wi-Fi mogu\u0107nosti, ova kartica tako\u0111er ima Bluetooth 4.0 tehnologiju. Jednostavno mo\u017eete spojiti ure\u0111aje s omogu\u0107enom Bluetooth tehnologijom kao \u0161to su be\u017ei\u010dne tipkovnice, mi\u0161evi, slu\u0161alice i zvu\u010dnici za be\u017ei\u010dno iskustvo bez muke. U\u017eivajte u be\u017ei\u010dnoj slobodi i prakti\u010dnosti bez potrebe za dodatnim kabelima ili adapterima.<\/p>\n<p>Postupak instalacije je jednostavan, osiguravaju\u0107i nadogradnju bez muke za va\u0161e prijenosno ra\u010dunalo Dell. Jednostavno zamijenite postoje\u0107u be\u017ei\u010dnu karticu s Dell Intel Wireless 802.11Ac Wifi Bluetooth 4.0 WLAN karticom i slijedite upute proizvo\u0111a\u010da za pravilnu instalaciju.<\/p>\n<p>Nadogradite be\u017ei\u010dnu povezanost svog Dell prijenosnog ra\u010dunala s Dell Intel Wireless 802.11Ac Wifi Bluetooth 4.0 WLAN karticom i do\u017eivite br\u017ee internetske brzine, pouzdane be\u017ei\u010dne veze i besprijekornu Bluetooth vezu. Ostanite povezani kamo god i\u0161li i u\u017eivajte u glatkom iskustvu rada s pobolj\u0161anim be\u017ei\u010dnim performansama.<\/p>\n","protected":false},"excerpt":{"rendered":"<p>Nadogradite be\u017ei\u010dnu povezanost va\u0161eg Dell prijenosnog ra\u010dunala s Dell Intel Wireless 802.11Ac Wifi Bluetooth 4.0 WLAN karticom. U\u017eivajte u br\u017eim brzinama interneta, pouzdanim be\u017ei\u010dnim vezama i besprijekornoj Bluetooth povezivosti za glatko iskustvo rada s ra\u010dunalom.<\/p>\n","protected":false},"featured_media":18751,"template":"","meta":[],"product_brand":[],"product_cat":[62],"product_tag":[52],"class_list":{"0":"post-18687","1":"product","2":"type-product","3":"status-publish","4":"has-post-thumbnail","6":"product_cat-motherboards-board-parts","7":"product_tag-dell","9":"first","10":"instock","11":"taxable","12":"shipping-taxable","13":"purchasable","14":"product-type-simple"},"_links":{"self":[{"href":"https:\/\/boreait.com\/hr\/wp-json\/wp\/v2\/product\/18687","targetHints":{"allow":["GET"]}}],"collection":[{"href":"https:\/\/boreait.com\/hr\/wp-json\/wp\/v2\/product"}],"about":[{"href":"https:\/\/boreait.com\/hr\/wp-json\/wp\/v2\/types\/product"}],"wp:featuredmedia":[{"embeddable":true,"href":"https:\/\/boreait.com\/hr\/wp-json\/wp\/v2\/media\/18751"}],"wp:attachment":[{"href":"https:\/\/boreait.com\/hr\/wp-json\/wp\/v2\/media?parent=18687"}],"wp:term":[{"taxonomy":"product_brand","embeddable":true,"href":"https:\/\/boreait.com\/hr\/wp-json\/wp\/v2\/product_brand?post=18687"},{"taxonomy":"product_cat","embeddable":true,"href":"https:\/\/boreait.com\/hr\/wp-json\/wp\/v2\/product_cat?post=18687"},{"taxonomy":"product_tag","embeddable":true,"href":"https:\/\/boreait.com\/hr\/wp-json\/wp\/v2\/product_tag?post=18687"}],"curies":[{"name":"wp","href":"https:\/\/api.w.org\/{rel}","templated":true}]}}