{"id":18647,"date":"2025-07-25T10:51:58","date_gmt":"2025-07-25T10:51:58","guid":{"rendered":"https:\/\/boreait.com\/hr\/?post_type=product&#038;p=18647"},"modified":"2025-07-25T10:53:34","modified_gmt":"2025-07-25T10:53:34","slug":"dc1830lb0520dc1830rb0520-lcd-set-sarki-za-lenovo-x1-carbon-3rd-gen","status":"publish","type":"product","link":"https:\/\/boreait.com\/hr\/product\/dc1830lb0520dc1830rb0520-lcd-set-sarki-za-lenovo-x1-carbon-3rd-gen\/","title":{"rendered":"DC1830LB0520,DC1830RB0520 LCD set \u0161arki za Lenovo X1 Carbon 3rd Gen"},"content":{"rendered":"<p>DC1830LB0520 i DC1830RB0520 LCD \u0161arke posebno su dizajnirane za prijenosno ra\u010dunalo Lenovo X1 Carbon 3rd Gen, nude\u0107i savr\u0161eno pristajanje i kompatibilnost. Ove \u0161arke igraju klju\u010dnu ulogu u funkcionalnosti zaslona prijenosnog ra\u010dunala, omogu\u0107uju\u0107i mu glatko i sigurno otvaranje i zatvaranje.<\/p>\n<p>Izra\u0111ene od izdr\u017eljivih materijala, ove su \u0161arke napravljene da izdr\u017ee svakodnevnu upotrebu i pru\u017eaju dugotrajnu izvedbu. Dizajnirani su za odr\u017eavanje pravilnog poravnanja i napetosti potrebne za dr\u017eanje zaslona na mjestu, osiguravaju\u0107i da ostane u \u017eeljenom polo\u017eaju bez ikakvog ljuljanja ili nestabilnosti.<\/p>\n<p>Zamjena va\u0161ih o\u0161te\u0107enih ili istro\u0161enih \u0161arki s DC1830LB0520 i DC1830RB0520 setom LCD \u0161arki vratit \u0107e glatko kretanje zaslona prijenosnog ra\u010dunala X1 Carbon 3rd Gen. Bilo da otvarate i zatvarate prijenosno ra\u010dunalo ili pode\u0161avate kut zaslona, ove \u0107e \u0161arke pru\u017eiti pouzdano i stabilno iskustvo.<\/p>\n<p>Ispravno funkcioniranje \u0161arki klju\u010dno je za cjelokupnu upotrebljivost i dugovje\u010dnost va\u0161eg prijenosnog ra\u010dunala. Uz DC1830LB0520 i DC1830RB0520 LCD \u0161arke, mo\u017eete osigurati da zaslon prijenosnog ra\u010dunala Lenovo X1 Carbon 3. generacije radi kako je predvi\u0111eno, omogu\u0107uju\u0107i vam da s lako\u0107om radite, u\u010dite ili u\u017eivate u multimedijskom sadr\u017eaju.<\/p>\n","protected":false},"excerpt":{"rendered":"<p>DC1830LB0520 i DC1830RB0520 LCD \u0161arke set je zamjenski set \u0161arki dizajniran za prijenosno ra\u010dunalo Lenovo X1 Carbon 3rd Gen. Ove \u0161arke osiguravaju glatko i stabilno kretanje zaslona prijenosnog ra\u010dunala, omogu\u0107uju\u0107i vam da ga lako otvarate i zatvarate.<\/p>\n","protected":false},"featured_media":18723,"template":"","meta":[],"product_brand":[],"product_cat":[54],"product_tag":[61],"class_list":{"0":"post-18647","1":"product","2":"type-product","3":"status-publish","4":"has-post-thumbnail","6":"product_cat-screen-hinge","7":"product_tag-lenovo","9":"first","10":"instock","11":"taxable","12":"shipping-taxable","13":"purchasable","14":"product-type-simple"},"_links":{"self":[{"href":"https:\/\/boreait.com\/hr\/wp-json\/wp\/v2\/product\/18647","targetHints":{"allow":["GET"]}}],"collection":[{"href":"https:\/\/boreait.com\/hr\/wp-json\/wp\/v2\/product"}],"about":[{"href":"https:\/\/boreait.com\/hr\/wp-json\/wp\/v2\/types\/product"}],"wp:featuredmedia":[{"embeddable":true,"href":"https:\/\/boreait.com\/hr\/wp-json\/wp\/v2\/media\/18723"}],"wp:attachment":[{"href":"https:\/\/boreait.com\/hr\/wp-json\/wp\/v2\/media?parent=18647"}],"wp:term":[{"taxonomy":"product_brand","embeddable":true,"href":"https:\/\/boreait.com\/hr\/wp-json\/wp\/v2\/product_brand?post=18647"},{"taxonomy":"product_cat","embeddable":true,"href":"https:\/\/boreait.com\/hr\/wp-json\/wp\/v2\/product_cat?post=18647"},{"taxonomy":"product_tag","embeddable":true,"href":"https:\/\/boreait.com\/hr\/wp-json\/wp\/v2\/product_tag?post=18647"}],"curies":[{"name":"wp","href":"https:\/\/api.w.org\/{rel}","templated":true}]}}