{"id":18646,"date":"2025-07-25T10:51:58","date_gmt":"2025-07-25T10:51:58","guid":{"rendered":"https:\/\/boreait.com\/hr\/?post_type=product&#038;p=18646"},"modified":"2025-07-25T10:53:31","modified_gmt":"2025-07-25T10:53:31","slug":"023-4003e-0001-zvucnici-za-lenovo-thinkpad-x1-carbon-3rd","status":"publish","type":"product","link":"https:\/\/boreait.com\/hr\/product\/023-4003e-0001-zvucnici-za-lenovo-thinkpad-x1-carbon-3rd\/","title":{"rendered":"023.4003E.0001 Zvu\u010dnici za Lenovo Thinkpad X1 Carbon 3rd"},"content":{"rendered":"<p>023.4003E.0001 Zvu\u010dnici za Lenovo Thinkpad X1 Carbon 3rd savr\u0161eno su rje\u0161enje ako imate problema sa zvukom prijenosnog ra\u010dunala ili ako su zvu\u010dnici o\u0161te\u0107eni ili neispravni. Ovi su zvu\u010dnici posebno dizajnirani za model X1 Carbon 3. generacije, osiguravaju\u0107i kompatibilnost i jednostavnu instalaciju.<\/p>\n<p>S ovim zamjenskim zvu\u010dnicima mo\u017eete u\u017eivati u \u010distom i impresivnom zvuku dok gledate filmove, slu\u0161ate glazbu ili sudjelujete u videokonferencijama. Zvu\u010dnici pru\u017eaju visokokvalitetnu audio reprodukciju, omogu\u0107uju\u0107i vam da u potpunosti do\u017eivite bogatstvo i dubinu va\u0161eg multimedijskog sadr\u017eaja.<\/p>\n<p>Ovi originalni Lenovo zvu\u010dnici napravljeni su da zadovolje najvi\u0161e standarde kvalitete i izdr\u017eljivosti. Dizajnirani su da pru\u017ee dugotrajne performanse, osiguravaju\u0107i da mo\u017eete u\u017eivati u audio mogu\u0107nostima va\u0161eg prijenosnog ra\u010dunala godinama koje dolaze. Sa svojom preciznom konstrukcijom, ovi zvu\u010dnici isporu\u010duju to\u010dnu reprodukciju zvuka u \u0161irokom frekvencijskom rasponu, \u0161to rezultira o\u0161trim visokim, uravnote\u017eenim srednjim i dubokim niskim tonom.<\/p>\n<p>Zamjena va\u0161ih o\u0161te\u0107enih ili istro\u0161enih zvu\u010dnika sa zvu\u010dnicima 023.4003E.0001 za Lenovo Thinkpad X1 Carbon 3rd obnovit \u0107e audio performanse va\u0161eg prijenosnog ra\u010dunala i pobolj\u0161ati va\u0161e cjelokupno multimedijsko iskustvo.<\/p>\n","protected":false},"excerpt":{"rendered":"<p>023.4003E.0001 Zvu\u010dnici za Lenovo Thinkpad X1 Carbon 3rd su originalni zamjenski zvu\u010dnici dizajnirani za vra\u0107anje visokokvalitetnog audio izlaza na va\u0161e prijenosno ra\u010dunalo. Ovi zvu\u010dnici isporu\u010duju jasan i impresivan zvuk, pobolj\u0161avaju\u0107i va\u0161e multimedijsko iskustvo.<\/p>\n","protected":false},"featured_media":18715,"template":"","meta":[],"product_brand":[],"product_cat":[53],"product_tag":[61],"class_list":{"0":"post-18646","1":"product","2":"type-product","3":"status-publish","4":"has-post-thumbnail","6":"product_cat-laptop-speakers","7":"product_tag-lenovo","9":"first","10":"instock","11":"taxable","12":"shipping-taxable","13":"purchasable","14":"product-type-simple"},"_links":{"self":[{"href":"https:\/\/boreait.com\/hr\/wp-json\/wp\/v2\/product\/18646","targetHints":{"allow":["GET"]}}],"collection":[{"href":"https:\/\/boreait.com\/hr\/wp-json\/wp\/v2\/product"}],"about":[{"href":"https:\/\/boreait.com\/hr\/wp-json\/wp\/v2\/types\/product"}],"wp:featuredmedia":[{"embeddable":true,"href":"https:\/\/boreait.com\/hr\/wp-json\/wp\/v2\/media\/18715"}],"wp:attachment":[{"href":"https:\/\/boreait.com\/hr\/wp-json\/wp\/v2\/media?parent=18646"}],"wp:term":[{"taxonomy":"product_brand","embeddable":true,"href":"https:\/\/boreait.com\/hr\/wp-json\/wp\/v2\/product_brand?post=18646"},{"taxonomy":"product_cat","embeddable":true,"href":"https:\/\/boreait.com\/hr\/wp-json\/wp\/v2\/product_cat?post=18646"},{"taxonomy":"product_tag","embeddable":true,"href":"https:\/\/boreait.com\/hr\/wp-json\/wp\/v2\/product_tag?post=18646"}],"curies":[{"name":"wp","href":"https:\/\/api.w.org\/{rel}","templated":true}]}}