{"id":18645,"date":"2025-07-25T10:51:58","date_gmt":"2025-07-25T10:51:58","guid":{"rendered":"https:\/\/boreait.com\/hr\/?post_type=product&#038;p=18645"},"modified":"2025-07-25T10:53:29","modified_gmt":"2025-07-25T10:53:29","slug":"lenovo-thinkpad-x1-carbon-3rd-gen-thermal-heat-sink-ventilator-00hn743","status":"publish","type":"product","link":"https:\/\/boreait.com\/hr\/product\/lenovo-thinkpad-x1-carbon-3rd-gen-thermal-heat-sink-ventilator-00hn743\/","title":{"rendered":"Lenovo ThinkPad X1 Carbon 3rd Gen Thermal Heat Sink Ventilator 00HN743"},"content":{"rendered":"<p>Lenovo ThinkPad X1 Carbon 3rd Gen Thermal Heat Sink Fan 00HN743 bitna je komponenta za odr\u017eavanje optimalne temperature va\u0161eg prijenosnog ra\u010dunala. S vremenom se ventilatori prijenosnog ra\u010dunala mogu istro\u0161iti ili nakupiti pra\u0161inu, \u0161to dovodi do smanjene u\u010dinkovitosti hla\u0111enja i mogu\u0107ih problema s pregrijavanjem. Zamjena va\u0161eg starog ili neispravnog ventilatora ovim originalnim Lenovo dijelom osigurava da \u0107e va\u0161e prijenosno ra\u010dunalo ThinkPad X1 Carbon 3rd Gen ostati hladno i raditi najbolje.<\/p>\n<p>Ovaj sklop ventilatora toplinskog hladnjaka posebno je dizajniran da odgovara modelu ThinkPad X1 Carbon 3rd Gen, osiguravaju\u0107i savr\u0161eno pristajanje i jednostavnu instalaciju. U\u010dinkovito raspr\u0161uje toplinu koju stvaraju unutarnje komponente prijenosnog ra\u010dunala, uklju\u010duju\u0107i CPU i GPU, kako bi se sprije\u010dilo termi\u010dko prigu\u0161ivanje i odr\u017eala stabilna izvedba \u010dak i tijekom intenzivnih zadataka.<\/p>\n<p>Ventilator radi tiho i u\u010dinkovito, zahvaljuju\u0107i visokokvalitetnom dizajnu i izradi. Projektiran je za pru\u017eanje pouzdanog hla\u0111enja bez stvaranja pretjerane buke, omogu\u0107uju\u0107i vam da radite ili u\u017eivate u multimedijskom sadr\u017eaju bez ometanja.<\/p>\n<p>Zamjenom ventilatora toplinskog hladnjaka va\u0161eg prijenosnog ra\u010dunala Lenovo ThinkPad X1 Carbon 3rd Gen Thermal Heat Sink Fan 00HN743, mo\u017eete osigurati da va\u0161e prijenosno ra\u010dunalo ostane hladno, \u010dak i pod velikim radnim optere\u0107enjem. Ovaj originalni Lenovo zamjenski dio jam\u010di kompatibilnost, pouzdanost i optimalne performanse hla\u0111enja, produ\u017euju\u0107i vijek trajanja va\u0161eg ThinkPad X1 Carbon 3. generacije i pru\u017eaju\u0107i glatko i u\u010dinkovito ra\u010dunalno iskustvo.<\/p>\n","protected":false},"excerpt":{"rendered":"<p>Lenovo ThinkPad X1 Carbon 3rd Gen Thermal Heat Sink Ventilator 00HN743 je visokokvalitetni zamjenski dio dizajniran da odr\u017ei va\u0161e prijenosno ra\u010dunalo hladnim i sprije\u010di pregrijavanje. Sadr\u017ei sklop toplinskog hladnjaka i ventilatora posebno dizajniran za model ThinkPad X1 Carbon 3rd Gen. Ovaj zamjenski ventilator poma\u017ee u u\u010dinkovitom odvo\u0111enju topline, osiguravaju\u0107i optimalne performanse i dugovje\u010dnost va\u0161eg prijenosnog ra\u010dunala.<\/p>\n","protected":false},"featured_media":18713,"template":"","meta":[],"product_brand":[],"product_cat":[68],"product_tag":[61],"class_list":{"0":"post-18645","1":"product","2":"type-product","3":"status-publish","4":"has-post-thumbnail","6":"product_cat-cpu-fans-heatsinks","7":"product_tag-lenovo","9":"first","10":"instock","11":"taxable","12":"shipping-taxable","13":"purchasable","14":"product-type-simple"},"_links":{"self":[{"href":"https:\/\/boreait.com\/hr\/wp-json\/wp\/v2\/product\/18645","targetHints":{"allow":["GET"]}}],"collection":[{"href":"https:\/\/boreait.com\/hr\/wp-json\/wp\/v2\/product"}],"about":[{"href":"https:\/\/boreait.com\/hr\/wp-json\/wp\/v2\/types\/product"}],"wp:featuredmedia":[{"embeddable":true,"href":"https:\/\/boreait.com\/hr\/wp-json\/wp\/v2\/media\/18713"}],"wp:attachment":[{"href":"https:\/\/boreait.com\/hr\/wp-json\/wp\/v2\/media?parent=18645"}],"wp:term":[{"taxonomy":"product_brand","embeddable":true,"href":"https:\/\/boreait.com\/hr\/wp-json\/wp\/v2\/product_brand?post=18645"},{"taxonomy":"product_cat","embeddable":true,"href":"https:\/\/boreait.com\/hr\/wp-json\/wp\/v2\/product_cat?post=18645"},{"taxonomy":"product_tag","embeddable":true,"href":"https:\/\/boreait.com\/hr\/wp-json\/wp\/v2\/product_tag?post=18645"}],"curies":[{"name":"wp","href":"https:\/\/api.w.org\/{rel}","templated":true}]}}