{"id":18643,"date":"2025-07-25T10:51:58","date_gmt":"2025-07-25T10:51:58","guid":{"rendered":"https:\/\/boreait.com\/hr\/?post_type=product&#038;p=18643"},"modified":"2026-01-14T07:37:12","modified_gmt":"2026-01-14T07:37:12","slug":"0vx90n-za-dell-latitude-e5570-sata-tvrdi-disk-disk-hdd-caddy-nosac","status":"publish","type":"product","link":"https:\/\/boreait.com\/hr\/product\/0vx90n-za-dell-latitude-e5570-sata-tvrdi-disk-disk-hdd-caddy-nosac\/","title":{"rendered":"0VX90N za Dell Latitude E5570 SATA tvrdi disk Disk HDD Caddy nosa\u010d"},"content":{"rendered":"<div class=\"group w-full text-gray-800 dark:text-gray-100 border-b border-black\/10 dark:border-gray-900\/50 bg-gray-50 dark:bg-[#444654]\">\n<div class=\"flex p-4 gap-4 text-base md:gap-6 md:max-w-2xl lg:max-w-[38rem] xl:max-w-3xl md:py-6 lg:px-0 m-auto\">\n<div class=\"relative flex w-[calc(100%-50px)] flex-col gap-1 md:gap-3 lg:w-[calc(100%-115px)]\">\n<div class=\"flex flex-grow flex-col gap-3\">\n<div class=\"min-h-[20px] flex items-start overflow-x-auto whitespace-pre-wrap break-words flex-col gap-4\">\n<div class=\"markdown prose w-full break-words dark:prose-invert light\">\n<p>Nosa\u010d nosa\u010da tvrdog diska 0VX90N SATA savr\u0161eno je rje\u0161enje za dodavanje dodatne pohrane va\u0161em prijenosnom ra\u010dunalu Dell Latitude E5570. Bilo da trebate vi\u0161e prostora za pohranjivanje datoteka, aplikacija ili multimedijskog sadr\u017eaja, ovaj nosa\u010d nosa\u010da nudi prakti\u010dan i siguran na\u010din za instaliranje SATA tvrdog diska ili SSD-a.<\/p>\n<p>Dizajniran imaju\u0107i na umu preciznost i kompatibilnost, ovaj originalni Dell nosa\u010d nosa\u010da osigurava pravilno pristajanje i poravnanje s unutarnjim komponentama va\u0161eg prijenosnog ra\u010dunala. Lako se postavlja i zahtijeva minimalno tehni\u010dko znanje. Jednostavno uklonite postoje\u0107i nosa\u010d sa svog prijenosnog ra\u010dunala, pri\u010dvrstite novi nosa\u010d nosa\u010da na njegovo mjesto i sigurno pove\u017eite svoj SATA tvrdi disk ili SSD.<\/p>\n<p>Dodavanjem dodatnog tvrdog diska ili SSD-a va\u0161em Dell Latitude E5570, mo\u017eete u\u017eivati u pove\u0107anom kapacitetu pohrane za svoje datoteke, br\u017eem pristupu podacima i brzinama prijenosa te pobolj\u0161anoj op\u0107oj performansi sustava. Bilo da vam je potreban dodatni prostor za profesionalni rad, multimedijski sadr\u017eaj ili osobne datoteke, ovaj nosa\u010d nosa\u010da nudi pouzdano i u\u010dinkovito rje\u0161enje za pohranu.<\/p>\n<p>Nadogradite svoj Dell Latitude E5570 s 0VX90N SATA nosa\u010dem tvrdog diska i iskoristite prednosti dodatne pohrane. Pro\u0161irite kapacitet svog prijenosnog ra\u010dunala, pobolj\u0161ajte njegove performanse i pobolj\u0161ajte svoju produktivnost. Uz ovaj originalni Dell zamjenski dio, mo\u017eete vjerovati njegovoj kvaliteti i kompatibilnosti s va\u0161im prijenosnim ra\u010dunalom.<\/p>\n<\/div>\n<\/div>\n<\/div>\n<div class=\"flex justify-between lg:block\">\n<div class=\"text-xs flex items-center justify-center gap-1 self-center pt-2 !invisible\"><\/div>\n<div class=\"text-gray-400 flex self-end lg:self-center justify-center mt-2 gap-2 md:gap-3 lg:gap-1 lg:absolute lg:top-0 lg:translate-x-full lg:right-0 lg:mt-0 lg:pl-2 visible\">\n<p>&nbsp;<\/p>\n<div class=\"flex gap-1\"><\/div>\n<\/div>\n<\/div>\n<\/div>\n<\/div>\n<\/div>\n","protected":false},"excerpt":{"rendered":"<p>Nosa\u010d nosa\u010da tvrdog diska 0VX90N originalni je Dell zamjenski dio dizajniran posebno za prijenosno ra\u010dunalo Dell Latitude E5570. Omogu\u0107uje vam sigurno instaliranje i spajanje SATA tvrdog diska ili solid-state diska (SSD) na va\u0161e prijenosno ra\u010dunalo, pro\u0161iruju\u0107i njegov kapacitet za pohranu i pobolj\u0161avaju\u0107i njegovu ukupnu izvedbu.<\/p>\n","protected":false},"featured_media":18710,"template":"","meta":[],"product_brand":[],"product_cat":[51],"product_tag":[52],"class_list":{"0":"post-18643","1":"product","2":"type-product","3":"status-publish","4":"has-post-thumbnail","6":"product_cat-laptop-housing","7":"product_tag-dell","9":"first","10":"instock","11":"taxable","12":"shipping-taxable","13":"purchasable","14":"product-type-simple"},"_links":{"self":[{"href":"https:\/\/boreait.com\/hr\/wp-json\/wp\/v2\/product\/18643","targetHints":{"allow":["GET"]}}],"collection":[{"href":"https:\/\/boreait.com\/hr\/wp-json\/wp\/v2\/product"}],"about":[{"href":"https:\/\/boreait.com\/hr\/wp-json\/wp\/v2\/types\/product"}],"wp:featuredmedia":[{"embeddable":true,"href":"https:\/\/boreait.com\/hr\/wp-json\/wp\/v2\/media\/18710"}],"wp:attachment":[{"href":"https:\/\/boreait.com\/hr\/wp-json\/wp\/v2\/media?parent=18643"}],"wp:term":[{"taxonomy":"product_brand","embeddable":true,"href":"https:\/\/boreait.com\/hr\/wp-json\/wp\/v2\/product_brand?post=18643"},{"taxonomy":"product_cat","embeddable":true,"href":"https:\/\/boreait.com\/hr\/wp-json\/wp\/v2\/product_cat?post=18643"},{"taxonomy":"product_tag","embeddable":true,"href":"https:\/\/boreait.com\/hr\/wp-json\/wp\/v2\/product_tag?post=18643"}],"curies":[{"name":"wp","href":"https:\/\/api.w.org\/{rel}","templated":true}]}}