{"id":18624,"date":"2025-07-25T10:51:36","date_gmt":"2025-07-25T10:51:36","guid":{"rendered":"https:\/\/boreait.com\/hr\/?post_type=product&#038;p=18624"},"modified":"2025-07-25T10:52:55","modified_gmt":"2025-07-25T10:52:55","slug":"originalni-okvir-lcd-zaslona-prijenosnog-racunala-dell-latitude-5000-e5480-09r00f-9r00f","status":"publish","type":"product","link":"https:\/\/boreait.com\/hr\/product\/originalni-okvir-lcd-zaslona-prijenosnog-racunala-dell-latitude-5000-e5480-09r00f-9r00f\/","title":{"rendered":"Originalni okvir LCD zaslona prijenosnog ra\u010dunala Dell Latitude 5000 E5480 09R00F 9R00F"},"content":{"rendered":"<p>Originalni okvir LCD zaslona prijenosnog ra\u010dunala Dell Latitude 5000 E5480 je originalni Dell zamjenski dio dizajniran posebno za model prijenosnog ra\u010dunala Dell Latitude 5000 E5480. To je idealno rje\u0161enje za one koji \u017eele zamijeniti postoje\u0107e okvire zbog istro\u0161enosti ili o\u0161te\u0107enja ili jednostavno \u017eele nadograditi izgled svog prijenosnog ra\u010dunala.<\/p>\n<p>Precizno izra\u0111en, ovaj okvir je dizajniran da neprimjetno pristaje LCD zaslonu va\u0161eg prijenosnog ra\u010dunala Dell Latitude 5000 E5480. Izra\u0111en je od visokokvalitetnih materijala koji osiguravaju izdr\u017eljivost i dugovje\u010dnost. Okvir je pomno izra\u0111en kako bi odgovarao estetici dizajna va\u0161eg prijenosnog ra\u010dunala, pru\u017eaju\u0107i elegantan i profesionalan izgled.<\/p>\n<p>Zamjena okvira je jednostavan postupak koji se lako mo\u017ee izvesti uz osnovne tehni\u010dke vje\u0161tine. Jednostavno uklonite stari okvir okvira i pri\u010dvrstite originalni okvir LCD zaslona prijenosnog ra\u010dunala Dell Latitude 5000 E5480 na njegovo mjesto. Detaljne upute mogu se prona\u0107i u korisni\u010dkom priru\u010dniku ili online resursima.<\/p>\n<p>Odabirom originalnog Dell okvira LCD zaslona, mo\u017eete vjerovati da dobivate visokokvalitetni zamjenski dio koji zadovoljava Dellove rigorozne standarde kvalitete. Dell je poznat po svojoj predanosti proizvodnji pouzdanih i izdr\u017eljivih proizvoda, a ovaj okvir nije iznimka. Temeljito je ispitan kako bi se osiguralo savr\u0161eno pristajanje i pouzdan rad.<\/p>\n<p>Nadogradite izgled svog prijenosnog ra\u010dunala Dell Latitude 5000 E5480 s originalnim okvirom LCD zaslona prijenosnog ra\u010dunala Dell Latitude 5000 E5480. U\u017eivajte u elegantnom i profesionalnom izgledu koji pru\u017ea, pobolj\u0161avaju\u0107i va\u0161e cjelokupno ra\u010dunalno iskustvo. Vjerujte u kvalitetu i kompatibilnost ovog originalnog Dell zamjenskog dijela za iznimnu izvedbu.<\/p>\n","protected":false},"excerpt":{"rendered":"<p>Pobolj\u0161ajte izgled svog prijenosnog ra\u010dunala Dell Latitude 5000 E5480 s originalnim Dell okvirom LCD zaslona. Ovaj originalni Dell okvir, s brojem dijela 09R00F ili 9R00F, dizajniran je da savr\u0161eno pristaje LCD zaslonu va\u0161eg prijenosnog ra\u010dunala, pru\u017eaju\u0107i elegantan i profesionalan izgled.<\/p>\n","protected":false},"featured_media":18691,"template":"","meta":[],"product_brand":[],"product_cat":[51],"product_tag":[52],"class_list":{"0":"post-18624","1":"product","2":"type-product","3":"status-publish","4":"has-post-thumbnail","6":"product_cat-laptop-housing","7":"product_tag-dell","9":"first","10":"instock","11":"taxable","12":"shipping-taxable","13":"purchasable","14":"product-type-simple"},"_links":{"self":[{"href":"https:\/\/boreait.com\/hr\/wp-json\/wp\/v2\/product\/18624","targetHints":{"allow":["GET"]}}],"collection":[{"href":"https:\/\/boreait.com\/hr\/wp-json\/wp\/v2\/product"}],"about":[{"href":"https:\/\/boreait.com\/hr\/wp-json\/wp\/v2\/types\/product"}],"wp:featuredmedia":[{"embeddable":true,"href":"https:\/\/boreait.com\/hr\/wp-json\/wp\/v2\/media\/18691"}],"wp:attachment":[{"href":"https:\/\/boreait.com\/hr\/wp-json\/wp\/v2\/media?parent=18624"}],"wp:term":[{"taxonomy":"product_brand","embeddable":true,"href":"https:\/\/boreait.com\/hr\/wp-json\/wp\/v2\/product_brand?post=18624"},{"taxonomy":"product_cat","embeddable":true,"href":"https:\/\/boreait.com\/hr\/wp-json\/wp\/v2\/product_cat?post=18624"},{"taxonomy":"product_tag","embeddable":true,"href":"https:\/\/boreait.com\/hr\/wp-json\/wp\/v2\/product_tag?post=18624"}],"curies":[{"name":"wp","href":"https:\/\/api.w.org\/{rel}","templated":true}]}}