{"id":18623,"date":"2025-07-25T10:51:36","date_gmt":"2025-07-25T10:51:36","guid":{"rendered":"https:\/\/boreait.com\/hr\/?post_type=product&#038;p=18623"},"modified":"2025-07-25T10:52:53","modified_gmt":"2025-07-25T10:52:53","slug":"dell-latitude-e5480-5480-e5490-5490-lcd-straznji-poklopac-gornji-poklopac-0n92jc-n92jc","status":"publish","type":"product","link":"https:\/\/boreait.com\/hr\/product\/dell-latitude-e5480-5480-e5490-5490-lcd-straznji-poklopac-gornji-poklopac-0n92jc-n92jc\/","title":{"rendered":"Dell Latitude E5480 5480 E5490 5490 LCD stra\u017enji poklopac Gornji poklopac 0N92JC N92JC"},"content":{"rendered":"<p>Gornji poklopac stra\u017enjeg poklopca LCD zaslona Dell Latitude E5480\/E5490 idealno je rje\u0161enje za zamjenu o\u0161te\u0107enog ili istro\u0161enog gornjeg poklopca na va\u0161em prijenosnom ra\u010dunalu Dell Latitude E5480 ili E5490. Ovaj zamjenski dio, s brojevima dijelova 0N92JC ili N92JC, posebno je dizajniran da odgovara izvornim specifikacijama va\u0161eg prijenosnog ra\u010dunala, osiguravaju\u0107i savr\u0161eno pristajanje i besprijekornu integraciju.<\/p>\n<p>Izra\u0111en od visokokvalitetnih materijala, ovaj gornji poklopac pru\u017ea izvrsnu izdr\u017eljivost i za\u0161titu za LCD zaslon va\u0161eg prijenosnog ra\u010dunala. Dizajniran je da izdr\u017ei svakodnevnu upotrebu i nudi pouzdanu za\u0161titu od ogrebotina, ogrebotina i drugih manjih o\u0161te\u0107enja. Svojim elegantnim i profesionalnim dizajnom, gornji poklopac pobolj\u0161ava cjelokupni izgled va\u0161eg prijenosnog ra\u010dunala, daju\u0107i mu svje\u017e i ugla\u0111en izgled.<\/p>\n<p>Zamjena gornjeg poklopca je jednostavan proces koji zahtijeva osnovne tehni\u010dke vje\u0161tine. Jednostavno uklonite stari gornji poklopac sa svog prijenosnog ra\u010dunala i pri\u010dvrstite gornji poklopac stra\u017enjeg poklopca LCD zaslona Dell Latitude E5480\/E5490 na njegovo mjesto. Zamjenski dio dizajniran je s precizno\u0161\u0107u, osiguravaju\u0107i sigurno i precizno pristajanje. Detaljne upute mogu se prona\u0107i u korisni\u010dkom priru\u010dniku ili online resursima.<\/p>\n<p>Odabirom gornjeg poklopca zadnjeg poklopca LCD zaslona Dell Latitude E5480\/E5490 mo\u017eete vjerovati da dobivate visokokvalitetni zamjenski dio koji zadovoljava stroge Dellove standarde. Dell je poznat po predanosti kvaliteti i pouzdanosti, a ovaj zamjenski gornji poklopac nije iznimka. Podvrgava se temeljitom testiranju kako bi se osigurale optimalne performanse i trajnost.<\/p>\n<p>Nadogradite svoje prijenosno ra\u010dunalo Dell Latitude E5480 ili E5490 s Dell Latitude E5480\/E5490 LCD stra\u017enjim poklopcem, gornjim poklopcem. U\u017eivajte u osvje\u017eenom i profesionalnom izgledu, uz pouzdanu za\u0161titu za LCD zaslon va\u0161eg prijenosnog ra\u010dunala. Sa svojim savr\u0161enim pristajanjem, izdr\u017eljivo\u0161\u0107u i elegantnim dizajnom, ovaj zamjenski gornji poklopac izvrstan je izbor za pobolj\u0161anje cjelokupnog izgleda i funkcionalnosti va\u0161eg prijenosnog ra\u010dunala.<\/p>\n","protected":false},"excerpt":{"rendered":"<p>Nadogradite svoje prijenosno ra\u010dunalo Dell Latitude E5480 ili E5490 s\u00a0 Dell Latitude E5480\/E5490 LCD stra\u017enjim poklopcem, gornjim poklopcem. Ovaj visokokvalitetni zamjenski dio, s brojem dijela 0N92JC ili N92JC, dizajniran je da savr\u0161eno pristaje na va\u0161e prijenosno ra\u010dunalo, vra\u0107aju\u0107i mu elegantan i profesionalan izgled. Pobolj\u0161ajte cjelokupni izgled i za\u0161titite LCD zaslon svog prijenosnog ra\u010dunala s ovim izdr\u017eljivim i pouzdanim gornjim poklopcem.<\/p>\n","protected":false},"featured_media":18688,"template":"","meta":[],"product_brand":[],"product_cat":[51],"product_tag":[52],"class_list":{"0":"post-18623","1":"product","2":"type-product","3":"status-publish","4":"has-post-thumbnail","6":"product_cat-laptop-housing","7":"product_tag-dell","9":"first","10":"instock","11":"taxable","12":"shipping-taxable","13":"purchasable","14":"product-type-simple"},"_links":{"self":[{"href":"https:\/\/boreait.com\/hr\/wp-json\/wp\/v2\/product\/18623","targetHints":{"allow":["GET"]}}],"collection":[{"href":"https:\/\/boreait.com\/hr\/wp-json\/wp\/v2\/product"}],"about":[{"href":"https:\/\/boreait.com\/hr\/wp-json\/wp\/v2\/types\/product"}],"wp:featuredmedia":[{"embeddable":true,"href":"https:\/\/boreait.com\/hr\/wp-json\/wp\/v2\/media\/18688"}],"wp:attachment":[{"href":"https:\/\/boreait.com\/hr\/wp-json\/wp\/v2\/media?parent=18623"}],"wp:term":[{"taxonomy":"product_brand","embeddable":true,"href":"https:\/\/boreait.com\/hr\/wp-json\/wp\/v2\/product_brand?post=18623"},{"taxonomy":"product_cat","embeddable":true,"href":"https:\/\/boreait.com\/hr\/wp-json\/wp\/v2\/product_cat?post=18623"},{"taxonomy":"product_tag","embeddable":true,"href":"https:\/\/boreait.com\/hr\/wp-json\/wp\/v2\/product_tag?post=18623"}],"curies":[{"name":"wp","href":"https:\/\/api.w.org\/{rel}","templated":true}]}}