{"id":18589,"date":"2025-07-25T10:50:51","date_gmt":"2025-07-25T10:50:51","guid":{"rendered":"https:\/\/boreait.com\/hr\/?post_type=product&#038;p=18589"},"modified":"2026-01-07T08:25:30","modified_gmt":"2026-01-07T08:25:30","slug":"lenovo-thinkpad-t460s-ploca-citaca-otiska-prsta-w-kabel-sc50f54325","status":"publish","type":"product","link":"https:\/\/boreait.com\/hr\/product\/lenovo-thinkpad-t460s-ploca-citaca-otiska-prsta-w-kabel-sc50f54325\/","title":{"rendered":"Lenovo ThinkPad T460s plo\u010da \u010dita\u010da otiska prsta W\/kabel SC50F54325"},"content":{"rendered":"<p>Plo\u010da s \u010dita\u010dem otiska prsta Lenovo ThinkPad T460s s kabelom SC50F54325 je originalni Lenovo dodatak dizajniran za pove\u0107anje sigurnosti i prakti\u010dnosti va\u0161eg prijenosnog ra\u010dunala. S ovom plo\u010dom za \u010ditanje otiska prsta mo\u017eete se jednostavno i sigurno prijaviti na svoj Lenovo ThinkPad T460s koriste\u0107i svoj jedinstveni otisak prsta.<\/p>\n<p>Koriste\u0107i biometrijsku tehnologiju, \u010dita\u010d otiska prsta pru\u017ea dodatni sloj za\u0161tite za va\u0161e prijenosno ra\u010dunalo i osjetljive podatke. Umjesto da se oslanjate na tradicionalne lozinke koje se lako mogu zaboraviti ili kompromitirati, mo\u017eete jednostavno prije\u0107i prstom preko senzora da otklju\u010date prijenosno ra\u010dunalo. Ovo osigurava da samo ovla\u0161teni korisnici imaju pristup va\u0161em ure\u0111aju.<\/p>\n<p>Plo\u010da \u010dita\u010da otiska prsta s kabelom SC50F54325 dizajnirana je posebno za Lenovo ThinkPad T460s, osiguravaju\u0107i kompatibilnost i besprijekornu integraciju s va\u0161im prijenosnim ra\u010dunalom. Dolazi s potrebnim kabelom za jednostavnu instalaciju i povezivanje s mati\u010dnom plo\u010dom prijenosnog ra\u010dunala.<\/p>\n<p>S plo\u010dom \u010dita\u010da otisaka prstiju mo\u017eete u\u017eivati u pogodnostima brzog i sigurnog pristupa svom prijenosnom ra\u010dunalu bez potrebe za lozinkama. \u0160tedi vam vrijeme i pru\u017ea mir, znaju\u0107i da su va\u0161i osobni i poslovni podaci za\u0161ti\u0107eni.<\/p>\n<p>Nadogradite svoj Lenovo ThinkPad T460s s plo\u010dom \u010dita\u010da otiska prsta s kabelom SC50F54325 i do\u017eivite pobolj\u0161anu sigurnost i pogodnost provjere autenti\u010dnosti otiska prsta. U\u017eivajte u brzoj i sigurnoj prijavi, za\u0161titite svoje osjetljive podatke i pojednostavite svoj dnevni tijek rada.<\/p>\n","protected":false},"excerpt":{"rendered":"<p>Pove\u0107ajte sigurnost i prakti\u010dnost va\u0161eg Lenovo ThinkPad T460s s plo\u010dom \u010dita\u010da otisaka prstiju s kabelom SC50F54325. Ovaj originalni Lenovo dodatak omogu\u0107uje vam jednostavnu i sigurnu prijavu na prijenosno ra\u010dunalo pomo\u0107u otiska prsta, pru\u017eaju\u0107i dodatni sloj za\u0161tite za va\u0161e osjetljive podatke.<\/p>\n","protected":false},"featured_media":18640,"template":"","meta":[],"product_brand":[],"product_cat":[62],"product_tag":[61],"class_list":{"0":"post-18589","1":"product","2":"type-product","3":"status-publish","4":"has-post-thumbnail","6":"product_cat-motherboards-board-parts","7":"product_tag-lenovo","9":"first","10":"instock","11":"taxable","12":"shipping-taxable","13":"purchasable","14":"product-type-simple"},"_links":{"self":[{"href":"https:\/\/boreait.com\/hr\/wp-json\/wp\/v2\/product\/18589","targetHints":{"allow":["GET"]}}],"collection":[{"href":"https:\/\/boreait.com\/hr\/wp-json\/wp\/v2\/product"}],"about":[{"href":"https:\/\/boreait.com\/hr\/wp-json\/wp\/v2\/types\/product"}],"wp:featuredmedia":[{"embeddable":true,"href":"https:\/\/boreait.com\/hr\/wp-json\/wp\/v2\/media\/18640"}],"wp:attachment":[{"href":"https:\/\/boreait.com\/hr\/wp-json\/wp\/v2\/media?parent=18589"}],"wp:term":[{"taxonomy":"product_brand","embeddable":true,"href":"https:\/\/boreait.com\/hr\/wp-json\/wp\/v2\/product_brand?post=18589"},{"taxonomy":"product_cat","embeddable":true,"href":"https:\/\/boreait.com\/hr\/wp-json\/wp\/v2\/product_cat?post=18589"},{"taxonomy":"product_tag","embeddable":true,"href":"https:\/\/boreait.com\/hr\/wp-json\/wp\/v2\/product_tag?post=18589"}],"curies":[{"name":"wp","href":"https:\/\/api.w.org\/{rel}","templated":true}]}}