{"id":18576,"date":"2025-07-25T10:50:30","date_gmt":"2025-07-25T10:50:30","guid":{"rendered":"https:\/\/boreait.com\/hr\/?post_type=product&#038;p=18576"},"modified":"2026-01-07T08:24:51","modified_gmt":"2026-01-07T08:24:51","slug":"za-lenovo-thinkpad-t460-t460s-ac-dc-jack-kabel-za-napajanje-sa-zicom-dc30100qg00-us","status":"publish","type":"product","link":"https:\/\/boreait.com\/hr\/product\/za-lenovo-thinkpad-t460-t460s-ac-dc-jack-kabel-za-napajanje-sa-zicom-dc30100qg00-us\/","title":{"rendered":"ZA Lenovo ThinkPad T460 T460S AC DC Jack Kabel za napajanje sa \u017eicom DC30100QG00 US"},"content":{"rendered":"<p>Osigurajte neprekinuto napajanje va\u0161eg Lenovo ThinkPad T460 ili T460s s originalnim DC30100QG00 ameri\u010dkim AC DC kabelom za napajanje. Ako je priklju\u010dak za napajanje va\u0161eg prijenosnog ra\u010dunala labav, o\u0161te\u0107en ili ne radi ispravno, ovaj zamjenski kabel je rje\u0161enje koje vam je potrebno.<\/p>\n<p>Dizajniran posebno za modele ThinkPad T460 i T460s, ovaj kabel za napajanje ima potrebne konektore i o\u017ei\u010denje za isporuku struje od va\u0161eg AC adaptera do mati\u010dne plo\u010de prijenosnog ra\u010dunala. Omogu\u0107uje sigurnu i stabilnu vezu, eliminiraju\u0107i sve probleme povezane s napajanjem i omogu\u0107uju\u0107i vam da koristite svoje prijenosno ra\u010dunalo bez prekida.<\/p>\n<p>Kabel za napajanje DC30100QG00 SAD napravljen je od visokokvalitetnih materijala i napravljen je da zadovolji rigorozne standarde Lenova za performanse i pouzdanost. Osigurava u\u010dinkovit prijenos energije i poma\u017ee u za\u0161titi va\u0161eg prijenosnog ra\u010dunala od o\u0161te\u0107enja povezanih s napajanjem, pru\u017eaju\u0107i bezbri\u017enost i produ\u017euju\u0107i \u017eivotni vijek va\u0161eg ure\u0111aja.<\/p>\n<p>Zamjena kabela uti\u010dnice AC DC jednostavan je postupak koji se mo\u017ee obaviti s osnovnim alatima. Zamjenom neispravnog kabela s ovim originalnim Lenovo dijelom, mo\u017eete vratiti napajanje va\u0161eg ThinkPad T460 ili T460s i nastaviti koristiti svoje prijenosno ra\u010dunalo bez problema s napajanjem.<\/p>\n<p>Odaberite originalni DC30100QG00 ameri\u010dki AC DC kabel za napajanje kako biste osigurali pravilan rad va\u0161eg Lenovo ThinkPad T460 ili T460s. Dr\u017eite svoje prijenosno ra\u010dunalo napajanim i spremnim za rad ili zabavu i u\u017eivajte u pouzdanim performansama po kojima je Lenovo poznat.<\/p>\n","protected":false},"excerpt":{"rendered":"<p>Zamijenite o\u0161te\u0107eni ili neispravni AC DC kabel uti\u010dnice za napajanje u va\u0161em Lenovo ThinkPad T460 ili T460s s ovim originalnim ameri\u010dkim kabelom za napajanje DC30100QG00. Dizajniran da savr\u0161eno pristaje i pru\u017ei pouzdanu vezu s napajanjem, ovaj kabel osigurava da \u0107e va\u0161e prijenosno ra\u010dunalo ostati pod naponom i spremno za rad.<\/p>\n","protected":false},"featured_media":18638,"template":"","meta":[],"product_brand":[],"product_cat":[55],"product_tag":[],"class_list":{"0":"post-18576","1":"product","2":"type-product","3":"status-publish","4":"has-post-thumbnail","6":"product_cat-cables","8":"first","9":"instock","10":"taxable","11":"shipping-taxable","12":"purchasable","13":"product-type-simple"},"_links":{"self":[{"href":"https:\/\/boreait.com\/hr\/wp-json\/wp\/v2\/product\/18576","targetHints":{"allow":["GET"]}}],"collection":[{"href":"https:\/\/boreait.com\/hr\/wp-json\/wp\/v2\/product"}],"about":[{"href":"https:\/\/boreait.com\/hr\/wp-json\/wp\/v2\/types\/product"}],"wp:featuredmedia":[{"embeddable":true,"href":"https:\/\/boreait.com\/hr\/wp-json\/wp\/v2\/media\/18638"}],"wp:attachment":[{"href":"https:\/\/boreait.com\/hr\/wp-json\/wp\/v2\/media?parent=18576"}],"wp:term":[{"taxonomy":"product_brand","embeddable":true,"href":"https:\/\/boreait.com\/hr\/wp-json\/wp\/v2\/product_brand?post=18576"},{"taxonomy":"product_cat","embeddable":true,"href":"https:\/\/boreait.com\/hr\/wp-json\/wp\/v2\/product_cat?post=18576"},{"taxonomy":"product_tag","embeddable":true,"href":"https:\/\/boreait.com\/hr\/wp-json\/wp\/v2\/product_tag?post=18576"}],"curies":[{"name":"wp","href":"https:\/\/api.w.org\/{rel}","templated":true}]}}