{"id":18574,"date":"2025-07-25T10:50:30","date_gmt":"2025-07-25T10:50:30","guid":{"rendered":"https:\/\/boreait.com\/hr\/?post_type=product&#038;p=18574"},"modified":"2025-07-25T10:51:47","modified_gmt":"2025-07-25T10:51:47","slug":"lcd-poklopac-za-lenovo-thinkpad-t460p-ap10a000300","status":"publish","type":"product","link":"https:\/\/boreait.com\/hr\/product\/lcd-poklopac-za-lenovo-thinkpad-t460p-ap10a000300\/","title":{"rendered":"LCD poklopac za Lenovo ThinkPad T460p AP10A000300"},"content":{"rendered":"<p><strong>ISTO KAO NA FOTOGRAFIJI U POPISU!<\/strong><\/p>\n<p>Nadogradite estetiku svog Lenovo ThinkPad T460p s originalnom LCD maskom, model AP10A000300. Ovaj zamjenski dio dizajniran je kako bi savr\u0161eno odgovarao va\u0161em prijenosnom ra\u010dunalu T460p, pru\u017eaju\u0107i elegantan i profesionalan izgled dok istovremeno \u0161titi LCD zaslon.<\/p>\n<p>Izra\u0111en od visokokvalitetnih materijala, ovaj LCD poklopac osigurava izdr\u017eljivost i dugotrajnu izvedbu. Dizajniran je da izdr\u017ei svakodnevnu upotrebu i za\u0161titi va\u0161e prijenosno ra\u010dunalo od ogrebotina i drugih mogu\u0107ih o\u0161te\u0107enja. Precizno pristajanje i zavr\u0161na obrada poklopca osiguravaju njegovu besprijekornu integraciju s cjelokupnim dizajnom T460p, zadr\u017eavaju\u0107i elegantan profil prijenosnog ra\u010dunala.<\/p>\n<p>Bilo da trebate zamijeniti o\u0161te\u0107eni LCD poklopac ili jednostavno \u017eelite svom ThinkPad T460p dati svje\u017ei novi izgled, ovaj originalni Lenovo zamjenski dio je savr\u0161en izbor. Podr\u017eavaju ga Lenovo standardi kvalitete, osiguravaju\u0107i da zadovoljava najvi\u0161u razinu performansi i pouzdanosti.<\/p>\n<p>Nadogradite svoj Lenovo ThinkPad T460p s originalnom LCD maskom, model AP10A000300, i u\u017eivajte u vizualno privla\u010dnom i za\u0161ti\u0107enom do\u017eivljaju prijenosnog ra\u010dunala.<\/p>\n","protected":false},"excerpt":{"rendered":"<p>Pobolj\u0161ajte izgled i za\u0161titite LCD zaslon svog Lenovo ThinkPad T460p ovom originalnom LCD maskom. Dizajniran posebno za model T460p, ovaj zamjenski dio AP10A000300 va\u0161em \u0107e prijenosnom ra\u010dunalu dati svje\u017e i profesionalan izgled.<\/p>\n","protected":false},"featured_media":18634,"template":"","meta":[],"product_brand":[],"product_cat":[51],"product_tag":[61],"class_list":{"0":"post-18574","1":"product","2":"type-product","3":"status-publish","4":"has-post-thumbnail","6":"product_cat-laptop-housing","7":"product_tag-lenovo","9":"first","10":"instock","11":"taxable","12":"shipping-taxable","13":"purchasable","14":"product-type-simple"},"_links":{"self":[{"href":"https:\/\/boreait.com\/hr\/wp-json\/wp\/v2\/product\/18574","targetHints":{"allow":["GET"]}}],"collection":[{"href":"https:\/\/boreait.com\/hr\/wp-json\/wp\/v2\/product"}],"about":[{"href":"https:\/\/boreait.com\/hr\/wp-json\/wp\/v2\/types\/product"}],"wp:featuredmedia":[{"embeddable":true,"href":"https:\/\/boreait.com\/hr\/wp-json\/wp\/v2\/media\/18634"}],"wp:attachment":[{"href":"https:\/\/boreait.com\/hr\/wp-json\/wp\/v2\/media?parent=18574"}],"wp:term":[{"taxonomy":"product_brand","embeddable":true,"href":"https:\/\/boreait.com\/hr\/wp-json\/wp\/v2\/product_brand?post=18574"},{"taxonomy":"product_cat","embeddable":true,"href":"https:\/\/boreait.com\/hr\/wp-json\/wp\/v2\/product_cat?post=18574"},{"taxonomy":"product_tag","embeddable":true,"href":"https:\/\/boreait.com\/hr\/wp-json\/wp\/v2\/product_tag?post=18574"}],"curies":[{"name":"wp","href":"https:\/\/api.w.org\/{rel}","templated":true}]}}