{"id":18572,"date":"2025-07-25T10:50:30","date_gmt":"2025-07-25T10:50:30","guid":{"rendered":"https:\/\/boreait.com\/hr\/?post_type=product&#038;p=18572"},"modified":"2025-07-25T10:51:38","modified_gmt":"2025-07-25T10:51:38","slug":"bulk-5-x-2gb-carry-ca3u1333c4g9-b-pc3-10600u-1333mhz-1rx8-ddr3-non-ecc-memorija-racunala","status":"publish","type":"product","link":"https:\/\/boreait.com\/hr\/product\/bulk-5-x-2gb-carry-ca3u1333c4g9-b-pc3-10600u-1333mhz-1rx8-ddr3-non-ecc-memorija-racunala\/","title":{"rendered":"BULK 5 x 2GB Carry CA3U1333C4G9-B PC3-10600U 1333MHz 1Rx8 DDR3 Non-ECC memorija ra\u010dunala"},"content":{"rendered":"<p>Nosite 2GB 1RX8 PC3-10800U-999 CA3U1333C4G9-B<\/p>\n<p>ELPIDA 2GB 2Rx8 PC3-8500R-7-10-BP 0934AXH0521A<\/p>\n<p>&nbsp;<\/p>\n<p>Nadogradite memorijski kapacitet svog ra\u010dunala s 2GB Carry CA3U1333C4G9-B DDR3 ra\u010dunalnim memorijskim modulom. Ovaj ne-ECC memorijski modul dizajniran je za pobolj\u0161anje performansi va\u0161eg ra\u010dunala pru\u017eanjem br\u017ee obrade podataka i pobolj\u0161anih mogu\u0107nosti multitaskinga.<\/p>\n<p>S brzinom od 1333MHz, ovaj memorijski modul osigurava brz i u\u010dinkovit prijenos podataka, omogu\u0107uju\u0107i vam pokretanje vi\u0161e aplikacija istovremeno bez ka\u0161njenja ili usporavanja. Bilo da radite na slo\u017eenim zadacima, igrate ili ure\u0111ujete multimediju, ovaj memorijski modul poma\u017ee u osiguravanju glatke i brze izvedbe.<\/p>\n<p>Kapacitet od 2 GB pru\u017ea dovoljno prostora za pohranu i pristup podacima, \u0161to vam omogu\u0107uje rad s ve\u0107im datotekama i pokretanje aplikacija koje zahtijevaju veliku koli\u010dinu memorije s lako\u0107om. Tako\u0111er omogu\u0107uje u\u010dinkovit multitasking, omogu\u0107uju\u0107i vam neprimjetno prebacivanje izme\u0111u razli\u010ditih programa.<\/p>\n<p>Instalacija je jednostavna i mo\u017ee se izvr\u0161iti prema uputama proizvo\u0111a\u010da ili po potrebi zatra\u017eiti stru\u010dnu pomo\u0107. Jednostavno umetnite memorijski modul u odgovaraju\u0107i memorijski utor na mati\u010dnoj plo\u010di ra\u010dunala i sustav \u0107e ga automatski prepoznati.<\/p>\n<p>Nadogradite memoriju svog ra\u010dunala pouzdanim i visokou\u010dinkovitim Carry CA3U1333C4G9-B DDR3 memorijskim modulom od 2 GB. Bez obzira jeste li povremeni ili iskusni korisnik ra\u010dunala, ovaj memorijski modul pobolj\u0161at \u0107e va\u0161e iskustvo rada na ra\u010dunalu pru\u017eaju\u0107i br\u017eu obradu podataka i pobolj\u0161anu ukupnu izvedbu sustava.<\/p>\n","protected":false},"excerpt":{"rendered":"<p>Pobolj\u0161ajte performanse svog ra\u010dunala s ovim 2GB Carry CA3U1333C4G9-B DDR3 ra\u010dunalnim memorijskim modulom. S brzinom od 1333MHz i kapacitetom od 2GB, pru\u017ea brzu i u\u010dinkovitu obradu podataka za pobolj\u0161ani multitasking i glatkiju cjelokupnu izvedbu sustava.<\/p>\n","protected":false},"featured_media":18630,"template":"","meta":[],"product_brand":[],"product_cat":[72,71],"product_tag":[],"class_list":{"0":"post-18572","1":"product","2":"type-product","3":"status-publish","4":"has-post-thumbnail","6":"product_cat-ddr3-ddr3l","7":"product_cat-ram-memory","9":"first","10":"instock","11":"taxable","12":"shipping-taxable","13":"purchasable","14":"product-type-simple"},"_links":{"self":[{"href":"https:\/\/boreait.com\/hr\/wp-json\/wp\/v2\/product\/18572","targetHints":{"allow":["GET"]}}],"collection":[{"href":"https:\/\/boreait.com\/hr\/wp-json\/wp\/v2\/product"}],"about":[{"href":"https:\/\/boreait.com\/hr\/wp-json\/wp\/v2\/types\/product"}],"wp:featuredmedia":[{"embeddable":true,"href":"https:\/\/boreait.com\/hr\/wp-json\/wp\/v2\/media\/18630"}],"wp:attachment":[{"href":"https:\/\/boreait.com\/hr\/wp-json\/wp\/v2\/media?parent=18572"}],"wp:term":[{"taxonomy":"product_brand","embeddable":true,"href":"https:\/\/boreait.com\/hr\/wp-json\/wp\/v2\/product_brand?post=18572"},{"taxonomy":"product_cat","embeddable":true,"href":"https:\/\/boreait.com\/hr\/wp-json\/wp\/v2\/product_cat?post=18572"},{"taxonomy":"product_tag","embeddable":true,"href":"https:\/\/boreait.com\/hr\/wp-json\/wp\/v2\/product_tag?post=18572"}],"curies":[{"name":"wp","href":"https:\/\/api.w.org\/{rel}","templated":true}]}}