{"id":18569,"date":"2025-07-25T10:50:30","date_gmt":"2025-07-25T10:50:30","guid":{"rendered":"https:\/\/boreait.com\/hr\/?post_type=product&#038;p=18569"},"modified":"2025-07-25T10:51:31","modified_gmt":"2025-07-25T10:51:31","slug":"sarke-zaslona-hp-zbook-15-g2-lr-sarke","status":"publish","type":"product","link":"https:\/\/boreait.com\/hr\/product\/sarke-zaslona-hp-zbook-15-g2-lr-sarke\/","title":{"rendered":"\u0160arke zaslona HP ZBook 15 G2 L+R \u0161arke"},"content":{"rendered":"<p>Ako su \u0161arke zaslona va\u0161eg prijenosnog ra\u010dunala HP ZBook 15 G2 o\u0161te\u0107ene ili istro\u0161ene, to mo\u017ee utjecati na stabilnost i prilagodljivost zaslona va\u0161eg prijenosnog ra\u010dunala. Kako biste vratili funkcionalnost i osigurali nesmetan rad va\u0161eg zaslona, razmislite o zamjeni \u0161arki ovim kompletom originalnih HP \u0161arki zaslona.<\/p>\n<p> Dizajnirane posebno za model HP ZBook 15 G2, ove \u0161arke pru\u017eaju savr\u0161eno pristajanje i besprijekornu integraciju s va\u0161im prijenosnim ra\u010dunalom. Proizvodi ih HP kako bi zadovoljili njihove stroge standarde kvalitete, osiguravaju\u0107i izdr\u017eljivost i dugotrajnu izvedbu.<\/p>\n<p>Zamjenom o\u0161te\u0107enih \u0161arki mo\u017eete u\u017eivati u stabilnom i sigurnom zaslonu koji ostaje na mjestu pod \u017eeljenim kutom. Bilo da radite, gledate videozapise ili se bavite multimedijskim zadacima, ove \u0107e vam \u0161arke pru\u017eiti optimalne kutove gledanja.<\/p>\n<p>Instalacija je jednostavna, a \u0161arke dolaze s potrebnim pri\u010dvrsnim vijcima i nosa\u010dima. Jednostavno uklonite stare \u0161arke i zamijenite ih novima kako biste vratili funkcionalnost zaslona prijenosnog ra\u010dunala.<\/p>\n<p>Ulo\u017eite u ove originalne HP \u0161arke zaslona za svoje prijenosno ra\u010dunalo HP ZBook 15 G2 i osigurajte stabilan i podesiv zaslon. Svojom visokokvalitetnom konstrukcijom i savr\u0161enim pristajanjem, ove \u0107e \u0161arke pobolj\u0161ati va\u0161e cjelokupno iskustvo prijenosnog ra\u010dunala.<\/p>\n","protected":false},"excerpt":{"rendered":"<p>Zamijenite o\u0161te\u0107ene ili istro\u0161ene \u0161arke zaslona va\u0161eg prijenosnog ra\u010dunala HP ZBook 15 G2 ovim kompletom originalnih HP \u0161arki zaslona. U\u017eivajte u glatkom i stabilnom radu zaslona prijenosnog ra\u010dunala, osiguravaju\u0107i optimalne kutove gledanja.<\/p>\n","protected":false},"featured_media":18620,"template":"","meta":[],"product_brand":[],"product_cat":[54],"product_tag":[60],"class_list":{"0":"post-18569","1":"product","2":"type-product","3":"status-publish","4":"has-post-thumbnail","6":"product_cat-screen-hinge","7":"product_tag-hp","9":"first","10":"instock","11":"taxable","12":"shipping-taxable","13":"purchasable","14":"product-type-simple"},"_links":{"self":[{"href":"https:\/\/boreait.com\/hr\/wp-json\/wp\/v2\/product\/18569","targetHints":{"allow":["GET"]}}],"collection":[{"href":"https:\/\/boreait.com\/hr\/wp-json\/wp\/v2\/product"}],"about":[{"href":"https:\/\/boreait.com\/hr\/wp-json\/wp\/v2\/types\/product"}],"wp:featuredmedia":[{"embeddable":true,"href":"https:\/\/boreait.com\/hr\/wp-json\/wp\/v2\/media\/18620"}],"wp:attachment":[{"href":"https:\/\/boreait.com\/hr\/wp-json\/wp\/v2\/media?parent=18569"}],"wp:term":[{"taxonomy":"product_brand","embeddable":true,"href":"https:\/\/boreait.com\/hr\/wp-json\/wp\/v2\/product_brand?post=18569"},{"taxonomy":"product_cat","embeddable":true,"href":"https:\/\/boreait.com\/hr\/wp-json\/wp\/v2\/product_cat?post=18569"},{"taxonomy":"product_tag","embeddable":true,"href":"https:\/\/boreait.com\/hr\/wp-json\/wp\/v2\/product_tag?post=18569"}],"curies":[{"name":"wp","href":"https:\/\/api.w.org\/{rel}","templated":true}]}}