{"id":18555,"date":"2025-07-25T10:50:05","date_gmt":"2025-07-25T10:50:05","guid":{"rendered":"https:\/\/boreait.com\/hr\/?post_type=product&#038;p=18555"},"modified":"2026-01-07T08:24:01","modified_gmt":"2026-01-07T08:24:01","slug":"ac-dc-uticnica-s-kabelom-za-hp-zbook-15-17-g1-g2-727819-sd9-727819-fd9","status":"publish","type":"product","link":"https:\/\/boreait.com\/hr\/product\/ac-dc-uticnica-s-kabelom-za-hp-zbook-15-17-g1-g2-727819-sd9-727819-fd9\/","title":{"rendered":"AC DC uti\u010dnica s kabelom za HP ZBOOK 15 17 G1 G2 727819-SD9 727819-FD9"},"content":{"rendered":"<p>AC DC uti\u010dnica s kabelom vitalna je komponenta va\u0161eg prijenosnog ra\u010dunala HP ZBOOK 15\/17 G1 G2 koja vam omogu\u0107uje spajanje strujnog adaptera i punjenje prijenosnog ra\u010dunala. Ako imate problema s priklju\u010dkom za napajanje ili je spoj labav, vrijeme je da zamijenite uti\u010dnicu za napajanje.<\/p>\n<p>Ovaj zamjenski AC DC priklju\u010dak za napajanje s kabelom dizajniran je posebno za seriju HP ZBOOK 15\/17 G1 G2, osiguravaju\u0107i kompatibilnost i savr\u0161eno pristajanje. To je visokokvalitetan i pouzdan zamjenski dio koji zadovoljava ili prema\u0161uje izvorne specifikacije proizvo\u0111a\u010da.<\/p>\n<p>Instaliranje AC DC priklju\u010dka s kabelom je relativno jednostavno uz osnovno tehni\u010dko znanje. Ipak, preporu\u010duje se profesionalna instalacija za one koji nisu upoznati s popravcima prijenosnih ra\u010dunala. Va\u017eno je osigurati ispravnu instalaciju kako biste izbjegli daljnja o\u0161te\u0107enja prijenosnog ra\u010dunala.<\/p>\n<p>Sa ovim zamjenskim AC DC priklju\u010dkom za napajanje s kabelom, mo\u017eete uspostaviti stabilnu i sigurnu strujnu vezu na svom prijenosnom ra\u010dunalu HP ZBOOK 15\/17 G1 G2. U\u017eivajte u neprekinutom napajanju i dr\u017eite svoje prijenosno ra\u010dunalo potpuno napunjenim za rad, zabavu i vi\u0161e.<\/p>\n","protected":false},"excerpt":{"rendered":"<p>Zamijenite svoj neispravni AC DC priklju\u010dak za napajanje s kabelom za prijenosno ra\u010dunalo HP ZBOOK 15\/17 G1 G2 ovim visokokvalitetnim zamjenskim dijelom. Osigurajte pouzdanu strujnu vezu i osposobite svoje prijenosno ra\u010dunalo za nesmetan rad.<\/p>\n","protected":false},"featured_media":18618,"template":"","meta":[],"product_brand":[],"product_cat":[55],"product_tag":[60],"class_list":{"0":"post-18555","1":"product","2":"type-product","3":"status-publish","4":"has-post-thumbnail","6":"product_cat-cables","7":"product_tag-hp","9":"first","10":"instock","11":"taxable","12":"shipping-taxable","13":"purchasable","14":"product-type-simple"},"_links":{"self":[{"href":"https:\/\/boreait.com\/hr\/wp-json\/wp\/v2\/product\/18555","targetHints":{"allow":["GET"]}}],"collection":[{"href":"https:\/\/boreait.com\/hr\/wp-json\/wp\/v2\/product"}],"about":[{"href":"https:\/\/boreait.com\/hr\/wp-json\/wp\/v2\/types\/product"}],"wp:featuredmedia":[{"embeddable":true,"href":"https:\/\/boreait.com\/hr\/wp-json\/wp\/v2\/media\/18618"}],"wp:attachment":[{"href":"https:\/\/boreait.com\/hr\/wp-json\/wp\/v2\/media?parent=18555"}],"wp:term":[{"taxonomy":"product_brand","embeddable":true,"href":"https:\/\/boreait.com\/hr\/wp-json\/wp\/v2\/product_brand?post=18555"},{"taxonomy":"product_cat","embeddable":true,"href":"https:\/\/boreait.com\/hr\/wp-json\/wp\/v2\/product_cat?post=18555"},{"taxonomy":"product_tag","embeddable":true,"href":"https:\/\/boreait.com\/hr\/wp-json\/wp\/v2\/product_tag?post=18555"}],"curies":[{"name":"wp","href":"https:\/\/api.w.org\/{rel}","templated":true}]}}