{"id":18531,"date":"2025-07-25T10:49:41","date_gmt":"2025-07-25T10:49:41","guid":{"rendered":"https:\/\/boreait.com\/hr\/?post_type=product&#038;p=18531"},"modified":"2026-01-14T06:59:58","modified_gmt":"2026-01-14T06:59:58","slug":"hp-probook-450-g2-ploca-za-kameru-765816-3h1","status":"publish","type":"product","link":"https:\/\/boreait.com\/hr\/product\/hp-probook-450-g2-ploca-za-kameru-765816-3h1\/","title":{"rendered":"Hp Probook 450 G2 plo\u010da za kameru 765816-3H1"},"content":{"rendered":"<p>Nadogradite komunikacijske mogu\u0107nosti svog prijenosnog ra\u010dunala HP Probook 450 G2 s HP Probook 450 G2 Camera Board 765816-3H1. Ova originalna HP plo\u010da za zamjensku kameru dizajnirana je posebno za model Probook 450 G2, osiguravaju\u0107i kompatibilnost i besprijekornu integraciju.<\/p>\n<p>Plo\u010da za kameru HP Probook 450 G2 765816-3H1 omogu\u0107uje vam sudjelovanje u videopozivima, videokonferencijama i mre\u017enim sastancima s kolegama, prijateljima i obitelji. Snima jasne i jasne slike, osiguravaju\u0107i da vas jasno vide i \u010duju. Plo\u010da kamere tako\u0111er vam omogu\u0107uje snimanje fotografija i video zapisa, \u0161to je \u010dini svestranim alatom za razne multimedijske aplikacije.<\/p>\n<p>Instaliranje HP Probook 450 G2 Camera Board 765816-3H1 je jednostavan postupak. Provjerite je li va\u0161e prijenosno ra\u010dunalo isklju\u010deno i odspojeno od bilo kojeg izvora napajanja. Prona\u0111ite odgovaraju\u0107i utor ili konektor na plo\u010di zaslona prijenosnog ra\u010dunala za plo\u010du kamere i pa\u017eljivo ga umetnite, osiguravaju\u0107i sigurnu vezu. Nakon instalacije mo\u017eete u\u017eivati u pobolj\u0161anoj video komunikaciji i multimedijskim mogu\u0107nostima.<\/p>\n<p>Nadogradite svoje prijenosno ra\u010dunalo HP Probook 450 G2 s originalnom plo\u010dom za kameru HP Probook 450 G2 765816-3H1. Ostanite povezani s kolegama, prijateljima i obitelji putem videopoziva i konferencija. Snimite jasne i visokokvalitetne slike za vrhunsko komunikacijsko iskustvo.<\/p>\n","protected":false},"excerpt":{"rendered":"<p>Nadogradite svoje prijenosno ra\u010dunalo HP Probook 450 G2 s plo\u010dom za kameru HP Probook 450 G2 765816-3H1. Ova originalna HP-ova zamjenska plo\u010da za kameru omogu\u0107uje vam sudjelovanje u videopozivima, snimanje fotografija i video zapisa s jasnom i o\u0161trom kvalitetom slike. Ostanite povezani i pobolj\u0161ajte svoje komunikacijsko iskustvo s ovom visokokvalitetnom plo\u010dom za kameru.<\/p>\n","protected":false},"featured_media":18584,"template":"","meta":[],"product_brand":[],"product_cat":[58],"product_tag":[60],"class_list":{"0":"post-18531","1":"product","2":"type-product","3":"status-publish","4":"has-post-thumbnail","6":"product_cat-laptop-camera","7":"product_tag-hp","9":"first","10":"instock","11":"taxable","12":"shipping-taxable","13":"purchasable","14":"product-type-simple"},"_links":{"self":[{"href":"https:\/\/boreait.com\/hr\/wp-json\/wp\/v2\/product\/18531","targetHints":{"allow":["GET"]}}],"collection":[{"href":"https:\/\/boreait.com\/hr\/wp-json\/wp\/v2\/product"}],"about":[{"href":"https:\/\/boreait.com\/hr\/wp-json\/wp\/v2\/types\/product"}],"wp:featuredmedia":[{"embeddable":true,"href":"https:\/\/boreait.com\/hr\/wp-json\/wp\/v2\/media\/18584"}],"wp:attachment":[{"href":"https:\/\/boreait.com\/hr\/wp-json\/wp\/v2\/media?parent=18531"}],"wp:term":[{"taxonomy":"product_brand","embeddable":true,"href":"https:\/\/boreait.com\/hr\/wp-json\/wp\/v2\/product_brand?post=18531"},{"taxonomy":"product_cat","embeddable":true,"href":"https:\/\/boreait.com\/hr\/wp-json\/wp\/v2\/product_cat?post=18531"},{"taxonomy":"product_tag","embeddable":true,"href":"https:\/\/boreait.com\/hr\/wp-json\/wp\/v2\/product_tag?post=18531"}],"curies":[{"name":"wp","href":"https:\/\/api.w.org\/{rel}","templated":true}]}}