{"id":18527,"date":"2025-07-25T10:49:41","date_gmt":"2025-07-25T10:49:41","guid":{"rendered":"https:\/\/boreait.com\/hr\/?post_type=product&#038;p=18527"},"modified":"2025-07-25T10:50:38","modified_gmt":"2025-07-25T10:50:38","slug":"originalna-toshiba-aio-dx1210-dx730-tv-tuner-kartica-t000012020-pqq09a","status":"publish","type":"product","link":"https:\/\/boreait.com\/hr\/product\/originalna-toshiba-aio-dx1210-dx730-tv-tuner-kartica-t000012020-pqq09a\/","title":{"rendered":"Originalna Toshiba AIO DX1210 DX730 TV TUNER kartica T000012020 PQQ09A"},"content":{"rendered":"<p>Nadogradite svoj Toshiba AIO DX1210 DX730 All-in-One s originalnom Toshiba TV tuner karticom T000012020 PQQ09A i u\u017eivajte u pogodnostima gledanja televizije izravno na svom ra\u010dunalu. Ova kartica TV tunera dizajnirana je posebno za Toshiba All-in-One modele i nudi pouzdane performanse i besprijekornu integraciju.<\/p>\n<p>S Toshiba TV Tuner karticom mo\u017eete pristupiti \u0161irokom rasponu televizijskih programa i u\u017eivati u njima na svom All-in-One ra\u010dunalu. Gledajte svoje omiljene TV emisije, sportske doga\u0111aje, vijesti i jo\u0161 mnogo toga, sve iz udobnosti svog stola. Kartica TV tunera podr\u017eava i digitalne i analogne TV signale, daju\u0107i vam fleksibilnost u pristupu raznim kanalima i sadr\u017eajima.<\/p>\n<p>Instalacija TV tuner kartice je jednostavna i bez problema. Jednostavno prona\u0111ite odgovaraju\u0107i utor na svom Toshiba All-in-One ra\u010dunalu i sigurno umetnite karticu. Nakon instaliranja, mo\u017eete spojiti kabel ili antenu na tuner karticu i odmah po\u010deti u\u017eivati u televizijskom programu. Kartica je opremljena svim potrebnim priklju\u010dcima i priklju\u010dcima za besprijekornu integraciju s va\u0161im All-in-One sustavom.<\/p>\n<p>Originalna Toshiba kartica za TV tuner T000012020 PQQ09A je visokokvalitetno i pouzdano rje\u0161enje za dovo\u0111enje televizijske zabave na va\u0161e Toshiba All-in-One ra\u010dunalo. Pro\u0161irite svoje mogu\u0107nosti gledanja, snimajte svoje omiljene emisije i iskusite pogodnost integrirane TV funkcije s ovim originalnim Toshiba dodatkom.<\/p>\n","protected":false},"excerpt":{"rendered":"<p>Pobolj\u0161ajte svoj Toshiba AIO DX1210 DX730 All-in-One s originalnom Toshiba TV tuner karticom T000012020 PQQ09A. Ova kartica TV tunera omogu\u0107uje vam u\u017eivanje u televizijskom programu izravno na va\u0161em Toshiba All-in-One ra\u010dunalu. Uz njegove pouzdane performanse i jednostavnu instalaciju, mo\u017eete gledati i snimati svoje omiljene emisije uz prakti\u010dnost i fleksibilnost.<\/p>\n","protected":false},"featured_media":18580,"template":"","meta":[],"product_brand":[],"product_cat":[62],"product_tag":[69],"class_list":{"0":"post-18527","1":"product","2":"type-product","3":"status-publish","4":"has-post-thumbnail","6":"product_cat-motherboards-board-parts","7":"product_tag-toshiba","9":"first","10":"instock","11":"taxable","12":"shipping-taxable","13":"purchasable","14":"product-type-simple"},"_links":{"self":[{"href":"https:\/\/boreait.com\/hr\/wp-json\/wp\/v2\/product\/18527","targetHints":{"allow":["GET"]}}],"collection":[{"href":"https:\/\/boreait.com\/hr\/wp-json\/wp\/v2\/product"}],"about":[{"href":"https:\/\/boreait.com\/hr\/wp-json\/wp\/v2\/types\/product"}],"wp:featuredmedia":[{"embeddable":true,"href":"https:\/\/boreait.com\/hr\/wp-json\/wp\/v2\/media\/18580"}],"wp:attachment":[{"href":"https:\/\/boreait.com\/hr\/wp-json\/wp\/v2\/media?parent=18527"}],"wp:term":[{"taxonomy":"product_brand","embeddable":true,"href":"https:\/\/boreait.com\/hr\/wp-json\/wp\/v2\/product_brand?post=18527"},{"taxonomy":"product_cat","embeddable":true,"href":"https:\/\/boreait.com\/hr\/wp-json\/wp\/v2\/product_cat?post=18527"},{"taxonomy":"product_tag","embeddable":true,"href":"https:\/\/boreait.com\/hr\/wp-json\/wp\/v2\/product_tag?post=18527"}],"curies":[{"name":"wp","href":"https:\/\/api.w.org\/{rel}","templated":true}]}}