{"id":18512,"date":"2025-07-25T10:49:19","date_gmt":"2025-07-25T10:49:19","guid":{"rendered":"https:\/\/boreait.com\/hr\/?post_type=product&#038;p=18512"},"modified":"2025-07-25T10:50:29","modified_gmt":"2025-07-25T10:50:29","slug":"originalni-dell-latitude-5289-gornji-oslonac-za-ruku-w-touchpad-0fhvmh-a167qf-0tkv0y","status":"publish","type":"product","link":"https:\/\/boreait.com\/hr\/product\/originalni-dell-latitude-5289-gornji-oslonac-za-ruku-w-touchpad-0fhvmh-a167qf-0tkv0y\/","title":{"rendered":"Originalni Dell Latitude 5289 Gornji oslonac za ruku W TouchPad 0FHVMH A167QF 0TKV0Y"},"content":{"rendered":"<p>Do\u017eivite pobolj\u0161anu funkcionalnost i pobolj\u0161anu estetiku s originalnim naslonom za ruku Dell Latitude 5289 Top Case. Dizajnirana posebno za prijenosno ra\u010dunalo Dell Latitude 5289, ova zamjena za oslonac za dlan nudi savr\u0161eno pristajanje i kompatibilnost.<\/p>\n<p>Broj dijela: 0FHVMH, A167QF, 0TKV0Y,<\/p>\n<p>Naslonac za ruku Dell Latitude 5289 Top Case ima ugra\u0111enu podlogu osjetljivu na dodir, koja vam omogu\u0107uje jednostavno upravljanje prijenosnim ra\u010dunalom. Bilo da pretra\u017eujete web, radite na dokumentima ili komunicirate s aplikacijama, touchpad pru\u017ea besprijekornu metodu unosa koja brzo reagira.<\/p>\n<p>Zamjena gornjeg oslonca za ruku na va\u0161em Dell Latitude 5289 relativno je jednostavan postupak. Provjerite je li va\u0161e prijenosno ra\u010dunalo isklju\u010deno i odspojeno od bilo kojeg izvora napajanja. Pa\u017eljivo uklonite vijke koji pri\u010dvr\u0161\u0107uju postoje\u0107i sklop oslonca za ruku i podloge osjetljive na dodir. Odspojite sve kabele koji povezuju oslonac za ruku s mati\u010dnom plo\u010dom. Instalirajte novi Dell Latitude 5289 Top Case oslonac za ruku tako da ga ispravno poravnate s ku\u0107i\u0161tem prijenosnog ra\u010dunala i ponovno spojite sve potrebne kabele. Pri\u010dvrstite oslonac za ruku odgovaraju\u0107im vijcima i ponovno sastavite prijenosno ra\u010dunalo.<\/p>\n<p>Ulo\u017eite u originalni Dell Latitude 5289 Top Case oslonac za ruku kako biste zadr\u017eali funkcionalnost i estetiku svog prijenosnog ra\u010dunala. U\u017eivajte u glatkoj navigaciji i besprijekornom multitaskingu uz ugra\u0111eni touchpad. Vratite svom Dell Latitude 5289 puni potencijal pomo\u0107u ove visokokvalitetne zamjene za oslonac za dlan.<\/p>\n","protected":false},"excerpt":{"rendered":"<p>Nadogradite svoje prijenosno ra\u010dunalo Dell Latitude 5289 s originalnim naslonom za ruku Dell Latitude 5289 Top Case. Ovaj originalni Dell zamjenski dio uklju\u010duje ugra\u0111eni touchpad, pru\u017eaju\u0107i vam besprijekorno i prakti\u010dno iskustvo navigacije. Pobolj\u0161ajte funkcionalnost i estetiku svog prijenosnog ra\u010dunala s ovim visokokvalitetnim osloncem za dlan.<\/p>\n","protected":false},"featured_media":18565,"template":"","meta":[],"product_brand":[],"product_cat":[51],"product_tag":[52,60],"class_list":{"0":"post-18512","1":"product","2":"type-product","3":"status-publish","4":"has-post-thumbnail","6":"product_cat-laptop-housing","7":"product_tag-dell","8":"product_tag-hp","10":"first","11":"instock","12":"taxable","13":"shipping-taxable","14":"purchasable","15":"product-type-simple"},"_links":{"self":[{"href":"https:\/\/boreait.com\/hr\/wp-json\/wp\/v2\/product\/18512","targetHints":{"allow":["GET"]}}],"collection":[{"href":"https:\/\/boreait.com\/hr\/wp-json\/wp\/v2\/product"}],"about":[{"href":"https:\/\/boreait.com\/hr\/wp-json\/wp\/v2\/types\/product"}],"wp:featuredmedia":[{"embeddable":true,"href":"https:\/\/boreait.com\/hr\/wp-json\/wp\/v2\/media\/18565"}],"wp:attachment":[{"href":"https:\/\/boreait.com\/hr\/wp-json\/wp\/v2\/media?parent=18512"}],"wp:term":[{"taxonomy":"product_brand","embeddable":true,"href":"https:\/\/boreait.com\/hr\/wp-json\/wp\/v2\/product_brand?post=18512"},{"taxonomy":"product_cat","embeddable":true,"href":"https:\/\/boreait.com\/hr\/wp-json\/wp\/v2\/product_cat?post=18512"},{"taxonomy":"product_tag","embeddable":true,"href":"https:\/\/boreait.com\/hr\/wp-json\/wp\/v2\/product_tag?post=18512"}],"curies":[{"name":"wp","href":"https:\/\/api.w.org\/{rel}","templated":true}]}}