{"id":18463,"date":"2025-07-25T10:48:31","date_gmt":"2025-07-25T10:48:31","guid":{"rendered":"https:\/\/boreait.com\/hr\/?post_type=product&#038;p=18463"},"modified":"2025-07-25T10:49:23","modified_gmt":"2025-07-25T10:49:23","slug":"originalni-prijenosni-pogon-super-multi-dvd-rw-snimaca-guc0n-95-mm","status":"publish","type":"product","link":"https:\/\/boreait.com\/hr\/product\/originalni-prijenosni-pogon-super-multi-dvd-rw-snimaca-guc0n-95-mm\/","title":{"rendered":"Originalni prijenosni pogon Super Multi DVD-RW snima\u010da GUC0N 9,5 mm"},"content":{"rendered":"<p>Pobolj\u0161ajte mogu\u0107nosti opti\u010dkog pogona svog prijenosnog ra\u010dunala Lenovo G51-35 s originalnim prijenosnim Super Multi DVD-RW Burner pogonom GUC0N 9,5 mm. Ovaj originalni Lenovo zamjenski pogon dizajniran je za pru\u017eanje pouzdanih performansi i svestrane funkcionalnosti za va\u0161e medijske potrebe.<\/p>\n<p>Originalni Laptop Super Multi DVD-RW snima\u010d GUC0N vam omogu\u0107uje \u010ditanje i pisanje razli\u010ditih CD i DVD formata, uklju\u010duju\u0107i CD-R, CD-RW, DVD-R, DVD+R, DVD-RW i DVD+RW. Bilo da trebate izraditi sigurnosne kopije, snimiti glazbene ili video diskove ili instalirati softver, ovaj pogon nudi fleksibilnost kako bi zadovoljio va\u0161e zahtjeve.<\/p>\n<p>Uz velike brzine prijenosa podataka, mo\u017eete brzo \u010ditati i pisati podatke na diskove, \u0161tede\u0107i vrijeme i pove\u0107avaju\u0107i produktivnost. Originalni Laptop Super Multi DVD-RW Burner Drive GUC0N osigurava gladak rad diska i pouzdane performanse, omogu\u0107uju\u0107i vam da u\u017eivate u besprijekornoj reprodukciji medija i pristupu podacima.<\/p>\n<p>Instalacija originalnog Laptop Super Multi DVD-RW Burner Drive GUC0N je jednostavan postupak. Jednostavno uklonite postoje\u0107i opti\u010dki pogon iz prijenosnog ra\u010dunala Lenovo G51-35 i zamijenite ga novim pogonom, slijede\u0107i upute proizvo\u0111a\u010da. Va\u0161 operativni sustav trebao bi automatski prepoznati disk, omogu\u0107uju\u0107i vam da ga odmah po\u010dnete koristiti.<\/p>\n<p>Nadogradite opti\u010dki pogon prijenosnog ra\u010dunala Lenovo G51-35 s originalnim Laptop Super Multi DVD-RW snima\u010dem GUC0N i pro\u0161irite svoje medijske mogu\u0107nosti. Bilo da trebate snimati podatkovne diskove, stvarati glazbene ili video kompilacije ili jednostavno \u010ditati CD-ove i DVD-ove, ovaj pogon pru\u017ea pouzdane performanse i svestranost. Kupujte s nama sada i u\u017eivajte u prednostima nadogra\u0111enog opti\u010dkog pogona.<\/p>\n","protected":false},"excerpt":{"rendered":"<p>Nadogradite opti\u010dki pogon va\u0161eg prijenosnog ra\u010dunala Lenovo G51-35 s originalnim prijenosnim Super Multi DVD-RW snima\u010dem GUC0N. Ovaj originalni Lenovo zamjenski pogon omogu\u0107uje vam \u010ditanje i pisanje raznih CD i DVD formata, pru\u017eaju\u0107i raznoliku funkcionalnost za va\u0161e medijske potrebe. U\u017eivajte u pouzdanim performansama, velikim brzinama prijenosa podataka i mogu\u0107nosti snimanja diskova za sigurnosne kopije ili u svrhu zabave. Nadogradite svoj Lenovo G51-35 s originalnim prijenosnim Super Multi DVD-RW snima\u010dem GUC0N i pobolj\u0161ajte mogu\u0107nosti va\u0161eg opti\u010dkog pogona.<\/p>\n","protected":false},"featured_media":18516,"template":"","meta":[],"product_brand":[],"product_cat":[62],"product_tag":[61],"class_list":{"0":"post-18463","1":"product","2":"type-product","3":"status-publish","4":"has-post-thumbnail","6":"product_cat-motherboards-board-parts","7":"product_tag-lenovo","9":"first","10":"instock","11":"taxable","12":"shipping-taxable","13":"purchasable","14":"product-type-simple"},"_links":{"self":[{"href":"https:\/\/boreait.com\/hr\/wp-json\/wp\/v2\/product\/18463","targetHints":{"allow":["GET"]}}],"collection":[{"href":"https:\/\/boreait.com\/hr\/wp-json\/wp\/v2\/product"}],"about":[{"href":"https:\/\/boreait.com\/hr\/wp-json\/wp\/v2\/types\/product"}],"wp:featuredmedia":[{"embeddable":true,"href":"https:\/\/boreait.com\/hr\/wp-json\/wp\/v2\/media\/18516"}],"wp:attachment":[{"href":"https:\/\/boreait.com\/hr\/wp-json\/wp\/v2\/media?parent=18463"}],"wp:term":[{"taxonomy":"product_brand","embeddable":true,"href":"https:\/\/boreait.com\/hr\/wp-json\/wp\/v2\/product_brand?post=18463"},{"taxonomy":"product_cat","embeddable":true,"href":"https:\/\/boreait.com\/hr\/wp-json\/wp\/v2\/product_cat?post=18463"},{"taxonomy":"product_tag","embeddable":true,"href":"https:\/\/boreait.com\/hr\/wp-json\/wp\/v2\/product_tag?post=18463"}],"curies":[{"name":"wp","href":"https:\/\/api.w.org\/{rel}","templated":true}]}}