{"id":18459,"date":"2025-07-25T10:48:31","date_gmt":"2025-07-25T10:48:31","guid":{"rendered":"https:\/\/boreait.com\/hr\/?post_type=product&#038;p=18459"},"modified":"2025-07-25T10:49:06","modified_gmt":"2025-07-25T10:49:06","slug":"cn-rmjh3-za-dell-m6800-interni-zvucnik-zvucnik-0rmjh3-pk23000lw00-rmjh3","status":"publish","type":"product","link":"https:\/\/boreait.com\/hr\/product\/cn-rmjh3-za-dell-m6800-interni-zvucnik-zvucnik-0rmjh3-pk23000lw00-rmjh3\/","title":{"rendered":"CN-RMJH3 ZA Dell M6800 Interni zvu\u010dnik Zvu\u010dnik 0RMJH3 PK23000LW00 RMJH3"},"content":{"rendered":"<p>Pobolj\u0161ajte svoje multimedijsko i komunikacijsko iskustvo s CN-RMJH3 internim zvu\u010dnikom 0RMJH3 PK23000LW00 dizajniranim za prijenosna ra\u010dunala Dell M6800. Ovaj originalni Dell zamjenski dio osigurava savr\u0161eno pristajanje i vra\u0107a audio funkcionalnost va\u0161eg prijenosnog ra\u010dunala.<\/p>\n<p>S vremenom se unutarnji zvu\u010dnik na va\u0161em prijenosnom ra\u010dunalu Dell M6800 mo\u017ee istro\u0161iti, \u0161to \u0107e rezultirati izobli\u010denjem ili nikakvim audio izlazom. Ako ga zamijenite s CN-RMJH3 unutarnjim zvu\u010dnikom 0RMJH3 PK23000LW00, mo\u017eete u\u017eivati u \u010distoj i o\u0161troj kvaliteti zvuka za svoju glazbu, video zapise, igre i komunikacijske potrebe.<\/p>\n<p>Unutarnji zvu\u010dnik CN-RMJH3 0RMJH3 PK23000LW00 dolazi izravno iz Della, jam\u010de\u0107i kompatibilnost, pouzdanost i optimalne performanse. Izra\u0111en je od visokokvalitetnih komponenti za isporuku vrhunskog zvuka i osigurava dugotrajno audio rje\u0161enje za va\u0161e prijenosno ra\u010dunalo Dell M6800.<\/p>\n<p>Instaliranje CN-RMJH3 internog zvu\u010dnika 0RMJH3 PK23000LW00 je jednostavan postupak. Jednostavno uklonite stari zvu\u010dnik i zamijenite ga novim, slijede\u0107i upute proizvo\u0111a\u010da. To je isplativo rje\u0161enje koje vam omogu\u0107uje vra\u0107anje audio funkcionalnosti va\u0161eg Dell M6800 bez potrebe za potpunom zamjenom sustava.<\/p>\n<p>Nadogradite svoje prijenosno ra\u010dunalo Dell M6800 s CN-RMJH3 internim zvu\u010dnikom 0RMJH3 PK23000LW00 i u\u017eivajte u \u010distom i impresivnom zvuku. Bilo da slu\u0161ate glazbu, gledate filmove ili sudjelujete u videokonferencijama, ovaj \u0107e zamjenski zvu\u010dnik pobolj\u0161ati va\u0161e cjelokupno iskustvo. Kupujte s nama sada i pobolj\u0161ajte kvalitetu zvuka.<\/p>\n","protected":false},"excerpt":{"rendered":"<p>Zamijenite unutarnji zvu\u010dnik na prijenosnom ra\u010dunalu Dell M6800 s CN-RMJH3 unutarnjim zvu\u010dnikom 0RMJH3 PK23000LW00. Ovaj originalni Dell zamjenski dio osigurava savr\u0161eno pristajanje i vra\u0107a audio funkcionalnost va\u0161eg prijenosnog ra\u010dunala. U\u017eivajte u \u010distoj i \u010distoj kvaliteti zvuka za svoje multimedijske i komunikacijske potrebe. Kupujte sada i nadogradite svoj Dell M6800 s CN-RMJH3 internim zvu\u010dnikom.<\/p>\n","protected":false},"featured_media":18503,"template":"","meta":[],"product_brand":[],"product_cat":[53],"product_tag":[52],"class_list":{"0":"post-18459","1":"product","2":"type-product","3":"status-publish","4":"has-post-thumbnail","6":"product_cat-laptop-speakers","7":"product_tag-dell","9":"first","10":"instock","11":"taxable","12":"shipping-taxable","13":"purchasable","14":"product-type-simple"},"_links":{"self":[{"href":"https:\/\/boreait.com\/hr\/wp-json\/wp\/v2\/product\/18459","targetHints":{"allow":["GET"]}}],"collection":[{"href":"https:\/\/boreait.com\/hr\/wp-json\/wp\/v2\/product"}],"about":[{"href":"https:\/\/boreait.com\/hr\/wp-json\/wp\/v2\/types\/product"}],"wp:featuredmedia":[{"embeddable":true,"href":"https:\/\/boreait.com\/hr\/wp-json\/wp\/v2\/media\/18503"}],"wp:attachment":[{"href":"https:\/\/boreait.com\/hr\/wp-json\/wp\/v2\/media?parent=18459"}],"wp:term":[{"taxonomy":"product_brand","embeddable":true,"href":"https:\/\/boreait.com\/hr\/wp-json\/wp\/v2\/product_brand?post=18459"},{"taxonomy":"product_cat","embeddable":true,"href":"https:\/\/boreait.com\/hr\/wp-json\/wp\/v2\/product_cat?post=18459"},{"taxonomy":"product_tag","embeddable":true,"href":"https:\/\/boreait.com\/hr\/wp-json\/wp\/v2\/product_tag?post=18459"}],"curies":[{"name":"wp","href":"https:\/\/api.w.org\/{rel}","templated":true}]}}