{"id":18428,"date":"2025-07-25T10:48:05","date_gmt":"2025-07-25T10:48:05","guid":{"rendered":"https:\/\/boreait.com\/hr\/?post_type=product&#038;p=18428"},"modified":"2025-07-25T10:48:41","modified_gmt":"2025-07-25T10:48:41","slug":"gornje-kuciste-touchpada-s-osloncem-za-dlanove-ap0hi000611-od-acer-aspire-5750g","status":"publish","type":"product","link":"https:\/\/boreait.com\/hr\/product\/gornje-kuciste-touchpada-s-osloncem-za-dlanove-ap0hi000611-od-acer-aspire-5750g\/","title":{"rendered":"Gornje ku\u0107i\u0161te touchpada s osloncem za dlanove AP0HI000611 od Acer Aspire 5750G"},"content":{"rendered":"<div class=\"s-item__title\"><span role=\"heading\"><span role=\"heading\">Touchpad Acer 201007-282201<\/p>\n<p><\/span><\/span>Pobolj\u0161ajte funkcionalnost i izgled svog prijenosnog ra\u010dunala Acer Aspire 5750G s gornjim ku\u0107i\u0161tem AP0HI000611 naslona za dlanove s dodirnom podlogom. Ovaj originalni Acerov zamjenski dio dizajniran je kako bi savr\u0161eno odgovarao va\u0161em prijenosnom ra\u010dunalu i pru\u017eio besprijekoran do\u017eivljaj dodirne podloge. Tijekom vremena gornje ku\u0107i\u0161te podloge za oslonac za dlanove na va\u0161em prijenosnom ra\u010dunalu mo\u017ee se istro\u0161iti, izgrebati ili o\u0161tetiti, \u0161to utje\u010de i na funkcionalnost i na estetiku. Zamjenom gornjeg ku\u0107i\u0161ta gornjim ku\u0107i\u0161tem AP0HI000611 oslonca za dlanove s dodirnom podlogom, mo\u017eete vratiti nesmetan rad dodirne podloge i za\u0161tititi unutarnje komponente va\u0161eg Acer Aspire 5750G.<\/p>\n<p>Gornje ku\u0107i\u0161te AP0HI000611 naslona za dlanove s dodirnom podlogom dolazi izravno iz tvrtke Acer, osiguravaju\u0107i kompatibilnost, pouzdanost i optimalne performanse za va\u0161e prijenosno ra\u010dunalo. Izra\u0111en je od visokokvalitetnih materijala koji pru\u017eaju izdr\u017eljivost i vrhunski izgled i osje\u0107aj.<\/p>\n<p>Instaliranje gornjeg ku\u0107i\u0161ta AP0HI000611 oslonca za dlanove Touchpad-a jednostavan je postupak. Jednostavno uklonite staro gornje ku\u0107i\u0161te i zamijenite ga novim, osiguravaju\u0107i pravilno poravnanje i sigurno pri\u010dvr\u0161\u0107ivanje. To je isplativo rje\u0161enje koje vam omogu\u0107uje vra\u0107anje funkcionalnosti i estetike va\u0161eg prijenosnog ra\u010dunala bez potrebe za potpunom zamjenom sustava.<\/p>\n<p>U\u017eivajte u glatkom radu dodirne podloge i za\u0161titite unutarnje komponente svog Acer Aspire 5750G s AP0HI000611 gornjim ku\u0107i\u0161tem podloge za oslonac za dlanove. Dajte svom prijenosnom ra\u010dunalu obnovljeni izgled i dojam i iskusite prednosti originalnih Acerovih zamjenskih dijelova.<\/p>\n<\/div>\n","protected":false},"excerpt":{"rendered":"<p>Zamijenite gornje ku\u0107i\u0161te dodirne podloge oslonca za dlanove na svom prijenosnom ra\u010dunalu Acer Aspire 5750G s AP0HI000611 gornjim ku\u0107i\u0161tem dodirne podloge oslonca za dlanove. Ovaj originalni Acer zamjenski dio osigurava savr\u0161eno pristajanje i vra\u0107a funkcionalnost i estetiku va\u0161em prijenosnom ra\u010dunalu. U\u017eivajte u glatkom radu dodirne podloge i za\u0161titite unutarnje komponente svog Acer Aspire 5750G. Kupujte sada i poklonite svom prijenosnom ra\u010dunalu obnovljeno gornje ku\u0107i\u0161te s osloncem za dlanove s dodirnom podlogom.<\/p>\n","protected":false},"featured_media":18485,"template":"","meta":[],"product_brand":[],"product_cat":[51],"product_tag":[64,60],"class_list":{"0":"post-18428","1":"product","2":"type-product","3":"status-publish","4":"has-post-thumbnail","6":"product_cat-laptop-housing","7":"product_tag-acer","8":"product_tag-hp","10":"first","11":"instock","12":"taxable","13":"shipping-taxable","14":"purchasable","15":"product-type-simple"},"_links":{"self":[{"href":"https:\/\/boreait.com\/hr\/wp-json\/wp\/v2\/product\/18428","targetHints":{"allow":["GET"]}}],"collection":[{"href":"https:\/\/boreait.com\/hr\/wp-json\/wp\/v2\/product"}],"about":[{"href":"https:\/\/boreait.com\/hr\/wp-json\/wp\/v2\/types\/product"}],"wp:featuredmedia":[{"embeddable":true,"href":"https:\/\/boreait.com\/hr\/wp-json\/wp\/v2\/media\/18485"}],"wp:attachment":[{"href":"https:\/\/boreait.com\/hr\/wp-json\/wp\/v2\/media?parent=18428"}],"wp:term":[{"taxonomy":"product_brand","embeddable":true,"href":"https:\/\/boreait.com\/hr\/wp-json\/wp\/v2\/product_brand?post=18428"},{"taxonomy":"product_cat","embeddable":true,"href":"https:\/\/boreait.com\/hr\/wp-json\/wp\/v2\/product_cat?post=18428"},{"taxonomy":"product_tag","embeddable":true,"href":"https:\/\/boreait.com\/hr\/wp-json\/wp\/v2\/product_tag?post=18428"}],"curies":[{"name":"wp","href":"https:\/\/api.w.org\/{rel}","templated":true}]}}