{"id":18426,"date":"2025-07-25T10:48:05","date_gmt":"2025-07-25T10:48:05","guid":{"rendered":"https:\/\/boreait.com\/hr\/?post_type=product&#038;p=18426"},"modified":"2025-07-25T10:48:29","modified_gmt":"2025-07-25T10:48:29","slug":"poklopac-donje-baze-prijenosnog-racunala-lenovo-thinkpad-t460p-14-am10a000700","status":"publish","type":"product","link":"https:\/\/boreait.com\/hr\/product\/poklopac-donje-baze-prijenosnog-racunala-lenovo-thinkpad-t460p-14-am10a000700\/","title":{"rendered":"Poklopac donje baze prijenosnog ra\u010dunala Lenovo ThinkPad T460P 14&#8243; AM10A000700"},"content":{"rendered":"<p>Za\u0161titite i obnovite donji dio ku\u0107i\u0161ta va\u0161eg prijenosnog ra\u010dunala Lenovo ThinkPad T460P 14&#8243; AM10A000700 poklopcem donjeg ku\u0107i\u0161ta. Ovaj originalni Lenovo zamjenski dio dizajniran je kako bi savr\u0161eno odgovarao va\u0161em prijenosnom ra\u010dunalu i pru\u017eio pouzdanu za\u0161titu za unutarnje komponente.<\/p>\n<p>S vremenom se donji poklopac ku\u0107i\u0161ta va\u0161eg prijenosnog ra\u010dunala mo\u017ee izgrebati, napuknuti ili o\u0161tetiti, izla\u017eu\u0107i unutarnje komponente pra\u0161ini i potencijalnoj ozljedi. Zamjenom poklopca AM10A000700 poklopcem donjeg ku\u0107i\u0161ta, mo\u017eete vratiti integritet donjeg ku\u0107i\u0161ta prijenosnog ra\u010dunala i osigurati mu dugotrajnost.<\/p>\n<p>Poklopac ku\u0107i\u0161ta donje baze AM10A000700 dolazi izravno iz Lenova, osiguravaju\u0107i kompatibilnost, pouzdanost i savr\u0161eno pristajanje za va\u0161e prijenosno ra\u010dunalo ThinkPad T460P. Izra\u0111en je od visokokvalitetnih materijala koji osiguravaju izdr\u017eljivost i \u0161tite va\u0161e prijenosno ra\u010dunalo od svakodnevnog habanja.<\/p>\n<p>Instaliranje poklopca ku\u0107i\u0161ta donje baze AM10A000700 jednostavan je postupak. Jednostavno uklonite stari poklopac i zamijenite ga novim, osiguravaju\u0107i pravilno poravnanje i sigurno pri\u010dvr\u0161\u0107ivanje. To je isplativo rje\u0161enje koje vam omogu\u0107uje vra\u0107anje za\u0161tite i estetike va\u0161eg prijenosnog ra\u010dunala bez potrebe za potpunom zamjenom sustava.<\/p>\n<p>Za\u0161titite i obnovite svoje prijenosno ra\u010dunalo Lenovo ThinkPad T460P 14&#8243; s poklopcem donje baze ku\u0107i\u0161ta AM10A000700. Za\u0161titite svoje prijenosno ra\u010dunalo od pra\u0161ine i mogu\u0107ih o\u0161te\u0107enja i zadr\u017eite njegov elegantan izgled. Kupujte s nama sada i iskusite prednosti originalnih Lenovo zamjenskih dijelova.<\/p>\n","protected":false},"excerpt":{"rendered":"<p>Zamijenite donji poklopac ku\u0107i\u0161ta va\u0161eg prijenosnog ra\u010dunala Lenovo ThinkPad T460P 14&#8243; AM10A000700 poklopcem donjeg ku\u0107i\u0161ta. Ovaj originalni Lenovo zamjenski dio osigurava savr\u0161eno pristajanje i \u0161titi unutarnje komponente va\u0161eg prijenosnog ra\u010dunala. Vratite integritet donjeg ku\u0107i\u0161ta va\u0161eg prijenosnog ra\u010dunala i za\u0161titite ga od pra\u0161ine i o\u0161te\u0107enja. Kupujte sada i pru\u017eite svom Lenovo ThinkPad T460P za\u0161titu kakvu zaslu\u017euje.<\/p>\n","protected":false},"featured_media":18456,"template":"","meta":[],"product_brand":[],"product_cat":[51],"product_tag":[61],"class_list":{"0":"post-18426","1":"product","2":"type-product","3":"status-publish","4":"has-post-thumbnail","6":"product_cat-laptop-housing","7":"product_tag-lenovo","9":"first","10":"instock","11":"taxable","12":"shipping-taxable","13":"purchasable","14":"product-type-simple"},"_links":{"self":[{"href":"https:\/\/boreait.com\/hr\/wp-json\/wp\/v2\/product\/18426","targetHints":{"allow":["GET"]}}],"collection":[{"href":"https:\/\/boreait.com\/hr\/wp-json\/wp\/v2\/product"}],"about":[{"href":"https:\/\/boreait.com\/hr\/wp-json\/wp\/v2\/types\/product"}],"wp:featuredmedia":[{"embeddable":true,"href":"https:\/\/boreait.com\/hr\/wp-json\/wp\/v2\/media\/18456"}],"wp:attachment":[{"href":"https:\/\/boreait.com\/hr\/wp-json\/wp\/v2\/media?parent=18426"}],"wp:term":[{"taxonomy":"product_brand","embeddable":true,"href":"https:\/\/boreait.com\/hr\/wp-json\/wp\/v2\/product_brand?post=18426"},{"taxonomy":"product_cat","embeddable":true,"href":"https:\/\/boreait.com\/hr\/wp-json\/wp\/v2\/product_cat?post=18426"},{"taxonomy":"product_tag","embeddable":true,"href":"https:\/\/boreait.com\/hr\/wp-json\/wp\/v2\/product_tag?post=18426"}],"curies":[{"name":"wp","href":"https:\/\/api.w.org\/{rel}","templated":true}]}}